{"id":1038,"date":"2023-05-30T15:05:12","date_gmt":"2023-05-30T15:05:12","guid":{"rendered":"https:\/\/nj-maint.com\/gmao\/?page_id=1038"},"modified":"2023-05-30T15:05:14","modified_gmt":"2023-05-30T15:05:14","slug":"idiomas","status":"publish","type":"page","link":"https:\/\/nj-maint.com\/gmao\/pt\/idiomas\/","title":{"rendered":"Idiomas"},"content":{"rendered":"\n<p>NJ-Maintenance, sua solu\u00e7\u00e3o de software CMMS, \u00e9 especialmente projetada para se adaptar \u00e0s suas necessidades operacionais mais espec\u00edficas. Uma de suas caracter\u00edsticas mais distintivas \u00e9 o suporte multil\u00edngue.<\/p>\n\n\n\n<p>A diversidade lingu\u00edstica \u00e9 uma realidade inevit\u00e1vel nas empresas internacionais de hoje. \u00c9 por isso que projetamos o NJ-Maintenance para ser t\u00e3o diversificado quanto a sua equipe. Nosso software CMMS n\u00e3o s\u00f3 pode suportar quantos idiomas forem necess\u00e1rios, mas voc\u00ea tamb\u00e9m pode atribuir idiomas espec\u00edficos a usu\u00e1rios individuais. Essa flexibilidade garante que cada membro da sua equipe possa trabalhar no idioma em que se sente mais confort\u00e1vel, aumentando assim a efici\u00eancia e reduzindo erros de comunica\u00e7\u00e3o.<\/p>\n\n\n\n<p>Criar um novo idioma no sistema NJ-Maintenance \u00e9 muito f\u00e1cil. Com nossa interface intuitiva, voc\u00ea pode adicionar um novo idioma com apenas alguns cliques. Nossa equipe de suporte est\u00e1 sempre dispon\u00edvel para orient\u00e1-lo durante todo o processo, garantindo uma transi\u00e7\u00e3o suave para o seu novo ambiente lingu\u00edstico.<\/p>\n\n\n\n<p>Entendemos que cada empresa \u00e9 \u00fanica e tem necessidades diferentes. Se voc\u00ea \u00e9 uma pequena empresa local que precisa de dois idiomas ou uma multinacional que opera em dezenas de pa\u00edses, o NJ-Maintenance est\u00e1 aqui para ajud\u00e1-lo a simplificar a gest\u00e3o de manuten\u00e7\u00e3o.<\/p>\n\n\n\n<p>Ao escolher o NJ-Maintenance, voc\u00ea est\u00e1 optando por um software CMMS que valoriza a diversidade, incentiva a colabora\u00e7\u00e3o e promove a efici\u00eancia. Comece hoje mesmo a aproveitar nosso suporte multil\u00edngue e veja como ele pode transformar a forma como sua equipe gerencia a manuten\u00e7\u00e3o.<\/p>\n\n\n\n<p>Para obter mais informa\u00e7\u00f5es sobre nosso suporte multil\u00edngue e outras funcionalidades do NJ-Maintenance, n\u00e3o hesite em entrar em contato conosco. Estamos ansiosos para ajud\u00e1-lo a levar sua gest\u00e3o de manuten\u00e7\u00e3o para o pr\u00f3ximo n\u00edvel.<\/p>\n","protected":false},"excerpt":{"rendered":"<p>NJ-Maintenance, sua solu\u00e7\u00e3o de software CMMS, \u00e9 especialmente projetada para se adaptar \u00e0s suas necessidades operacionais mais espec\u00edficas. Uma de suas caracter\u00edsticas mais distintivas \u00e9 o suporte multil\u00edngue. A diversidade lingu\u00edstica \u00e9 uma realidade inevit\u00e1vel nas empresas internacionais de hoje. \u00c9 por isso que projetamos o NJ-Maintenance para ser t\u00e3o diversificado quanto a sua equipe. Nosso software CMMS n\u00e3o s\u00f3 pode suportar quantos idiomas forem necess\u00e1rios, mas voc\u00ea tamb\u00e9m pode atribuir idiomas espec\u00edficos a usu\u00e1rios individuais. Essa flexibilidade garante que cada membro da sua equipe possa trabalhar no idioma em que se sente mais confort\u00e1vel, aumentando assim a efici\u00eancia e reduzindo erros de comunica\u00e7\u00e3o. Criar um novo idioma no sistema NJ-Maintenance \u00e9 muito f\u00e1cil. Com nossa interface intuitiva, voc\u00ea pode adicionar um novo idioma com apenas alguns cliques. Nossa equipe de suporte est\u00e1 sempre dispon\u00edvel para orient\u00e1-lo durante todo o processo, garantindo uma transi\u00e7\u00e3o suave para o seu novo ambiente lingu\u00edstico. Entendemos que cada empresa \u00e9 \u00fanica e tem necessidades diferentes. Se voc\u00ea \u00e9 uma pequena empresa local que precisa de dois idiomas ou uma multinacional que opera em dezenas de pa\u00edses, o NJ-Maintenance est\u00e1 aqui para ajud\u00e1-lo a simplificar a gest\u00e3o de manuten\u00e7\u00e3o. Ao escolher o NJ-Maintenance, voc\u00ea est\u00e1 optando por um software CMMS que valoriza a diversidade, incentiva a colabora\u00e7\u00e3o e promove a efici\u00eancia. Comece hoje mesmo a aproveitar nosso suporte multil\u00edngue e veja como ele pode transformar a forma como sua equipe gerencia a manuten\u00e7\u00e3o. Para obter mais informa\u00e7\u00f5es sobre nosso suporte multil\u00edngue e outras funcionalidades do NJ-Maintenance, n\u00e3o hesite em entrar em contato conosco. Estamos ansiosos para ajud\u00e1-lo a levar sua gest\u00e3o de manuten\u00e7\u00e3o para o pr\u00f3ximo n\u00edvel.<\/p>\n","protected":false},"author":2,"featured_media":0,"parent":0,"menu_order":0,"comment_status":"closed","ping_status":"closed","template":"","meta":{"jetpack_post_was_ever_published":false,"footnotes":""},"class_list":["post-1038","page","type-page","status-publish","hentry"],"acf":[],"jetpack_sharing_enabled":true,"_links":{"self":[{"href":"https:\/\/nj-maint.com\/gmao\/wp-json\/wp\/v2\/pages\/1038","targetHints":{"allow":["GET"]}}],"collection":[{"href":"https:\/\/nj-maint.com\/gmao\/wp-json\/wp\/v2\/pages"}],"about":[{"href":"https:\/\/nj-maint.com\/gmao\/wp-json\/wp\/v2\/types\/page"}],"author":[{"embeddable":true,"href":"https:\/\/nj-maint.com\/gmao\/wp-json\/wp\/v2\/users\/2"}],"replies":[{"embeddable":true,"href":"https:\/\/nj-maint.com\/gmao\/wp-json\/wp\/v2\/comments?post=1038"}],"version-history":[{"count":1,"href":"https:\/\/nj-maint.com\/gmao\/wp-json\/wp\/v2\/pages\/1038\/revisions"}],"predecessor-version":[{"id":1039,"href":"https:\/\/nj-maint.com\/gmao\/wp-json\/wp\/v2\/pages\/1038\/revisions\/1039"}],"wp:attachment":[{"href":"https:\/\/nj-maint.com\/gmao\/wp-json\/wp\/v2\/media?parent=1038"}],"curies":[{"name":"wp","href":"https:\/\/api.w.org\/{rel}","templated":true}]}}