{"id":1049,"date":"2023-05-30T15:22:55","date_gmt":"2023-05-30T15:22:55","guid":{"rendered":"https:\/\/nj-maint.com\/gmao\/?page_id=1049"},"modified":"2025-01-25T01:51:21","modified_gmt":"2025-01-25T01:51:21","slug":"arquitetura-de-tecnologia-da-informacao","status":"publish","type":"page","link":"https:\/\/nj-maint.com\/gmao\/pt\/arquitetura-de-tecnologia-da-informacao\/","title":{"rendered":"Arquitetura"},"content":{"rendered":"\n<p>Para garantir uma solu\u00e7\u00e3o amig\u00e1vel e de f\u00e1cil acesso, na <strong>NJ-Maintenance<\/strong>, assumimos a gest\u00e3o completa da arquitetura de TI necess\u00e1ria para o bom funcionamento da nossa plataforma de CMMS. Essa abordagem libera os clientes das restri\u00e7\u00f5es t\u00e9cnicas, permitindo que eles se concentrem na otimiza\u00e7\u00e3o de suas atividades de manuten\u00e7\u00e3o sem se preocupar com a gest\u00e3o da infraestrutura.<\/p>\n\n\n\n<p>A solu\u00e7\u00e3o de CMMS da NJ-Maintenance \u00e9 baseada em uma tecnologia \u00ab\u00a0<strong>Full Web<\/strong>\u00ab\u00a0, tornando-a altamente acess\u00edvel e flex\u00edvel. Os clientes podem acessar seus dados diretamente pela Internet, sem a necessidade de instalar softwares em seus computadores. Isso elimina problemas de compatibilidade, reduz os prazos de instala\u00e7\u00e3o e simplifica a manuten\u00e7\u00e3o do sistema. A plataforma \u00e9 totalmente port\u00e1til e pode ser acessada de qualquer dispositivo conectado \u00e0 Internet, seja um computador de mesa, tablet ou smartphone, garantindo a continuidade das opera\u00e7\u00f5es, independentemente da localiza\u00e7\u00e3o.<\/p>\n\n\n\n<p>Essa portabilidade \u00e9 particularmente vantajosa para equipes que trabalham em ambientes din\u00e2micos ou em m\u00faltiplos locais. Seja para t\u00e9cnicos em campo ou gestores supervisionando opera\u00e7\u00f5es remotamente, a plataforma NJ-Maintenance garante <strong>acesso em tempo real aos dados e ferramentas cr\u00edticas<\/strong> necess\u00e1rias para realizar suas tarefas de forma eficiente.<\/p>\n\n\n\n<p>Para oferecer essa funcionalidade robusta, a NJ-Maintenance utiliza tecnologias avan\u00e7adas de Internet, como <strong>HTML5, JavaScript e Node.js<\/strong>, para criar uma interface de usu\u00e1rio responsiva e de alto desempenho. Essas tecnologias garantem que a plataforma permane\u00e7a r\u00e1pida, segura e compat\u00edvel com os padr\u00f5es modernos da web.<\/p>\n\n\n\n<p>Al\u00e9m das tecnologias de Internet, a NJ-Maintenance integra solu\u00e7\u00f5es <strong>Oracle<\/strong>, como Oracle Database, Oracle Client e Oracle Jet, para fornecer uma infraestrutura de backend poderosa e confi\u00e1vel. Essa combina\u00e7\u00e3o permite armazenar, gerenciar e recuperar grandes volumes de dados com seguran\u00e7a, mantendo desempenho e escalabilidade ideais.<\/p>\n\n\n\n<p>Gra\u00e7as ao uso dessas tecnologias avan\u00e7adas, a NJ-Maintenance oferece uma solu\u00e7\u00e3o que \u00e9 ao mesmo tempo tecnicamente sofisticada, intuitiva e acess\u00edvel. A integra\u00e7\u00e3o de ferramentas de desenvolvimento modernas garante que <strong>a plataforma permane\u00e7a duradoura, adapt\u00e1vel<\/strong> \u00e0s necessidades em constante evolu\u00e7\u00e3o e capaz de suportar opera\u00e7\u00f5es de pequena escala at\u00e9 estruturas organizacionais complexas e amplas.<\/p>\n\n\n\n<p>Esse compromisso com a excel\u00eancia tecnol\u00f3gica ilustra a miss\u00e3o da NJ-Maintenance: fornecer uma solu\u00e7\u00e3o de CMMS completa e centrada no usu\u00e1rio. Seja para gest\u00e3o imobili\u00e1ria, manuten\u00e7\u00e3o industrial ou outras aplica\u00e7\u00f5es, a <strong>NJ-Maintenance<\/strong> assegura que seus clientes disponham das ferramentas e do suporte necess\u00e1rios para ter <strong>sucesso em um ambiente competitivo e em constante transforma\u00e7\u00e3o<\/strong>.<\/p>\n","protected":false},"excerpt":{"rendered":"<p>Para garantir uma solu\u00e7\u00e3o amig\u00e1vel e de f\u00e1cil acesso, na NJ-Maintenance, assumimos a gest\u00e3o completa da arquitetura de TI necess\u00e1ria para o bom funcionamento da nossa plataforma de CMMS. Essa abordagem libera os clientes das restri\u00e7\u00f5es t\u00e9cnicas, permitindo que eles se concentrem na otimiza\u00e7\u00e3o de suas atividades de manuten\u00e7\u00e3o sem se preocupar com a gest\u00e3o da infraestrutura. A solu\u00e7\u00e3o de CMMS da NJ-Maintenance \u00e9 baseada em uma tecnologia \u00ab\u00a0Full Web\u00ab\u00a0, tornando-a altamente acess\u00edvel e flex\u00edvel. Os clientes podem acessar seus dados diretamente pela Internet, sem a necessidade de instalar softwares em seus computadores. Isso elimina problemas de compatibilidade, reduz os prazos de instala\u00e7\u00e3o e simplifica a manuten\u00e7\u00e3o do sistema. A plataforma \u00e9 totalmente port\u00e1til e pode ser acessada de qualquer dispositivo conectado \u00e0 Internet, seja um computador de mesa, tablet ou smartphone, garantindo a continuidade das opera\u00e7\u00f5es, independentemente da localiza\u00e7\u00e3o. Essa portabilidade \u00e9 particularmente vantajosa para equipes que trabalham em ambientes din\u00e2micos ou em m\u00faltiplos locais. Seja para t\u00e9cnicos em campo ou gestores supervisionando opera\u00e7\u00f5es remotamente, a plataforma NJ-Maintenance garante acesso em tempo real aos dados e ferramentas cr\u00edticas necess\u00e1rias para realizar suas tarefas de forma eficiente. Para oferecer essa funcionalidade robusta, a NJ-Maintenance utiliza tecnologias avan\u00e7adas de Internet, como HTML5, JavaScript e Node.js, para criar uma interface de usu\u00e1rio responsiva e de alto desempenho. Essas tecnologias garantem que a plataforma permane\u00e7a r\u00e1pida, segura e compat\u00edvel com os padr\u00f5es modernos da web. Al\u00e9m das tecnologias de Internet, a NJ-Maintenance integra solu\u00e7\u00f5es Oracle, como Oracle Database, Oracle Client e Oracle Jet, para fornecer uma infraestrutura de backend poderosa e confi\u00e1vel. Essa combina\u00e7\u00e3o permite armazenar, gerenciar e recuperar grandes volumes de dados com seguran\u00e7a, mantendo desempenho e escalabilidade ideais. Gra\u00e7as ao uso dessas tecnologias avan\u00e7adas, a NJ-Maintenance oferece uma solu\u00e7\u00e3o que \u00e9 ao mesmo tempo tecnicamente sofisticada, intuitiva e acess\u00edvel. A integra\u00e7\u00e3o de ferramentas de desenvolvimento modernas garante que a plataforma permane\u00e7a duradoura, adapt\u00e1vel \u00e0s necessidades em constante evolu\u00e7\u00e3o e capaz de suportar opera\u00e7\u00f5es de pequena escala at\u00e9 estruturas organizacionais complexas e amplas. Esse compromisso com a excel\u00eancia tecnol\u00f3gica ilustra a miss\u00e3o da NJ-Maintenance: fornecer uma solu\u00e7\u00e3o de CMMS completa e centrada no usu\u00e1rio. Seja para gest\u00e3o imobili\u00e1ria, manuten\u00e7\u00e3o industrial ou outras aplica\u00e7\u00f5es, a NJ-Maintenance assegura que seus clientes disponham das ferramentas e do suporte necess\u00e1rios para ter sucesso em um ambiente competitivo e em constante transforma\u00e7\u00e3o.<\/p>\n","protected":false},"author":2,"featured_media":0,"parent":0,"menu_order":0,"comment_status":"closed","ping_status":"closed","template":"","meta":{"jetpack_post_was_ever_published":false,"footnotes":""},"class_list":["post-1049","page","type-page","status-publish","hentry"],"acf":[],"jetpack_sharing_enabled":true,"_links":{"self":[{"href":"https:\/\/nj-maint.com\/gmao\/wp-json\/wp\/v2\/pages\/1049","targetHints":{"allow":["GET"]}}],"collection":[{"href":"https:\/\/nj-maint.com\/gmao\/wp-json\/wp\/v2\/pages"}],"about":[{"href":"https:\/\/nj-maint.com\/gmao\/wp-json\/wp\/v2\/types\/page"}],"author":[{"embeddable":true,"href":"https:\/\/nj-maint.com\/gmao\/wp-json\/wp\/v2\/users\/2"}],"replies":[{"embeddable":true,"href":"https:\/\/nj-maint.com\/gmao\/wp-json\/wp\/v2\/comments?post=1049"}],"version-history":[{"count":4,"href":"https:\/\/nj-maint.com\/gmao\/wp-json\/wp\/v2\/pages\/1049\/revisions"}],"predecessor-version":[{"id":1354,"href":"https:\/\/nj-maint.com\/gmao\/wp-json\/wp\/v2\/pages\/1049\/revisions\/1354"}],"wp:attachment":[{"href":"https:\/\/nj-maint.com\/gmao\/wp-json\/wp\/v2\/media?parent=1049"}],"curies":[{"name":"wp","href":"https:\/\/api.w.org\/{rel}","templated":true}]}}