{"id":1053,"date":"2023-05-30T15:26:56","date_gmt":"2023-05-30T15:26:56","guid":{"rendered":"https:\/\/nj-maint.com\/gmao\/?page_id=1053"},"modified":"2023-05-30T15:26:58","modified_gmt":"2023-05-30T15:26:58","slug":"nj-manutencao","status":"publish","type":"page","link":"https:\/\/nj-maint.com\/gmao\/pt\/nj-manutencao\/","title":{"rendered":"NJ-Manuten\u00e7\u00e3o"},"content":{"rendered":"\n<p>NJ-Manuten\u00e7\u00e3o \u00e9 uma solu\u00e7\u00e3o moderna e abrangente de GMAO (Gest\u00e3o da Manuten\u00e7\u00e3o Assistida por Computador), desenvolvida para a internet com as tecnologias da internet, segura, altamente configur\u00e1vel e altamente eficiente.<\/p>\n\n\n\n<p>NJ-Manuten\u00e7\u00e3o \u00e9 uma solu\u00e7\u00e3o multil\u00edngue, multiusu\u00e1rio, multimoeda, multisite e multizona de manuten\u00e7\u00e3o. Os acessos s\u00e3o seguros e cada usu\u00e1rio tem acesso apenas \u00e0s informa\u00e7\u00f5es e funcionalidades espec\u00edficas do seu perfil.<\/p>\n\n\n\n<p>Pode ser utilizada tanto para gerenciar alguns equipamentos como para grandes corpora\u00e7\u00f5es com v\u00e1rias unidades.<\/p>\n\n\n\n<p>NJ-Manuten\u00e7\u00e3o utiliza um conjunto de dados de refer\u00eancia e prefer\u00eancias por usu\u00e1rio que podem ser modificados e adaptados a qualquer momento para corresponder \u00e0 cultura da empresa e \u00e0s especificidades de cada unidade.<\/p>\n\n\n\n<p>As principais funcionalidades s\u00e3o:<\/p>\n\n\n\n<ul class=\"wp-block-list\">\n<li>Indicadores de desempenho e painel de controle<\/li>\n\n\n\n<li>Planejamento de funcion\u00e1rios, tarefas, atividades, plant\u00f5es<\/li>\n\n\n\n<li>Solicita\u00e7\u00f5es de interven\u00e7\u00e3o<\/li>\n\n\n\n<li>Ordens de servi\u00e7o<\/li>\n\n\n\n<li>Programas de manuten\u00e7\u00e3o, ordens de servi\u00e7o preventivas<\/li>\n\n\n\n<li>Rotas de manuten\u00e7\u00e3o<\/li>\n\n\n\n<li>Locais e equipamentos<\/li>\n\n\n\n<li>Mapeamento, redes e informa\u00e7\u00f5es de GPS<\/li>\n\n\n\n<li>Contadores, manuten\u00e7\u00f5es condicionais ou preditivas<\/li>\n\n\n\n<li>Gerenciamento de invent\u00e1rio de pe\u00e7as<\/li>\n\n\n\n<li>Uso de invent\u00e1rio, sa\u00edda, devolu\u00e7\u00f5es, invent\u00e1rio f\u00edsico, etc.<\/li>\n\n\n\n<li>Folhas de tempo<\/li>\n\n\n\n<li>Acompanhamento de custos (pe\u00e7as, tempo, despesas)<\/li>\n\n\n\n<li>Gerenciamento de cota\u00e7\u00f5es de manuten\u00e7\u00e3o<\/li>\n\n\n\n<li>Gerenciamento de projetos<\/li>\n\n\n\n<li>Clientes e fornecedores<\/li>\n\n\n\n<li>Empresas, ag\u00eancias, grupos de gerenciamento<\/li>\n\n\n\n<li>Funcion\u00e1rios, taxas hor\u00e1rias, qualifica\u00e7\u00f5es<\/li>\n\n\n\n<li>E-mails autom\u00e1ticos<\/li>\n\n\n\n<li>Importa\u00e7\u00e3o e exporta\u00e7\u00e3o de dados<\/li>\n\n\n\n<li>Gerenciamento de seguran\u00e7a, fun\u00e7\u00f5es e acesso a dados<\/li>\n\n\n\n<li>Gerenciamento de arquivos, documentos e fotos<\/li>\n<\/ul>\n","protected":false},"excerpt":{"rendered":"<p>NJ-Manuten\u00e7\u00e3o \u00e9 uma solu\u00e7\u00e3o moderna e abrangente de GMAO (Gest\u00e3o da Manuten\u00e7\u00e3o Assistida por Computador), desenvolvida para a internet com as tecnologias da internet, segura, altamente configur\u00e1vel e altamente eficiente. NJ-Manuten\u00e7\u00e3o \u00e9 uma solu\u00e7\u00e3o multil\u00edngue, multiusu\u00e1rio, multimoeda, multisite e multizona de manuten\u00e7\u00e3o. Os acessos s\u00e3o seguros e cada usu\u00e1rio tem acesso apenas \u00e0s informa\u00e7\u00f5es e funcionalidades espec\u00edficas do seu perfil. Pode ser utilizada tanto para gerenciar alguns equipamentos como para grandes corpora\u00e7\u00f5es com v\u00e1rias unidades. NJ-Manuten\u00e7\u00e3o utiliza um conjunto de dados de refer\u00eancia e prefer\u00eancias por usu\u00e1rio que podem ser modificados e adaptados a qualquer momento para corresponder \u00e0 cultura da empresa e \u00e0s especificidades de cada unidade. As principais funcionalidades s\u00e3o:<\/p>\n","protected":false},"author":2,"featured_media":0,"parent":0,"menu_order":0,"comment_status":"closed","ping_status":"closed","template":"","meta":{"jetpack_post_was_ever_published":false,"footnotes":""},"class_list":["post-1053","page","type-page","status-publish","hentry"],"acf":[],"jetpack_sharing_enabled":true,"_links":{"self":[{"href":"https:\/\/nj-maint.com\/gmao\/wp-json\/wp\/v2\/pages\/1053","targetHints":{"allow":["GET"]}}],"collection":[{"href":"https:\/\/nj-maint.com\/gmao\/wp-json\/wp\/v2\/pages"}],"about":[{"href":"https:\/\/nj-maint.com\/gmao\/wp-json\/wp\/v2\/types\/page"}],"author":[{"embeddable":true,"href":"https:\/\/nj-maint.com\/gmao\/wp-json\/wp\/v2\/users\/2"}],"replies":[{"embeddable":true,"href":"https:\/\/nj-maint.com\/gmao\/wp-json\/wp\/v2\/comments?post=1053"}],"version-history":[{"count":1,"href":"https:\/\/nj-maint.com\/gmao\/wp-json\/wp\/v2\/pages\/1053\/revisions"}],"predecessor-version":[{"id":1055,"href":"https:\/\/nj-maint.com\/gmao\/wp-json\/wp\/v2\/pages\/1053\/revisions\/1055"}],"wp:attachment":[{"href":"https:\/\/nj-maint.com\/gmao\/wp-json\/wp\/v2\/media?parent=1053"}],"curies":[{"name":"wp","href":"https:\/\/api.w.org\/{rel}","templated":true}]}}