{"id":1057,"date":"2023-05-30T15:34:02","date_gmt":"2023-05-30T15:34:02","guid":{"rendered":"https:\/\/nj-maint.com\/gmao\/?page_id=1057"},"modified":"2025-01-27T16:21:57","modified_gmt":"2025-01-27T16:21:57","slug":"nj-leve","status":"publish","type":"page","link":"https:\/\/nj-maint.com\/gmao\/pt\/nj-leve\/","title":{"rendered":"NJ-Leve"},"content":{"rendered":"\n<p><strong>NJ-Leve<\/strong> \u00e9 um <strong>portal Web<\/strong> leve e totalmente configur\u00e1vel que permite compartilhar informa\u00e7\u00f5es com clientes, fornecedores ou qualquer outra parte interessada.<\/p>\n\n\n\n<p><strong>NJ-Leve<\/strong> permite, por exemplo, criar e acompanhar solicita\u00e7\u00f5es de interven\u00e7\u00e3o, acompanhar todas as interven\u00e7\u00f5es, fazer leituras de contadores, divulgar informa\u00e7\u00f5es sobre equipamentos ou custos operacionais, publicar relat\u00f3rios de interven\u00e7\u00e3o, compilar dados de gest\u00e3o ou indicadores de desempenho.<\/p>\n\n\n\n<p><strong>Todas as informa\u00e7\u00f5es dispon\u00edveis no banco de dados<\/strong> podem ser utilizadas para fornecer informa\u00e7\u00f5es \u00e0s partes interessadas adequadas em um portal <strong>NJ-Leve.<\/strong><\/p>\n\n\n\n<p>Abaixo est\u00e1 uma lista n\u00e3o exaustiva de fun\u00e7\u00f5es poss\u00edveis e dos tipos de informa\u00e7\u00f5es que podem ser compartilhadas com clientes, fornecedores ou quaisquer partes interessadas internas ou externas \u00e0 organiza\u00e7\u00e3o:<\/p>\n\n\n\n<ul class=\"wp-block-list\">\n<li>Compartilhamento de informa\u00e7\u00f5es e documentos<\/li>\n\n\n\n<li>Cria\u00e7\u00e3o e acompanhamento de solicita\u00e7\u00f5es de interven\u00e7\u00e3o<\/li>\n\n\n\n<li>Monitoramento de todas as interven\u00e7\u00f5es<\/li>\n\n\n\n<li>Or\u00e7amentos<\/li>\n\n\n\n<li>Leituras de medidores<\/li>\n\n\n\n<li>Distribui\u00e7\u00e3o de informa\u00e7\u00f5es sobre ativos ou custos operacionais<\/li>\n\n\n\n<li>Folhas de ponto<\/li>\n\n\n\n<li>Publica\u00e7\u00e3o de relat\u00f3rios de interven\u00e7\u00e3o<\/li>\n\n\n\n<li>Relat\u00f3rios de despesas<\/li>\n\n\n\n<li>Compila\u00e7\u00e3o, c\u00e1lculo e an\u00e1lise de dados de gest\u00e3o<\/li>\n\n\n\n<li>Indicadores de desempenho<\/li>\n\n\n\n<li>Compartilhamento de informa\u00e7\u00f5es e documentos.<\/li>\n<\/ul>\n\n\n\n<p>O <strong>NJ-Leve<\/strong> tamb\u00e9m permite o desenvolvimento de m\u00faltiplos portais com configura\u00e7\u00f5es diferentes e independentes, adaptados ao tipo de stakeholder.<\/p>\n\n\n\n<p>N\u00e3o h\u00e1 limite para o n\u00famero de usu\u00e1rios que podem se conectar e interagir por meio dos portais do <strong>NJ-Leve<\/strong>.<\/p>\n","protected":false},"excerpt":{"rendered":"<p>NJ-Leve \u00e9 um portal Web leve e totalmente configur\u00e1vel que permite compartilhar informa\u00e7\u00f5es com clientes, fornecedores ou qualquer outra parte interessada. NJ-Leve permite, por exemplo, criar e acompanhar solicita\u00e7\u00f5es de interven\u00e7\u00e3o, acompanhar todas as interven\u00e7\u00f5es, fazer leituras de contadores, divulgar informa\u00e7\u00f5es sobre equipamentos ou custos operacionais, publicar relat\u00f3rios de interven\u00e7\u00e3o, compilar dados de gest\u00e3o ou indicadores de desempenho. Todas as informa\u00e7\u00f5es dispon\u00edveis no banco de dados podem ser utilizadas para fornecer informa\u00e7\u00f5es \u00e0s partes interessadas adequadas em um portal NJ-Leve. Abaixo est\u00e1 uma lista n\u00e3o exaustiva de fun\u00e7\u00f5es poss\u00edveis e dos tipos de informa\u00e7\u00f5es que podem ser compartilhadas com clientes, fornecedores ou quaisquer partes interessadas internas ou externas \u00e0 organiza\u00e7\u00e3o: O NJ-Leve tamb\u00e9m permite o desenvolvimento de m\u00faltiplos portais com configura\u00e7\u00f5es diferentes e independentes, adaptados ao tipo de stakeholder. N\u00e3o h\u00e1 limite para o n\u00famero de usu\u00e1rios que podem se conectar e interagir por meio dos portais do NJ-Leve.<\/p>\n","protected":false},"author":2,"featured_media":0,"parent":0,"menu_order":0,"comment_status":"closed","ping_status":"closed","template":"","meta":{"jetpack_post_was_ever_published":false,"footnotes":""},"class_list":["post-1057","page","type-page","status-publish","hentry"],"acf":[],"jetpack_sharing_enabled":true,"_links":{"self":[{"href":"https:\/\/nj-maint.com\/gmao\/wp-json\/wp\/v2\/pages\/1057","targetHints":{"allow":["GET"]}}],"collection":[{"href":"https:\/\/nj-maint.com\/gmao\/wp-json\/wp\/v2\/pages"}],"about":[{"href":"https:\/\/nj-maint.com\/gmao\/wp-json\/wp\/v2\/types\/page"}],"author":[{"embeddable":true,"href":"https:\/\/nj-maint.com\/gmao\/wp-json\/wp\/v2\/users\/2"}],"replies":[{"embeddable":true,"href":"https:\/\/nj-maint.com\/gmao\/wp-json\/wp\/v2\/comments?post=1057"}],"version-history":[{"count":2,"href":"https:\/\/nj-maint.com\/gmao\/wp-json\/wp\/v2\/pages\/1057\/revisions"}],"predecessor-version":[{"id":1372,"href":"https:\/\/nj-maint.com\/gmao\/wp-json\/wp\/v2\/pages\/1057\/revisions\/1372"}],"wp:attachment":[{"href":"https:\/\/nj-maint.com\/gmao\/wp-json\/wp\/v2\/media?parent=1057"}],"curies":[{"name":"wp","href":"https:\/\/api.w.org\/{rel}","templated":true}]}}