{"id":1074,"date":"2023-05-30T18:55:50","date_gmt":"2023-05-30T18:55:50","guid":{"rendered":"https:\/\/nj-maint.com\/gmao\/?page_id=1074"},"modified":"2025-01-25T01:53:00","modified_gmt":"2025-01-25T01:53:00","slug":"arquitectura-informatica","status":"publish","type":"page","link":"https:\/\/nj-maint.com\/gmao\/es\/arquitectura-informatica\/","title":{"rendered":"Arquitectura"},"content":{"rendered":"\n<p>Para garantizar una soluci\u00f3n amigable y de f\u00e1cil acceso, en <strong>NJ-Maintenance<\/strong>, asumimos la gesti\u00f3n completa de la arquitectura de TI necesaria para el buen funcionamiento de nuestra plataforma de GMAO. Este enfoque libera a los clientes de las restricciones t\u00e9cnicas, permiti\u00e9ndoles concentrarse en la optimizaci\u00f3n de sus actividades de mantenimiento sin preocuparse por la gesti\u00f3n de la infraestructura.<\/p>\n\n\n\n<p>La soluci\u00f3n de GMAO de NJ-Maintenance est\u00e1 basada en tecnolog\u00eda \u00ab\u00a0<strong>Full Web<\/strong>\u00ab\u00a0, lo que la hace altamente accesible y flexible. Los clientes pueden acceder a sus datos directamente a trav\u00e9s de Internet, sin necesidad de instalar software en sus computadoras. Esto elimina problemas de compatibilidad, reduce los tiempos de instalaci\u00f3n y simplifica el mantenimiento del sistema. La plataforma es completamente port\u00e1til y accesible desde cualquier dispositivo conectado a Internet, ya sea una computadora de escritorio, una tableta o un smartphone, asegurando la continuidad de las operaciones, independientemente de la ubicaci\u00f3n.<\/p>\n\n\n\n<p>Esta portabilidad es particularmente ventajosa para equipos que trabajan en entornos din\u00e1micos o en m\u00faltiples ubicaciones. Ya sea para t\u00e9cnicos en el campo o para gerentes supervisando operaciones de forma remota, la plataforma NJ-Maintenance garantiza <strong>acceso en tiempo real a los datos y herramientas cr\u00edticas<\/strong> necesarias para realizar sus tareas de manera eficiente.<\/p>\n\n\n\n<p>Para ofrecer esta funcionalidad robusta, NJ-Maintenance utiliza tecnolog\u00edas avanzadas de Internet, como <strong>HTML5, JavaScript y Node.js<\/strong>, para crear una interfaz de usuario sensible y de alto rendimiento. Estas tecnolog\u00edas aseguran que la plataforma siga siendo r\u00e1pida, segura y compatible con los est\u00e1ndares modernos de la web.<\/p>\n\n\n\n<p>Adem\u00e1s de las tecnolog\u00edas de Internet, NJ-Maintenance integra soluciones de <strong>Oracle<\/strong>, como Oracle Database, Oracle Client y Oracle Jet, para proporcionar una infraestructura de backend potente y confiable. Esta combinaci\u00f3n permite almacenar, gestionar y recuperar grandes vol\u00famenes de datos de manera segura, manteniendo un rendimiento y escalabilidad \u00f3ptimos.<\/p>\n\n\n\n<p>Gracias al uso de estas tecnolog\u00edas avanzadas, NJ-Maintenance ofrece una soluci\u00f3n que es a la vez t\u00e9cnicamente sofisticada, intuitiva y accesible. La integraci\u00f3n de herramientas de desarrollo modernas garantiza que <strong>la plataforma siga siendo duradera, adaptable<\/strong> a las necesidades en constante evoluci\u00f3n y capaz de soportar operaciones de peque\u00f1a escala hasta estructuras organizacionales complejas y extensas.<\/p>\n\n\n\n<p>Este compromiso con la excelencia tecnol\u00f3gica ilustra la misi\u00f3n de NJ-Maintenance: ofrecer una soluci\u00f3n de GMAO completa y centrada en el usuario. Ya sea para gesti\u00f3n inmobiliaria, mantenimiento industrial o otras aplicaciones, <strong>NJ-Maintenance<\/strong> asegura que sus clientes dispongan de las herramientas y el soporte necesarios para <strong>tener \u00e9xito en un entorno competitivo y en constante transformaci\u00f3n<\/strong>.<\/p>\n","protected":false},"excerpt":{"rendered":"<p>Para garantizar una soluci\u00f3n amigable y de f\u00e1cil acceso, en NJ-Maintenance, asumimos la gesti\u00f3n completa de la arquitectura de TI necesaria para el buen funcionamiento de nuestra plataforma de GMAO. Este enfoque libera a los clientes de las restricciones t\u00e9cnicas, permiti\u00e9ndoles concentrarse en la optimizaci\u00f3n de sus actividades de mantenimiento sin preocuparse por la gesti\u00f3n de la infraestructura. La soluci\u00f3n de GMAO de NJ-Maintenance est\u00e1 basada en tecnolog\u00eda \u00ab\u00a0Full Web\u00ab\u00a0, lo que la hace altamente accesible y flexible. Los clientes pueden acceder a sus datos directamente a trav\u00e9s de Internet, sin necesidad de instalar software en sus computadoras. Esto elimina problemas de compatibilidad, reduce los tiempos de instalaci\u00f3n y simplifica el mantenimiento del sistema. La plataforma es completamente port\u00e1til y accesible desde cualquier dispositivo conectado a Internet, ya sea una computadora de escritorio, una tableta o un smartphone, asegurando la continuidad de las operaciones, independientemente de la ubicaci\u00f3n. Esta portabilidad es particularmente ventajosa para equipos que trabajan en entornos din\u00e1micos o en m\u00faltiples ubicaciones. Ya sea para t\u00e9cnicos en el campo o para gerentes supervisando operaciones de forma remota, la plataforma NJ-Maintenance garantiza acceso en tiempo real a los datos y herramientas cr\u00edticas necesarias para realizar sus tareas de manera eficiente. Para ofrecer esta funcionalidad robusta, NJ-Maintenance utiliza tecnolog\u00edas avanzadas de Internet, como HTML5, JavaScript y Node.js, para crear una interfaz de usuario sensible y de alto rendimiento. Estas tecnolog\u00edas aseguran que la plataforma siga siendo r\u00e1pida, segura y compatible con los est\u00e1ndares modernos de la web. Adem\u00e1s de las tecnolog\u00edas de Internet, NJ-Maintenance integra soluciones de Oracle, como Oracle Database, Oracle Client y Oracle Jet, para proporcionar una infraestructura de backend potente y confiable. Esta combinaci\u00f3n permite almacenar, gestionar y recuperar grandes vol\u00famenes de datos de manera segura, manteniendo un rendimiento y escalabilidad \u00f3ptimos. Gracias al uso de estas tecnolog\u00edas avanzadas, NJ-Maintenance ofrece una soluci\u00f3n que es a la vez t\u00e9cnicamente sofisticada, intuitiva y accesible. La integraci\u00f3n de herramientas de desarrollo modernas garantiza que la plataforma siga siendo duradera, adaptable a las necesidades en constante evoluci\u00f3n y capaz de soportar operaciones de peque\u00f1a escala hasta estructuras organizacionales complejas y extensas. Este compromiso con la excelencia tecnol\u00f3gica ilustra la misi\u00f3n de NJ-Maintenance: ofrecer una soluci\u00f3n de GMAO completa y centrada en el usuario. Ya sea para gesti\u00f3n inmobiliaria, mantenimiento industrial o otras aplicaciones, NJ-Maintenance asegura que sus clientes dispongan de las herramientas y el soporte necesarios para tener \u00e9xito en un entorno competitivo y en constante transformaci\u00f3n.<\/p>\n","protected":false},"author":2,"featured_media":0,"parent":0,"menu_order":0,"comment_status":"closed","ping_status":"closed","template":"","meta":{"jetpack_post_was_ever_published":false,"footnotes":""},"class_list":["post-1074","page","type-page","status-publish","hentry"],"acf":[],"jetpack_sharing_enabled":true,"_links":{"self":[{"href":"https:\/\/nj-maint.com\/gmao\/wp-json\/wp\/v2\/pages\/1074","targetHints":{"allow":["GET"]}}],"collection":[{"href":"https:\/\/nj-maint.com\/gmao\/wp-json\/wp\/v2\/pages"}],"about":[{"href":"https:\/\/nj-maint.com\/gmao\/wp-json\/wp\/v2\/types\/page"}],"author":[{"embeddable":true,"href":"https:\/\/nj-maint.com\/gmao\/wp-json\/wp\/v2\/users\/2"}],"replies":[{"embeddable":true,"href":"https:\/\/nj-maint.com\/gmao\/wp-json\/wp\/v2\/comments?post=1074"}],"version-history":[{"count":4,"href":"https:\/\/nj-maint.com\/gmao\/wp-json\/wp\/v2\/pages\/1074\/revisions"}],"predecessor-version":[{"id":1356,"href":"https:\/\/nj-maint.com\/gmao\/wp-json\/wp\/v2\/pages\/1074\/revisions\/1356"}],"wp:attachment":[{"href":"https:\/\/nj-maint.com\/gmao\/wp-json\/wp\/v2\/media?parent=1074"}],"curies":[{"name":"wp","href":"https:\/\/api.w.org\/{rel}","templated":true}]}}