{"id":1078,"date":"2023-05-30T19:05:22","date_gmt":"2023-05-30T19:05:22","guid":{"rendered":"https:\/\/nj-maint.com\/gmao\/?page_id=1078"},"modified":"2023-05-30T19:05:24","modified_gmt":"2023-05-30T19:05:24","slug":"idiomas-2","status":"publish","type":"page","link":"https:\/\/nj-maint.com\/gmao\/es\/idiomas-2\/","title":{"rendered":"Idiomas"},"content":{"rendered":"\n<p>NJ-Mantenimiento, su soluci\u00f3n de software de GMAO, est\u00e1 especialmente dise\u00f1ada para adaptarse a sus necesidades operativas m\u00e1s espec\u00edficas. Una de sus caracter\u00edsticas m\u00e1s distintivas es su soporte multiling\u00fce.<\/p>\n\n\n\n<p>La diversidad ling\u00fc\u00edstica es una realidad inevitable en las empresas internacionales de hoy en d\u00eda. Es por eso que hemos dise\u00f1ado NJ-Mantenimiento para ser tan diverso como su equipo. No solo nuestro software de GMAO puede admitir tantos idiomas como sea necesario, sino que tambi\u00e9n puede asignar idiomas espec\u00edficos a usuarios individuales. Esta flexibilidad garantiza que cada miembro de su equipo pueda trabajar en el idioma que mejor domina, aumentando as\u00ed la eficiencia y reduciendo errores de comunicaci\u00f3n.<\/p>\n\n\n\n<p>Crear un nuevo idioma en el sistema de NJ-Mantenimiento es muy sencillo. Con nuestra interfaz intuitiva, puede agregar un nuevo idioma en solo unos clics. Nuestro equipo de asistencia siempre est\u00e1 disponible para guiarlo a lo largo del proceso, garantizando una transici\u00f3n fluida hacia su nuevo entorno ling\u00fc\u00edstico.<\/p>\n\n\n\n<p>Entendemos que cada empresa es \u00fanica y tiene diferentes necesidades. Ya sea que sea una peque\u00f1a empresa local que necesite dos idiomas o una multinacional que opere en docenas de pa\u00edses, NJ-Mantenimiento est\u00e1 aqu\u00ed para ayudarlo a simplificar la gesti\u00f3n de mantenimiento.<\/p>\n\n\n\n<p>Al elegir NJ-Mantenimiento, opta por un software de GMAO que valora la diversidad, fomenta la colaboraci\u00f3n y promueve la eficiencia. Comience hoy mismo a aprovechar nuestro soporte multiling\u00fce y observe c\u00f3mo puede transformar la forma en que su equipo gestiona el mantenimiento.<\/p>\n\n\n\n<p>Para obtener m\u00e1s informaci\u00f3n sobre nuestro soporte multiling\u00fce y otras caracter\u00edsticas de NJ-Mantenimiento, no dude en ponerse en contacto con nosotros. Estamos ansiosos por ayudarlo a llevar la gesti\u00f3n de mantenimiento al siguiente nivel.<\/p>\n","protected":false},"excerpt":{"rendered":"<p>NJ-Mantenimiento, su soluci\u00f3n de software de GMAO, est\u00e1 especialmente dise\u00f1ada para adaptarse a sus necesidades operativas m\u00e1s espec\u00edficas. Una de sus caracter\u00edsticas m\u00e1s distintivas es su soporte multiling\u00fce. La diversidad ling\u00fc\u00edstica es una realidad inevitable en las empresas internacionales de hoy en d\u00eda. Es por eso que hemos dise\u00f1ado NJ-Mantenimiento para ser tan diverso como su equipo. No solo nuestro software de GMAO puede admitir tantos idiomas como sea necesario, sino que tambi\u00e9n puede asignar idiomas espec\u00edficos a usuarios individuales. Esta flexibilidad garantiza que cada miembro de su equipo pueda trabajar en el idioma que mejor domina, aumentando as\u00ed la eficiencia y reduciendo errores de comunicaci\u00f3n. Crear un nuevo idioma en el sistema de NJ-Mantenimiento es muy sencillo. Con nuestra interfaz intuitiva, puede agregar un nuevo idioma en solo unos clics. Nuestro equipo de asistencia siempre est\u00e1 disponible para guiarlo a lo largo del proceso, garantizando una transici\u00f3n fluida hacia su nuevo entorno ling\u00fc\u00edstico. Entendemos que cada empresa es \u00fanica y tiene diferentes necesidades. Ya sea que sea una peque\u00f1a empresa local que necesite dos idiomas o una multinacional que opere en docenas de pa\u00edses, NJ-Mantenimiento est\u00e1 aqu\u00ed para ayudarlo a simplificar la gesti\u00f3n de mantenimiento. Al elegir NJ-Mantenimiento, opta por un software de GMAO que valora la diversidad, fomenta la colaboraci\u00f3n y promueve la eficiencia. Comience hoy mismo a aprovechar nuestro soporte multiling\u00fce y observe c\u00f3mo puede transformar la forma en que su equipo gestiona el mantenimiento. Para obtener m\u00e1s informaci\u00f3n sobre nuestro soporte multiling\u00fce y otras caracter\u00edsticas de NJ-Mantenimiento, no dude en ponerse en contacto con nosotros. Estamos ansiosos por ayudarlo a llevar la gesti\u00f3n de mantenimiento al siguiente nivel.<\/p>\n","protected":false},"author":2,"featured_media":0,"parent":0,"menu_order":0,"comment_status":"closed","ping_status":"closed","template":"","meta":{"jetpack_post_was_ever_published":false,"footnotes":""},"class_list":["post-1078","page","type-page","status-publish","hentry"],"acf":[],"jetpack_sharing_enabled":true,"_links":{"self":[{"href":"https:\/\/nj-maint.com\/gmao\/wp-json\/wp\/v2\/pages\/1078","targetHints":{"allow":["GET"]}}],"collection":[{"href":"https:\/\/nj-maint.com\/gmao\/wp-json\/wp\/v2\/pages"}],"about":[{"href":"https:\/\/nj-maint.com\/gmao\/wp-json\/wp\/v2\/types\/page"}],"author":[{"embeddable":true,"href":"https:\/\/nj-maint.com\/gmao\/wp-json\/wp\/v2\/users\/2"}],"replies":[{"embeddable":true,"href":"https:\/\/nj-maint.com\/gmao\/wp-json\/wp\/v2\/comments?post=1078"}],"version-history":[{"count":1,"href":"https:\/\/nj-maint.com\/gmao\/wp-json\/wp\/v2\/pages\/1078\/revisions"}],"predecessor-version":[{"id":1079,"href":"https:\/\/nj-maint.com\/gmao\/wp-json\/wp\/v2\/pages\/1078\/revisions\/1079"}],"wp:attachment":[{"href":"https:\/\/nj-maint.com\/gmao\/wp-json\/wp\/v2\/media?parent=1078"}],"curies":[{"name":"wp","href":"https:\/\/api.w.org\/{rel}","templated":true}]}}