{"id":1086,"date":"2023-05-30T19:16:48","date_gmt":"2023-05-30T19:16:48","guid":{"rendered":"https:\/\/nj-maint.com\/gmao\/?page_id=1086"},"modified":"2023-05-30T19:16:50","modified_gmt":"2023-05-30T19:16:50","slug":"nj-mantenimiento","status":"publish","type":"page","link":"https:\/\/nj-maint.com\/gmao\/es\/nj-mantenimiento\/","title":{"rendered":"NJ-Mantenimiento"},"content":{"rendered":"\n<p>NJ-Mantenimiento es una soluci\u00f3n moderna y completa de GMAO, desarrollada para Internet con tecnolog\u00edas de Internet, segura, altamente configurable y de alto rendimiento.<\/p>\n\n\n\n<p>NJ-Mantenimiento es una soluci\u00f3n multiidioma, multiusuario, multimonedas, multisitio y multizona de mantenimiento. Los accesos est\u00e1n asegurados y cada usuario solo tiene acceso a la informaci\u00f3n y funciones que son propias de su perfil.<\/p>\n\n\n\n<p>Puede ser utilizada tanto para gestionar unos pocos equipos como para grandes corporaciones con m\u00faltiples sitios.<\/p>\n\n\n\n<p>NJ-Mantenimiento utiliza un conjunto de datos de referencia y preferencias por usuario que pueden ser modificados y adaptados en cualquier momento para adaptarse a la cultura de la empresa y las especificidades de cada sitio.<\/p>\n\n\n\n<p>Las principales funciones son:<\/p>\n\n\n\n<ul class=\"wp-block-list\">\n<li>Indicadores de rendimiento y panel de control<\/li>\n\n\n\n<li>Planificaci\u00f3n de empleados, tareas, actividades, guardias<\/li>\n\n\n\n<li>Solicitudes de intervenci\u00f3n<\/li>\n\n\n\n<li>\u00d3rdenes de trabajo<\/li>\n\n\n\n<li>Gamas de mantenimiento, \u00f3rdenes de trabajo preventivas<\/li>\n\n\n\n<li>Rutas de mantenimiento<\/li>\n\n\n\n<li>Sitios y equipos<\/li>\n\n\n\n<li>Cartograf\u00eda, redes e informaci\u00f3n GPS<\/li>\n\n\n\n<li>Contadores, mantenimiento condicional o predictivo<\/li>\n\n\n\n<li>Gesti\u00f3n de inventarios de piezas<\/li>\n\n\n\n<li>Uso de inventarios, salida, devoluciones, tomas de inventario, etc.<\/li>\n\n\n\n<li>Hojas de tiempo<\/li>\n\n\n\n<li>Seguimiento de costos (piezas, tiempo, gastos)<\/li>\n\n\n\n<li>Gesti\u00f3n de presupuestos de mantenimiento<\/li>\n\n\n\n<li>Gesti\u00f3n de proyectos<\/li>\n\n\n\n<li>Clientes y proveedores<\/li>\n\n\n\n<li>Compa\u00f1\u00edas, Agencias, Grupos de gesti\u00f3n<\/li>\n\n\n\n<li>Empleados, tarifas por hora, cualificaciones<\/li>\n\n\n\n<li>Correos electr\u00f3nicos autom\u00e1ticos<\/li>\n\n\n\n<li>Importaci\u00f3n y exportaci\u00f3n de datos<\/li>\n\n\n\n<li>Gesti\u00f3n de seguridad, roles y acceso a datos<\/li>\n\n\n\n<li>Gesti\u00f3n de archivos, documentos y fotos<\/li>\n<\/ul>\n","protected":false},"excerpt":{"rendered":"<p>NJ-Mantenimiento es una soluci\u00f3n moderna y completa de GMAO, desarrollada para Internet con tecnolog\u00edas de Internet, segura, altamente configurable y de alto rendimiento. NJ-Mantenimiento es una soluci\u00f3n multiidioma, multiusuario, multimonedas, multisitio y multizona de mantenimiento. Los accesos est\u00e1n asegurados y cada usuario solo tiene acceso a la informaci\u00f3n y funciones que son propias de su perfil. Puede ser utilizada tanto para gestionar unos pocos equipos como para grandes corporaciones con m\u00faltiples sitios. NJ-Mantenimiento utiliza un conjunto de datos de referencia y preferencias por usuario que pueden ser modificados y adaptados en cualquier momento para adaptarse a la cultura de la empresa y las especificidades de cada sitio. Las principales funciones son:<\/p>\n","protected":false},"author":2,"featured_media":0,"parent":0,"menu_order":0,"comment_status":"closed","ping_status":"closed","template":"","meta":{"jetpack_post_was_ever_published":false,"footnotes":""},"class_list":["post-1086","page","type-page","status-publish","hentry"],"acf":[],"jetpack_sharing_enabled":true,"_links":{"self":[{"href":"https:\/\/nj-maint.com\/gmao\/wp-json\/wp\/v2\/pages\/1086","targetHints":{"allow":["GET"]}}],"collection":[{"href":"https:\/\/nj-maint.com\/gmao\/wp-json\/wp\/v2\/pages"}],"about":[{"href":"https:\/\/nj-maint.com\/gmao\/wp-json\/wp\/v2\/types\/page"}],"author":[{"embeddable":true,"href":"https:\/\/nj-maint.com\/gmao\/wp-json\/wp\/v2\/users\/2"}],"replies":[{"embeddable":true,"href":"https:\/\/nj-maint.com\/gmao\/wp-json\/wp\/v2\/comments?post=1086"}],"version-history":[{"count":1,"href":"https:\/\/nj-maint.com\/gmao\/wp-json\/wp\/v2\/pages\/1086\/revisions"}],"predecessor-version":[{"id":1090,"href":"https:\/\/nj-maint.com\/gmao\/wp-json\/wp\/v2\/pages\/1086\/revisions\/1090"}],"wp:attachment":[{"href":"https:\/\/nj-maint.com\/gmao\/wp-json\/wp\/v2\/media?parent=1086"}],"curies":[{"name":"wp","href":"https:\/\/api.w.org\/{rel}","templated":true}]}}