{"id":1088,"date":"2023-05-30T19:19:01","date_gmt":"2023-05-30T19:19:01","guid":{"rendered":"https:\/\/nj-maint.com\/gmao\/?page_id=1088"},"modified":"2025-01-27T16:19:11","modified_gmt":"2025-01-27T16:19:11","slug":"nj-ligero","status":"publish","type":"page","link":"https:\/\/nj-maint.com\/gmao\/es\/nj-ligero\/","title":{"rendered":"NJ-Ligero"},"content":{"rendered":"\n<p><strong>NJ-Ligero<\/strong> es un <strong>portal web<\/strong> ligero completamente configurable que permite compartir informaci\u00f3n con clientes, proveedores u otras partes interesadas.<\/p>\n\n\n\n<p><strong>NJ-Ligero<\/strong> permite, por ejemplo, crear y dar seguimiento a solicitudes de intervenci\u00f3n, hacer un seguimiento de todas las intervenciones, realizar lecturas de contadores, difundir informaci\u00f3n sobre equipos o costos operativos, publicar informes de intervenci\u00f3n, compilar datos de gesti\u00f3n o indicadores de rendimiento.<\/p>\n\n\n\n<p><strong>Cualquier dato disponible<\/strong> en la base de datos puede ser utilizado para proporcionar informaci\u00f3n relevante a los interesados adecuados a trav\u00e9s del portal <strong>NJ-Ligero<\/strong>.<\/p>\n\n\n\n<p>A continuaci\u00f3n, se presenta una lista no exhaustiva de posibles funciones y tipos de informaci\u00f3n que se pueden intercambiar con clientes, proveedores o cualquier interesado interno o externo de la organizaci\u00f3n:<\/p>\n\n\n\n<ul class=\"wp-block-list\">\n<li>Compartir informaci\u00f3n y documentos<\/li>\n\n\n\n<li>Crear y realizar el seguimiento de solicitudes de intervenci\u00f3n<\/li>\n\n\n\n<li>Monitorear todas las intervenciones<\/li>\n\n\n\n<li>Presupuestos<\/li>\n\n\n\n<li>Lecturas de medidores<\/li>\n\n\n\n<li>Distribuir informaci\u00f3n sobre activos o costos operativos<\/li>\n\n\n\n<li>Hojas de tiempo<\/li>\n\n\n\n<li>Publicar informes de intervenci\u00f3n<\/li>\n\n\n\n<li>Informes de gastos<\/li>\n\n\n\n<li>Recopilaci\u00f3n, c\u00e1lculo y an\u00e1lisis de datos de gesti\u00f3n<\/li>\n\n\n\n<li>Indicadores de desempe\u00f1o<\/li>\n\n\n\n<li>Compartir informaci\u00f3n y documentos<\/li>\n<\/ul>\n\n\n\n<p><strong>NJ-Ligero<\/strong> tambi\u00e9n permite el despliegue de m\u00faltiples portales con configuraciones diferentes e independientes adaptadas al tipo de interesado.<\/p>\n\n\n\n<p>No hay l\u00edmite en la cantidad de usuarios que pueden conectarse e interactuar a trav\u00e9s de los portales <strong>NJ-Ligero<\/strong>.<\/p>\n","protected":false},"excerpt":{"rendered":"<p>NJ-Ligero es un portal web ligero completamente configurable que permite compartir informaci\u00f3n con clientes, proveedores u otras partes interesadas. NJ-Ligero permite, por ejemplo, crear y dar seguimiento a solicitudes de intervenci\u00f3n, hacer un seguimiento de todas las intervenciones, realizar lecturas de contadores, difundir informaci\u00f3n sobre equipos o costos operativos, publicar informes de intervenci\u00f3n, compilar datos de gesti\u00f3n o indicadores de rendimiento. Cualquier dato disponible en la base de datos puede ser utilizado para proporcionar informaci\u00f3n relevante a los interesados adecuados a trav\u00e9s del portal NJ-Ligero. A continuaci\u00f3n, se presenta una lista no exhaustiva de posibles funciones y tipos de informaci\u00f3n que se pueden intercambiar con clientes, proveedores o cualquier interesado interno o externo de la organizaci\u00f3n: NJ-Ligero tambi\u00e9n permite el despliegue de m\u00faltiples portales con configuraciones diferentes e independientes adaptadas al tipo de interesado. No hay l\u00edmite en la cantidad de usuarios que pueden conectarse e interactuar a trav\u00e9s de los portales NJ-Ligero.<\/p>\n","protected":false},"author":2,"featured_media":0,"parent":0,"menu_order":0,"comment_status":"closed","ping_status":"closed","template":"","meta":{"jetpack_post_was_ever_published":false,"footnotes":""},"class_list":["post-1088","page","type-page","status-publish","hentry"],"acf":[],"jetpack_sharing_enabled":true,"_links":{"self":[{"href":"https:\/\/nj-maint.com\/gmao\/wp-json\/wp\/v2\/pages\/1088","targetHints":{"allow":["GET"]}}],"collection":[{"href":"https:\/\/nj-maint.com\/gmao\/wp-json\/wp\/v2\/pages"}],"about":[{"href":"https:\/\/nj-maint.com\/gmao\/wp-json\/wp\/v2\/types\/page"}],"author":[{"embeddable":true,"href":"https:\/\/nj-maint.com\/gmao\/wp-json\/wp\/v2\/users\/2"}],"replies":[{"embeddable":true,"href":"https:\/\/nj-maint.com\/gmao\/wp-json\/wp\/v2\/comments?post=1088"}],"version-history":[{"count":2,"href":"https:\/\/nj-maint.com\/gmao\/wp-json\/wp\/v2\/pages\/1088\/revisions"}],"predecessor-version":[{"id":1370,"href":"https:\/\/nj-maint.com\/gmao\/wp-json\/wp\/v2\/pages\/1088\/revisions\/1370"}],"wp:attachment":[{"href":"https:\/\/nj-maint.com\/gmao\/wp-json\/wp\/v2\/media?parent=1088"}],"curies":[{"name":"wp","href":"https:\/\/api.w.org\/{rel}","templated":true}]}}