{"id":1089,"date":"2023-05-30T19:19:49","date_gmt":"2023-05-30T19:19:49","guid":{"rendered":"https:\/\/nj-maint.com\/gmao\/?page_id=1089"},"modified":"2023-05-30T19:19:51","modified_gmt":"2023-05-30T19:19:51","slug":"nj-movil","status":"publish","type":"page","link":"https:\/\/nj-maint.com\/gmao\/es\/nj-movil\/","title":{"rendered":"NJ-M\u00f3vil"},"content":{"rendered":"\n<p>NJ-M\u00f3vil \u00d3rdenes de Trabajo: es una aplicaci\u00f3n m\u00f3vil que permite a los t\u00e9cnicos en ruta consultar su programaci\u00f3n de mantenimiento, dar seguimiento a las \u00f3rdenes de trabajo, registrar el tiempo y las piezas utilizadas, obtener la firma de los clientes al finalizar el trabajo y crear nuevas \u00f3rdenes de trabajo en el lugar.<\/p>\n\n\n\n<p>NJ-M\u00f3vil Historial de Trabajo: es una aplicaci\u00f3n m\u00f3vil que permite consultar todo el historial de mantenimiento de equipos e instalaciones. La aplicaci\u00f3n puede utilizar la c\u00e1mara del dispositivo m\u00f3vil para escanear el c\u00f3digo de barras o el c\u00f3digo QR del equipo y acceder a toda la informaci\u00f3n relacionada.<\/p>\n\n\n\n<p>NJ-M\u00f3vil Gesti\u00f3n de Stock: es una aplicaci\u00f3n m\u00f3vil para la gesti\u00f3n de inventarios de piezas. Permite consultar los niveles de stock, realizar salidas, devoluciones y ajustes de inventario. La aplicaci\u00f3n puede utilizar la c\u00e1mara del dispositivo m\u00f3vil para escanear el c\u00f3digo de barras o el c\u00f3digo QR de la pieza.<\/p>\n\n\n\n<p>NJ-M\u00f3vil Contadores: es una aplicaci\u00f3n m\u00f3vil que permite a los t\u00e9cnicos en ruta realizar lecturas de contadores. La b\u00fasqueda se puede realizar por equipo o por categor\u00eda de contador.<\/p>\n\n\n\n<p>NJ-M\u00f3vil GPS: es una aplicaci\u00f3n m\u00f3vil que permite visualizar en el mapa del territorio todos los equipos y su estado. El usuario puede realizar solicitudes de intervenci\u00f3n en los equipos y ubicaciones, tomar fotos para adjuntarlas a las solicitudes y dar seguimiento a dichas solicitudes. Esta aplicaci\u00f3n se basa en la tecnolog\u00eda de Google Maps.<\/p>\n\n\n\n<p>NJ-M\u00f3vil Transferencia de Archivos: es una aplicaci\u00f3n m\u00f3vil que permite adjuntar archivos a las \u00f3rdenes de trabajo y transferirlos al sistema central de GMAO NJ-Mantenimiento. Los archivos pueden ser fotos, videos, documentos en PDF, Word, Excel, etc.<\/p>\n\n\n\n<p>NJ-M\u00f3vil Toma de Control: es una aplicaci\u00f3n m\u00f3vil que permite tomar el control de un sitio, validar y modificar la informaci\u00f3n de los equipos (descripci\u00f3n, informaci\u00f3n t\u00e9cnica, componentes, contadores, etc.), tomar fotos y adjuntarlas a los equipos.<\/p>\n","protected":false},"excerpt":{"rendered":"<p>NJ-M\u00f3vil \u00d3rdenes de Trabajo: es una aplicaci\u00f3n m\u00f3vil que permite a los t\u00e9cnicos en ruta consultar su programaci\u00f3n de mantenimiento, dar seguimiento a las \u00f3rdenes de trabajo, registrar el tiempo y las piezas utilizadas, obtener la firma de los clientes al finalizar el trabajo y crear nuevas \u00f3rdenes de trabajo en el lugar. NJ-M\u00f3vil Historial de Trabajo: es una aplicaci\u00f3n m\u00f3vil que permite consultar todo el historial de mantenimiento de equipos e instalaciones. La aplicaci\u00f3n puede utilizar la c\u00e1mara del dispositivo m\u00f3vil para escanear el c\u00f3digo de barras o el c\u00f3digo QR del equipo y acceder a toda la informaci\u00f3n relacionada. NJ-M\u00f3vil Gesti\u00f3n de Stock: es una aplicaci\u00f3n m\u00f3vil para la gesti\u00f3n de inventarios de piezas. Permite consultar los niveles de stock, realizar salidas, devoluciones y ajustes de inventario. La aplicaci\u00f3n puede utilizar la c\u00e1mara del dispositivo m\u00f3vil para escanear el c\u00f3digo de barras o el c\u00f3digo QR de la pieza. NJ-M\u00f3vil Contadores: es una aplicaci\u00f3n m\u00f3vil que permite a los t\u00e9cnicos en ruta realizar lecturas de contadores. La b\u00fasqueda se puede realizar por equipo o por categor\u00eda de contador. NJ-M\u00f3vil GPS: es una aplicaci\u00f3n m\u00f3vil que permite visualizar en el mapa del territorio todos los equipos y su estado. El usuario puede realizar solicitudes de intervenci\u00f3n en los equipos y ubicaciones, tomar fotos para adjuntarlas a las solicitudes y dar seguimiento a dichas solicitudes. Esta aplicaci\u00f3n se basa en la tecnolog\u00eda de Google Maps. NJ-M\u00f3vil Transferencia de Archivos: es una aplicaci\u00f3n m\u00f3vil que permite adjuntar archivos a las \u00f3rdenes de trabajo y transferirlos al sistema central de GMAO NJ-Mantenimiento. Los archivos pueden ser fotos, videos, documentos en PDF, Word, Excel, etc. NJ-M\u00f3vil Toma de Control: es una aplicaci\u00f3n m\u00f3vil que permite tomar el control de un sitio, validar y modificar la informaci\u00f3n de los equipos (descripci\u00f3n, informaci\u00f3n t\u00e9cnica, componentes, contadores, etc.), tomar fotos y adjuntarlas a los equipos.<\/p>\n","protected":false},"author":2,"featured_media":0,"parent":0,"menu_order":0,"comment_status":"closed","ping_status":"closed","template":"","meta":{"jetpack_post_was_ever_published":false,"footnotes":""},"class_list":["post-1089","page","type-page","status-publish","hentry"],"acf":[],"jetpack_sharing_enabled":true,"_links":{"self":[{"href":"https:\/\/nj-maint.com\/gmao\/wp-json\/wp\/v2\/pages\/1089","targetHints":{"allow":["GET"]}}],"collection":[{"href":"https:\/\/nj-maint.com\/gmao\/wp-json\/wp\/v2\/pages"}],"about":[{"href":"https:\/\/nj-maint.com\/gmao\/wp-json\/wp\/v2\/types\/page"}],"author":[{"embeddable":true,"href":"https:\/\/nj-maint.com\/gmao\/wp-json\/wp\/v2\/users\/2"}],"replies":[{"embeddable":true,"href":"https:\/\/nj-maint.com\/gmao\/wp-json\/wp\/v2\/comments?post=1089"}],"version-history":[{"count":1,"href":"https:\/\/nj-maint.com\/gmao\/wp-json\/wp\/v2\/pages\/1089\/revisions"}],"predecessor-version":[{"id":1093,"href":"https:\/\/nj-maint.com\/gmao\/wp-json\/wp\/v2\/pages\/1089\/revisions\/1093"}],"wp:attachment":[{"href":"https:\/\/nj-maint.com\/gmao\/wp-json\/wp\/v2\/media?parent=1089"}],"curies":[{"name":"wp","href":"https:\/\/api.w.org\/{rel}","templated":true}]}}