{"id":1099,"date":"2023-05-30T19:23:36","date_gmt":"2023-05-30T19:23:36","guid":{"rendered":"https:\/\/nj-maint.com\/gmao\/?page_id=1099"},"modified":"2025-01-25T01:30:32","modified_gmt":"2025-01-25T01:30:32","slug":"integracion","status":"publish","type":"page","link":"https:\/\/nj-maint.com\/gmao\/es\/integracion\/","title":{"rendered":"Servicios"},"content":{"rendered":"\n<h2 class=\"wp-block-heading\">Nuestros Servicios para la Implementaci\u00f3n y Optimizaci\u00f3n de su CMMS<\/h2>\n\n\n\n<p>Para garantizar una implementaci\u00f3n exitosa y un funcionamiento \u00f3ptimo de la soluci\u00f3n CMMS NJ-Maintenance en su organizaci\u00f3n, ofrecemos una gama completa de servicios profesionales. Nuestra experiencia abarca gesti\u00f3n de proyectos, implementaci\u00f3n del sistema, desarrollo de software, optimizaci\u00f3n de bases de datos y formaci\u00f3n, adaptados a sus necesidades espec\u00edficas. Los servicios pueden ser proporcionados en el lugar o de forma remota, seg\u00fan sus preferencias.<\/p>\n\n\n\n<hr class=\"wp-block-separator has-alpha-channel-opacity\"\/>\n\n\n\n<h2 class=\"wp-block-heading\">Gesti\u00f3n de Proyectos<\/h2>\n\n\n\n<p>Una gesti\u00f3n de proyectos eficaz es esencial para garantizar el \u00e9xito de la implementaci\u00f3n de su CMMS. Nuestro equipo le acompa\u00f1a para:<\/p>\n\n\n\n<ul class=\"wp-block-list\">\n<li>Definir los objetivos y plazos del proyecto.<\/li>\n\n\n\n<li>Identificar los procesos operativos y flujos de trabajo deseados.<\/li>\n\n\n\n<li>Gestionar el cambio para garantizar una transici\u00f3n suave al nuevo sistema.<\/li>\n\n\n\n<li>Supervisar la asignaci\u00f3n de recursos y el seguimiento del progreso para cumplir con los plazos.<\/li>\n<\/ul>\n\n\n\n<p>Con un enfoque estructurado, nos aseguramos de que cada aspecto del proyecto est\u00e9 alineado con sus objetivos estrat\u00e9gicos.<\/p>\n\n\n\n<hr class=\"wp-block-separator has-alpha-channel-opacity\"\/>\n\n\n\n<h2 class=\"wp-block-heading\">Implementaci\u00f3n<\/h2>\n\n\n\n<p>Un proceso de implementaci\u00f3n bien planificado y ejecutado es crucial para maximizar el valor de su CMMS. Ofrecemos:<\/p>\n\n\n\n<ul class=\"wp-block-list\">\n<li>La configuraci\u00f3n y parametrizaci\u00f3n del CMMS de acuerdo con sus necesidades operativas.<\/li>\n\n\n\n<li>La definici\u00f3n de las jerarqu\u00edas de equipos, cronogramas de mantenimiento y clasificaciones para los equipos, piezas de repuesto y art\u00edculos.<\/li>\n\n\n\n<li>La integraci\u00f3n de los datos existentes en el nuevo CMMS, garantizando su precisi\u00f3n y consistencia.<\/li>\n\n\n\n<li>La validaci\u00f3n e implementaci\u00f3n de los indicadores clave de desempe\u00f1o (KPIs) y paneles de control (dashboards) para proporcionar an\u00e1lisis accionables.<\/li>\n<\/ul>\n\n\n\n<p>Nuestra aproximaci\u00f3n personalizada asegura un CMMS optimizado para su entorno operativo espec\u00edfico.<\/p>\n\n\n\n<hr class=\"wp-block-separator has-alpha-channel-opacity\"\/>\n\n\n\n<h2 class=\"wp-block-heading\">Desarrollo de Software<\/h2>\n\n\n\n<p>Para mejorar las funcionalidades de su CMMS y satisfacer sus necesidades exclusivas, ofrecemos servicios de desarrollo, que incluyen:<\/p>\n\n\n\n<ul class=\"wp-block-list\">\n<li>El desarrollo de nuevos m\u00f3dulos, informes y funcionalidades.<\/li>\n\n\n\n<li>La creaci\u00f3n de interfaces personalizadas para conectar el CMMS a otros sistemas de negocio.<\/li>\n\n\n\n<li>La adaptaci\u00f3n de funcionalidades para soportar sus flujos de trabajo espec\u00edficos.<\/li>\n<\/ul>\n\n\n\n<p>Nuestros servicios de desarrollo aseguran que su CMMS evolucione junto con las necesidades de su negocio.<\/p>\n\n\n\n<hr class=\"wp-block-separator has-alpha-channel-opacity\"\/>\n\n\n\n<h2 class=\"wp-block-heading\">Gesti\u00f3n y Optimizaci\u00f3n de Bases de Datos<\/h2>\n\n\n\n<p>Una base de datos robusta y eficiente es esencial para el buen funcionamiento de su CMMS. Ofrecemos:<\/p>\n\n\n\n<ul class=\"wp-block-list\">\n<li>Soporte y optimizaci\u00f3n de bases de datos para mantener su rendimiento y fiabilidad.<\/li>\n\n\n\n<li>Asistencia en la modelizaci\u00f3n y reestructuraci\u00f3n de datos para una mayor eficiencia.<\/li>\n\n\n\n<li>Mantenimiento regular para garantizar la estabilidad y seguridad del sistema.<\/li>\n<\/ul>\n\n\n\n<p>Nuestros expertos aseguran que su infraestructura de datos siga siendo una base s\u00f3lida para sus operaciones.<\/p>\n\n\n\n<hr class=\"wp-block-separator has-alpha-channel-opacity\"\/>\n\n\n\n<h2 class=\"wp-block-heading\">KPIs y An\u00e1lisis de Datos<\/h2>\n\n\n\n<p>Transformar datos en informaci\u00f3n \u00fatil es una ventaja diferencial del CMMS NJ-Maintenance. Le ayudamos a:<\/p>\n\n\n\n<ul class=\"wp-block-list\">\n<li>Definir y validar los indicadores clave de rendimiento (KPIs) para evaluar el desempe\u00f1o del mantenimiento.<\/li>\n\n\n\n<li>Desarrollar dashboards personalizados para monitorear y analizar datos en tiempo real.<\/li>\n\n\n\n<li>Proporcionar an\u00e1lisis para apoyar la toma de decisiones y fomentar la mejora continua.<\/li>\n<\/ul>\n\n\n\n<p>Con nuestra experiencia, puede aprovechar todo el potencial de sus datos para optimizar sus operaciones.<\/p>\n\n\n\n<hr class=\"wp-block-separator has-alpha-channel-opacity\"\/>\n\n\n\n<h2 class=\"wp-block-heading\">Desarrollo de Interfaces e Integraci\u00f3n<\/h2>\n\n\n\n<p>Una integraci\u00f3n fluida con su ecosistema de TI existente es esencial para la eficiencia. Ofrecemos:<\/p>\n\n\n\n<ul class=\"wp-block-list\">\n<li>Desarrollo de interfaces para conectar el CMMS con sistemas ERP, de gesti\u00f3n de inventarios u otros.<\/li>\n\n\n\n<li>Servicios de integraci\u00f3n para asegurar la sincronizaci\u00f3n de datos entre plataformas.<\/li>\n\n\n\n<li>Soporte en redes y seguridad para mantener la integridad de los datos.<\/li>\n<\/ul>\n\n\n\n<p>Nuestras soluciones de integraci\u00f3n aseguran que su CMMS funcione de manera arm\u00f3nica en el entorno digital de su organizaci\u00f3n.<\/p>\n\n\n\n<hr class=\"wp-block-separator has-alpha-channel-opacity\"\/>\n\n\n\n<h2 class=\"wp-block-heading\">Formaci\u00f3n y Soporte<\/h2>\n\n\n\n<p>Capacitar a su equipo para el \u00e9xito es clave para aprovechar al m\u00e1ximo su CMMS. Ofrecemos:<\/p>\n\n\n\n<ul class=\"wp-block-list\">\n<li>Entrenamientos completos para familiarizar a los usuarios con las funcionalidades del sistema y las mejores pr\u00e1cticas.<\/li>\n\n\n\n<li>Soporte continuo para resolver dudas y desaf\u00edos de los usuarios.<\/li>\n\n\n\n<li>Recursos y documentaci\u00f3n para garantizar un \u00e9xito duradero.<\/li>\n<\/ul>\n\n\n\n<p>Nuestros programas de capacitaci\u00f3n est\u00e1n dise\u00f1ados para reforzar la confianza y las habilidades de sus usuarios, facilitando una adopci\u00f3n fluida del sistema.<\/p>\n\n\n\n<hr class=\"wp-block-separator has-alpha-channel-opacity\"\/>\n\n\n\n<p>Con nuestra amplia gama de servicios, NJ-Maintenance asegura que cada aspecto de la implementaci\u00f3n y operaci\u00f3n de su CMMS sea gestionado de forma profesional y eficaz. <\/p>\n\n\n\n<p><strong><a href=\"https:\/\/nj-maint.com\/gmao\/es\/contacto\/\" data-type=\"page\" data-id=\"1105\">Cont\u00e1ctenos<\/a> hoy mismo para saber c\u00f3mo podemos apoyar sus objetivos de gesti\u00f3n de mantenimiento.<\/strong><\/p>\n\n\n\n<p><\/p>\n\n\n\n<p><\/p>\n\n\n\n<p><\/p>\n","protected":false},"excerpt":{"rendered":"<p>Nuestros Servicios para la Implementaci\u00f3n y Optimizaci\u00f3n de su CMMS Para garantizar una implementaci\u00f3n exitosa y un funcionamiento \u00f3ptimo de la soluci\u00f3n CMMS NJ-Maintenance en su organizaci\u00f3n, ofrecemos una gama completa de servicios profesionales. Nuestra experiencia abarca gesti\u00f3n de proyectos, implementaci\u00f3n del sistema, desarrollo de software, optimizaci\u00f3n de bases de datos y formaci\u00f3n, adaptados a sus necesidades espec\u00edficas. Los servicios pueden ser proporcionados en el lugar o de forma remota, seg\u00fan sus preferencias. Gesti\u00f3n de Proyectos Una gesti\u00f3n de proyectos eficaz es esencial para garantizar el \u00e9xito de la implementaci\u00f3n de su CMMS. Nuestro equipo le acompa\u00f1a para: Con un enfoque estructurado, nos aseguramos de que cada aspecto del proyecto est\u00e9 alineado con sus objetivos estrat\u00e9gicos. Implementaci\u00f3n Un proceso de implementaci\u00f3n bien planificado y ejecutado es crucial para maximizar el valor de su CMMS. Ofrecemos: Nuestra aproximaci\u00f3n personalizada asegura un CMMS optimizado para su entorno operativo espec\u00edfico. Desarrollo de Software Para mejorar las funcionalidades de su CMMS y satisfacer sus necesidades exclusivas, ofrecemos servicios de desarrollo, que incluyen: Nuestros servicios de desarrollo aseguran que su CMMS evolucione junto con las necesidades de su negocio. Gesti\u00f3n y Optimizaci\u00f3n de Bases de Datos Una base de datos robusta y eficiente es esencial para el buen funcionamiento de su CMMS. Ofrecemos: Nuestros expertos aseguran que su infraestructura de datos siga siendo una base s\u00f3lida para sus operaciones. KPIs y An\u00e1lisis de Datos Transformar datos en informaci\u00f3n \u00fatil es una ventaja diferencial del CMMS NJ-Maintenance. Le ayudamos a: Con nuestra experiencia, puede aprovechar todo el potencial de sus datos para optimizar sus operaciones. Desarrollo de Interfaces e Integraci\u00f3n Una integraci\u00f3n fluida con su ecosistema de TI existente es esencial para la eficiencia. Ofrecemos: Nuestras soluciones de integraci\u00f3n aseguran que su CMMS funcione de manera arm\u00f3nica en el entorno digital de su organizaci\u00f3n. Formaci\u00f3n y Soporte Capacitar a su equipo para el \u00e9xito es clave para aprovechar al m\u00e1ximo su CMMS. Ofrecemos: Nuestros programas de capacitaci\u00f3n est\u00e1n dise\u00f1ados para reforzar la confianza y las habilidades de sus usuarios, facilitando una adopci\u00f3n fluida del sistema. Con nuestra amplia gama de servicios, NJ-Maintenance asegura que cada aspecto de la implementaci\u00f3n y operaci\u00f3n de su CMMS sea gestionado de forma profesional y eficaz. Cont\u00e1ctenos hoy mismo para saber c\u00f3mo podemos apoyar sus objetivos de gesti\u00f3n de mantenimiento.<\/p>\n","protected":false},"author":2,"featured_media":0,"parent":0,"menu_order":0,"comment_status":"closed","ping_status":"closed","template":"","meta":{"jetpack_post_was_ever_published":false,"footnotes":""},"class_list":["post-1099","page","type-page","status-publish","hentry"],"acf":[],"jetpack_sharing_enabled":true,"_links":{"self":[{"href":"https:\/\/nj-maint.com\/gmao\/wp-json\/wp\/v2\/pages\/1099","targetHints":{"allow":["GET"]}}],"collection":[{"href":"https:\/\/nj-maint.com\/gmao\/wp-json\/wp\/v2\/pages"}],"about":[{"href":"https:\/\/nj-maint.com\/gmao\/wp-json\/wp\/v2\/types\/page"}],"author":[{"embeddable":true,"href":"https:\/\/nj-maint.com\/gmao\/wp-json\/wp\/v2\/users\/2"}],"replies":[{"embeddable":true,"href":"https:\/\/nj-maint.com\/gmao\/wp-json\/wp\/v2\/comments?post=1099"}],"version-history":[{"count":5,"href":"https:\/\/nj-maint.com\/gmao\/wp-json\/wp\/v2\/pages\/1099\/revisions"}],"predecessor-version":[{"id":1340,"href":"https:\/\/nj-maint.com\/gmao\/wp-json\/wp\/v2\/pages\/1099\/revisions\/1340"}],"wp:attachment":[{"href":"https:\/\/nj-maint.com\/gmao\/wp-json\/wp\/v2\/media?parent=1099"}],"curies":[{"name":"wp","href":"https:\/\/api.w.org\/{rel}","templated":true}]}}