{"id":1106,"date":"2023-05-30T19:36:42","date_gmt":"2023-05-30T19:36:42","guid":{"rendered":"https:\/\/nj-maint.com\/gmao\/?page_id=1106"},"modified":"2023-05-30T19:36:45","modified_gmt":"2023-05-30T19:36:45","slug":"contacte-nos","status":"publish","type":"page","link":"https:\/\/nj-maint.com\/gmao\/pt\/contacte-nos\/","title":{"rendered":"Contacte-nos"},"content":{"rendered":"\n<p>Para qualquer pergunta, solicita\u00e7\u00e3o de apresenta\u00e7\u00e3o ou pedido de pre\u00e7o, por favor envie-nos uma mensagem utilizando o formul\u00e1rio abaixo. Teremos o prazer de lhe responder em breve.<\/p>\n\n\n<div class=\"wpforms-container wpforms-container-full wpforms-block wpforms-block-8a7f92ca-c559-477f-9f74-8112487e50ef\" id=\"wpforms-1114\"><form id=\"wpforms-form-1114\" class=\"wpforms-validate wpforms-form\" data-formid=\"1114\" method=\"post\" enctype=\"multipart\/form-data\" action=\"\/gmao\/wp-json\/wp\/v2\/pages\/1106\" data-token=\"42d192aad8d9ebdd11b9b0a2eec83f0d\" data-token-time=\"1775834260\"><noscript class=\"wpforms-error-noscript\">Please enable JavaScript in your browser to complete this form.<\/noscript><div class=\"wpforms-field-container\"><div id=\"wpforms-1114-field_0-container\" class=\"wpforms-field wpforms-field-name\" data-field-id=\"0\"><label class=\"wpforms-field-label\" for=\"wpforms-1114-field_0\">Nome <span class=\"wpforms-required-label\">*<\/span><\/label><div class=\"wpforms-field-row wpforms-field-medium\"><div class=\"wpforms-field-row-block wpforms-first wpforms-one-half\"><input type=\"text\" id=\"wpforms-1114-field_0\" class=\"wpforms-field-name-first wpforms-field-required\" name=\"wpforms[fields][0][first]\" placeholder=\"Sobrenome\" required><label for=\"wpforms-1114-field_0\" class=\"wpforms-field-sublabel after wpforms-sublabel-hide\">First<\/label><\/div><div class=\"wpforms-field-row-block wpforms-one-half\"><input type=\"text\" id=\"wpforms-1114-field_0-last\" class=\"wpforms-field-name-last wpforms-field-required\" name=\"wpforms[fields][0][last]\" placeholder=\"Nome\" required><label for=\"wpforms-1114-field_0-last\" class=\"wpforms-field-sublabel after wpforms-sublabel-hide\">Last<\/label><\/div><\/div><\/div><div id=\"wpforms-1114-field_1-container\" class=\"wpforms-field wpforms-field-email\" data-field-id=\"1\"><label class=\"wpforms-field-label\" for=\"wpforms-1114-field_1\">Email <span class=\"wpforms-required-label\">*<\/span><\/label><input type=\"email\" id=\"wpforms-1114-field_1\" class=\"wpforms-field-medium wpforms-field-required\" name=\"wpforms[fields][1]\" spellcheck=\"false\" required><\/div><div id=\"wpforms-1114-field_2-container\" class=\"wpforms-field wpforms-field-textarea\" data-field-id=\"2\"><label class=\"wpforms-field-label\" for=\"wpforms-1114-field_2\">Coment\u00e1rio ou mensagem <span class=\"wpforms-required-label\">*<\/span><\/label><textarea id=\"wpforms-1114-field_2\" class=\"wpforms-field-medium wpforms-field-required\" name=\"wpforms[fields][2]\" required><\/textarea><\/div><\/div><!-- .wpforms-field-container --><div class=\"wpforms-field wpforms-field-hp\"><label for=\"wpforms-1114-field-hp\" class=\"wpforms-field-label\">Name<\/label><input type=\"text\" name=\"wpforms[hp]\" id=\"wpforms-1114-field-hp\" class=\"wpforms-field-medium\"><\/div><div class=\"wpforms-recaptcha-container wpforms-is-turnstile\" ><div class=\"g-recaptcha\" data-sitekey=\"0x4AAAAAAA5Z9eZ8crmfSsr_\" data-action=\"FormID-1114\"><\/div><input type=\"text\" name=\"g-recaptcha-hidden\" class=\"wpforms-recaptcha-hidden\" style=\"position:absolute!important;clip:rect(0,0,0,0)!important;height:1px!important;width:1px!important;border:0!important;overflow:hidden!important;padding:0!important;margin:0!important;\" data-rule-turnstile=\"1\"><\/div><div class=\"wpforms-submit-container\" ><input type=\"hidden\" name=\"wpforms[id]\" value=\"1114\"><input type=\"hidden\" name=\"page_title\" value=\"\"><input type=\"hidden\" name=\"page_url\" value=\"https:\/\/nj-maint.com\/gmao\/wp-json\/wp\/v2\/pages\/1106\"><button type=\"submit\" name=\"wpforms[submit]\" id=\"wpforms-submit-1114\" class=\"wpforms-submit\" data-alt-text=\"A enviar...\" data-submit-text=\"Enviar\" aria-live=\"assertive\" value=\"wpforms-submit\">Enviar<\/button><\/div><\/form><\/div>  <!-- .wpforms-container -->","protected":false},"excerpt":{"rendered":"<p>Para qualquer pergunta, solicita\u00e7\u00e3o de apresenta\u00e7\u00e3o ou pedido de pre\u00e7o, por favor envie-nos uma mensagem utilizando o formul\u00e1rio abaixo. Teremos o prazer de lhe responder em breve.<\/p>\n","protected":false},"author":2,"featured_media":0,"parent":0,"menu_order":0,"comment_status":"closed","ping_status":"closed","template":"","meta":{"jetpack_post_was_ever_published":false,"footnotes":""},"class_list":["post-1106","page","type-page","status-publish","hentry"],"acf":[],"jetpack_sharing_enabled":true,"_links":{"self":[{"href":"https:\/\/nj-maint.com\/gmao\/wp-json\/wp\/v2\/pages\/1106","targetHints":{"allow":["GET"]}}],"collection":[{"href":"https:\/\/nj-maint.com\/gmao\/wp-json\/wp\/v2\/pages"}],"about":[{"href":"https:\/\/nj-maint.com\/gmao\/wp-json\/wp\/v2\/types\/page"}],"author":[{"embeddable":true,"href":"https:\/\/nj-maint.com\/gmao\/wp-json\/wp\/v2\/users\/2"}],"replies":[{"embeddable":true,"href":"https:\/\/nj-maint.com\/gmao\/wp-json\/wp\/v2\/comments?post=1106"}],"version-history":[{"count":2,"href":"https:\/\/nj-maint.com\/gmao\/wp-json\/wp\/v2\/pages\/1106\/revisions"}],"predecessor-version":[{"id":1117,"href":"https:\/\/nj-maint.com\/gmao\/wp-json\/wp\/v2\/pages\/1106\/revisions\/1117"}],"wp:attachment":[{"href":"https:\/\/nj-maint.com\/gmao\/wp-json\/wp\/v2\/media?parent=1106"}],"curies":[{"name":"wp","href":"https:\/\/api.w.org\/{rel}","templated":true}]}}