{"id":1186,"date":"2025-01-23T16:27:59","date_gmt":"2025-01-23T16:27:59","guid":{"rendered":"https:\/\/nj-maint.com\/gmao\/?page_id=1186"},"modified":"2025-01-24T14:29:01","modified_gmt":"2025-01-24T14:29:01","slug":"produits","status":"publish","type":"page","link":"https:\/\/nj-maint.com\/gmao\/fr\/produits\/","title":{"rendered":"Produits"},"content":{"rendered":"\n<p>La suite <strong>NJ-Maintenance<\/strong> est la solution de Gestion de Maintenance Assist\u00e9e par Ordinateur, la plus flexible et Moderne du march\u00e9.<\/p>\n\n\n\n<p><strong>NJ-Maintenance<\/strong> est aussi bien adapt\u00e9e au monde industriel, \u00e0 la gestion d\u2019actifs, qu\u2019aux entreprises de services. Elle s\u2019int\u00e8gre aussi facilement dans une structure simple que dans des organisations complexes multi-sites et multi-services.<\/p>\n\n\n\n<p><strong>NJ-Maintenance <\/strong>est une application ergonomique, bas\u00e9e sur les technologies Web standardis\u00e9es qui favorise une int\u00e9gration et un apprentissage rapide des nouveaux utilisateurs.<\/p>\n\n\n\n<p>La particularit\u00e9 diff\u00e9renciatrice de <strong>NJ-Maintenance<\/strong> est qu\u2019elle est 100 % param\u00e9trable. Sa flexibilit\u00e9 de configuration et son adaptabilit\u00e9 aux diff\u00e9rents d\u00e9partements et besoins des utilisateurs permettent un partage et une visibilit\u00e9 restreinte des donn\u00e9es selon les activit\u00e9s et les r\u00f4les de chacun.<\/p>\n\n\n\n<p><strong>NJ-Maintenance<\/strong> comprend aussi:<\/p>\n\n\n\n<ul class=\"wp-block-list\">\n<li>Un module de r\u00e9servations qui permet aux diff\u00e9rents acteurs d&rsquo;\u00e9ffectuer des r\u00e9servations de salle et d&rsquo;\u00e9quipements, via un calendrier interactif.<\/li>\n\n\n\n<li>Un portail client 100% configurable qui permet de suivre les demandes des clients et d&rsquo;\u00e9changer des informations entre les fournisseurs, les clients, les employ\u00e9s et les gestionnaires.<\/li>\n\n\n\n<li>Une suite d&rsquo;applications mobiles qui permettent aux techniciens d&rsquo;intervenir sur le terrrain et d&rsquo;avoir acc\u00e8s \u00e0 tout l&rsquo;historique des \u00e9quipements.<\/li>\n<\/ul>\n\n\n\n<p>Avec sa grande capacit\u00e9 de personnalisation et son support des technologies les plus modernes, NJ-Maintenance est la solution id\u00e9ale pour les entreprises qui souhaitent optimiser leurs processus de maintenance, am\u00e9liorer la collaboration entre \u00e9quipes et garantir une efficacit\u00e9 maximale dans leurs op\u00e9rations.<\/p>\n","protected":false},"excerpt":{"rendered":"<p>La suite NJ-Maintenance est la solution de Gestion de Maintenance Assist\u00e9e par Ordinateur, la plus flexible et Moderne du march\u00e9. NJ-Maintenance est aussi bien adapt\u00e9e au monde industriel, \u00e0 la gestion d\u2019actifs, qu\u2019aux entreprises de services. Elle s\u2019int\u00e8gre aussi facilement dans une structure simple que dans des organisations complexes multi-sites et multi-services. NJ-Maintenance est une application ergonomique, bas\u00e9e sur les technologies Web standardis\u00e9es qui favorise une int\u00e9gration et un apprentissage rapide des nouveaux utilisateurs. La particularit\u00e9 diff\u00e9renciatrice de NJ-Maintenance est qu\u2019elle est 100 % param\u00e9trable. Sa flexibilit\u00e9 de configuration et son adaptabilit\u00e9 aux diff\u00e9rents d\u00e9partements et besoins des utilisateurs permettent un partage et une visibilit\u00e9 restreinte des donn\u00e9es selon les activit\u00e9s et les r\u00f4les de chacun. NJ-Maintenance comprend aussi: Avec sa grande capacit\u00e9 de personnalisation et son support des technologies les plus modernes, NJ-Maintenance est la solution id\u00e9ale pour les entreprises qui souhaitent optimiser leurs processus de maintenance, am\u00e9liorer la collaboration entre \u00e9quipes et garantir une efficacit\u00e9 maximale dans leurs op\u00e9rations.<\/p>\n","protected":false},"author":3,"featured_media":0,"parent":0,"menu_order":0,"comment_status":"closed","ping_status":"closed","template":"","meta":{"jetpack_post_was_ever_published":false,"footnotes":""},"class_list":["post-1186","page","type-page","status-publish","hentry"],"acf":[],"jetpack_sharing_enabled":true,"_links":{"self":[{"href":"https:\/\/nj-maint.com\/gmao\/wp-json\/wp\/v2\/pages\/1186","targetHints":{"allow":["GET"]}}],"collection":[{"href":"https:\/\/nj-maint.com\/gmao\/wp-json\/wp\/v2\/pages"}],"about":[{"href":"https:\/\/nj-maint.com\/gmao\/wp-json\/wp\/v2\/types\/page"}],"author":[{"embeddable":true,"href":"https:\/\/nj-maint.com\/gmao\/wp-json\/wp\/v2\/users\/3"}],"replies":[{"embeddable":true,"href":"https:\/\/nj-maint.com\/gmao\/wp-json\/wp\/v2\/comments?post=1186"}],"version-history":[{"count":4,"href":"https:\/\/nj-maint.com\/gmao\/wp-json\/wp\/v2\/pages\/1186\/revisions"}],"predecessor-version":[{"id":1238,"href":"https:\/\/nj-maint.com\/gmao\/wp-json\/wp\/v2\/pages\/1186\/revisions\/1238"}],"wp:attachment":[{"href":"https:\/\/nj-maint.com\/gmao\/wp-json\/wp\/v2\/media?parent=1186"}],"curies":[{"name":"wp","href":"https:\/\/api.w.org\/{rel}","templated":true}]}}