{"id":1213,"date":"2025-01-23T21:27:15","date_gmt":"2025-01-23T21:27:15","guid":{"rendered":"https:\/\/nj-maint.com\/gmao\/?page_id=1213"},"modified":"2025-01-23T21:31:16","modified_gmt":"2025-01-23T21:31:16","slug":"nj-booking","status":"publish","type":"page","link":"https:\/\/nj-maint.com\/gmao\/fr\/nj-booking\/","title":{"rendered":"NJ-Booking"},"content":{"rendered":"\n<p><strong>NJ-Booking<\/strong> est un module de r\u00e9servations qui peut \u00eatre utilis\u00e9 de fa\u00e7on autonome ou int\u00e9gr\u00e9 \u00e0 la suite NJ-Maintenance.<\/p>\n\n\n\n<p><strong>NJ-Booking<\/strong> permet de d\u00e9finir des groupes d&rsquo;actifs (par exemple des salles de r\u00e9union, des bureaux, des \u00e9quipements mobiles, des outils, etc.) qui peuvent \u00eatre r\u00e9serv\u00e9s durant une p\u00e9riode donn\u00e9e tout en respectant un ensemble de conditions d&rsquo;utilisation et de facturation.<\/p>\n\n\n\n<p><strong>NJ-Booking<\/strong> permet la cr\u00e9ation et l&rsquo;affectation de kits qui peuvent \u00eatre associ\u00e9s \u00e0 l&rsquo;actif r\u00e9serv\u00e9 (par exemple un ensemble de chaises et de tables, des \u00e9quipements audivisuels, etc.) et pouvant g\u00e9n\u00e9rer une facturation compl\u00e9mentaire.<\/p>\n\n\n\n<p><strong>NJ-Booking<\/strong> s&rsquo;interface aussi avec <strong>le module d&rsquo;inventaire de NJ-Maintenance<\/strong> pour pouvoir proposer des pi\u00e8ces et articles divers lors de la r\u00e9servation (par exemple des piles, du carburants, etc.).<\/p>\n\n\n\n<p><strong>NJ-Booking<\/strong> permet d&rsquo;effectuer le suivi des sorties et retours \u00e0 l&rsquo;inventaire de l&rsquo;ensemble des composants.<\/p>\n\n\n\n<p><strong>NJ-Booking<\/strong> comprend une interface compl\u00e8te avec un <strong>calendrier perp\u00e9tuel<\/strong>, qui permet aux utilisateurs d&rsquo;effectuer, modifier et suivre leurs r\u00e9servations, depuis la cr\u00e9ation jusqu&rsquo;\u00e0 la facturation.<\/p>\n\n\n\n<p><strong>NJ-Booking<\/strong> s&rsquo;int\u00e8gre avec <strong>le module des bons de travail de NJ-Maintenance<\/strong> et permet aux techniciens d&rsquo;effectuer des r\u00e9servations d&rsquo;\u00e9quipements pour r\u00e9aliser leurs interventions.<\/p>\n","protected":false},"excerpt":{"rendered":"<p>NJ-Booking est un module de r\u00e9servations qui peut \u00eatre utilis\u00e9 de fa\u00e7on autonome ou int\u00e9gr\u00e9 \u00e0 la suite NJ-Maintenance. NJ-Booking permet de d\u00e9finir des groupes d&rsquo;actifs (par exemple des salles de r\u00e9union, des bureaux, des \u00e9quipements mobiles, des outils, etc.) qui peuvent \u00eatre r\u00e9serv\u00e9s durant une p\u00e9riode donn\u00e9e tout en respectant un ensemble de conditions d&rsquo;utilisation et de facturation. NJ-Booking permet la cr\u00e9ation et l&rsquo;affectation de kits qui peuvent \u00eatre associ\u00e9s \u00e0 l&rsquo;actif r\u00e9serv\u00e9 (par exemple un ensemble de chaises et de tables, des \u00e9quipements audivisuels, etc.) et pouvant g\u00e9n\u00e9rer une facturation compl\u00e9mentaire. NJ-Booking s&rsquo;interface aussi avec le module d&rsquo;inventaire de NJ-Maintenance pour pouvoir proposer des pi\u00e8ces et articles divers lors de la r\u00e9servation (par exemple des piles, du carburants, etc.). NJ-Booking permet d&rsquo;effectuer le suivi des sorties et retours \u00e0 l&rsquo;inventaire de l&rsquo;ensemble des composants. NJ-Booking comprend une interface compl\u00e8te avec un calendrier perp\u00e9tuel, qui permet aux utilisateurs d&rsquo;effectuer, modifier et suivre leurs r\u00e9servations, depuis la cr\u00e9ation jusqu&rsquo;\u00e0 la facturation. NJ-Booking s&rsquo;int\u00e8gre avec le module des bons de travail de NJ-Maintenance et permet aux techniciens d&rsquo;effectuer des r\u00e9servations d&rsquo;\u00e9quipements pour r\u00e9aliser leurs interventions.<\/p>\n","protected":false},"author":3,"featured_media":0,"parent":0,"menu_order":0,"comment_status":"closed","ping_status":"closed","template":"","meta":{"jetpack_post_was_ever_published":false,"footnotes":""},"class_list":["post-1213","page","type-page","status-publish","hentry"],"acf":[],"jetpack_sharing_enabled":true,"_links":{"self":[{"href":"https:\/\/nj-maint.com\/gmao\/wp-json\/wp\/v2\/pages\/1213","targetHints":{"allow":["GET"]}}],"collection":[{"href":"https:\/\/nj-maint.com\/gmao\/wp-json\/wp\/v2\/pages"}],"about":[{"href":"https:\/\/nj-maint.com\/gmao\/wp-json\/wp\/v2\/types\/page"}],"author":[{"embeddable":true,"href":"https:\/\/nj-maint.com\/gmao\/wp-json\/wp\/v2\/users\/3"}],"replies":[{"embeddable":true,"href":"https:\/\/nj-maint.com\/gmao\/wp-json\/wp\/v2\/comments?post=1213"}],"version-history":[{"count":2,"href":"https:\/\/nj-maint.com\/gmao\/wp-json\/wp\/v2\/pages\/1213\/revisions"}],"predecessor-version":[{"id":1217,"href":"https:\/\/nj-maint.com\/gmao\/wp-json\/wp\/v2\/pages\/1213\/revisions\/1217"}],"wp:attachment":[{"href":"https:\/\/nj-maint.com\/gmao\/wp-json\/wp\/v2\/media?parent=1213"}],"curies":[{"name":"wp","href":"https:\/\/api.w.org\/{rel}","templated":true}]}}