{"id":1225,"date":"2025-01-23T21:48:27","date_gmt":"2025-01-23T21:48:27","guid":{"rendered":"https:\/\/nj-maint.com\/gmao\/?page_id=1225"},"modified":"2025-01-23T21:52:18","modified_gmt":"2025-01-23T21:52:18","slug":"a-propos-de-nous","status":"publish","type":"page","link":"https:\/\/nj-maint.com\/gmao\/fr\/a-propos-de-nous\/","title":{"rendered":"\u00c0 Propos"},"content":{"rendered":"\n<p>Avec plus de 30 ans d\u2019exp\u00e9rience, <strong>NJ-Maintenance<\/strong> s\u2019est impos\u00e9 comme un leader mondial dans le d\u00e9veloppement et l\u2019impl\u00e9mentation de solutions de Gestion de Maintenance Assist\u00e9e par Ordinateur (GMAO). Pl\u00e9biscit\u00e9s par des organisations en Am\u00e9rique du Nord, en Europe et en Asie, nous aidons les industries \u00e0 optimiser leurs op\u00e9rations de maintenance, \u00e0 am\u00e9liorer leur efficacit\u00e9 et \u00e0 atteindre leurs objectifs op\u00e9rationnels.<\/p>\n\n\n\n<p>Notre expertise s\u2019\u00e9tend \u00e0 une grande vari\u00e9t\u00e9 de secteurs, notamment les municipalit\u00e9s, les h\u00f4pitaux, les universit\u00e9s, les industries lourdes, la fabrication, les entreprises de services et le transport. Cette diversit\u00e9 nous permet de proposer des solutions sur mesure r\u00e9pondant aux d\u00e9fis uniques et aux besoins sp\u00e9cifiques de chaque domaine.<\/p>\n\n\n\n<p>Chez NJ-Maintenance, notre mission est de fournir des solutions de GMAO innovantes, conviviales et \u00e9volutives qui simplifient les processus de maintenance et favorisent le succ\u00e8s \u00e0 long terme. Notre plateforme, pens\u00e9e pour la flexibilit\u00e9, propose des fonctionnalit\u00e9s modulaires et des capacit\u00e9s d\u2019int\u00e9gration fluide, adapt\u00e9es aussi bien aux structures simples qu\u2019aux organisations complexes.<\/p>\n\n\n\n<p>Les points forts de nos solutions incluent :<\/p>\n\n\n\n<ul class=\"wp-block-list\">\n<li>Une gestion compl\u00e8te des actifs pour suivre et maintenir les \u00e9quipements critiques.<\/li>\n\n\n\n<li>Des outils avanc\u00e9s de planification pour la maintenance pr\u00e9ventive et pr\u00e9dictive.<\/li>\n\n\n\n<li>Des tableaux de bord et analyses en temps r\u00e9el pour des d\u00e9cisions \u00e9clair\u00e9es.<\/li>\n\n\n\n<li>Des applications mobiles pour des interventions terrain efficaces.<\/li>\n\n\n\n<li>Une interop\u00e9rabilit\u00e9 avec les syst\u00e8mes existants, incluant les plateformes financi\u00e8res et d\u2019inventaire.<\/li>\n<\/ul>\n\n\n\n<p>Construites sur des technologies modernes comme HTML5, JavaScript et Oracle, nos solutions sont s\u00e9curis\u00e9es, fiables et con\u00e7ues pour l\u2019avenir. Que vous g\u00e9riez un site unique ou une op\u00e9ration multi-sites, NJ-Maintenance garantit une collaboration fluide et une visibilit\u00e9 optimale entre vos \u00e9quipes.<\/p>\n\n\n\n<p>Avec des d\u00e9cennies d\u2019expertise et un engagement constant envers l\u2019innovation, nous sommes d\u00e9di\u00e9s \u00e0 aider nos clients \u00e0 r\u00e9duire les temps d\u2019arr\u00eat, ma\u00eetriser les co\u00fbts et am\u00e9liorer leur efficacit\u00e9 globale. <strong>Faites \u00e9quipe avec NJ-Maintenance et d\u00e9couvrez une approche plus intelligente et efficace de la gestion de maintenance.<\/strong><\/p>\n","protected":false},"excerpt":{"rendered":"<p>Avec plus de 30 ans d\u2019exp\u00e9rience, NJ-Maintenance s\u2019est impos\u00e9 comme un leader mondial dans le d\u00e9veloppement et l\u2019impl\u00e9mentation de solutions de Gestion de Maintenance Assist\u00e9e par Ordinateur (GMAO). Pl\u00e9biscit\u00e9s par des organisations en Am\u00e9rique du Nord, en Europe et en Asie, nous aidons les industries \u00e0 optimiser leurs op\u00e9rations de maintenance, \u00e0 am\u00e9liorer leur efficacit\u00e9 et \u00e0 atteindre leurs objectifs op\u00e9rationnels. Notre expertise s\u2019\u00e9tend \u00e0 une grande vari\u00e9t\u00e9 de secteurs, notamment les municipalit\u00e9s, les h\u00f4pitaux, les universit\u00e9s, les industries lourdes, la fabrication, les entreprises de services et le transport. Cette diversit\u00e9 nous permet de proposer des solutions sur mesure r\u00e9pondant aux d\u00e9fis uniques et aux besoins sp\u00e9cifiques de chaque domaine. Chez NJ-Maintenance, notre mission est de fournir des solutions de GMAO innovantes, conviviales et \u00e9volutives qui simplifient les processus de maintenance et favorisent le succ\u00e8s \u00e0 long terme. Notre plateforme, pens\u00e9e pour la flexibilit\u00e9, propose des fonctionnalit\u00e9s modulaires et des capacit\u00e9s d\u2019int\u00e9gration fluide, adapt\u00e9es aussi bien aux structures simples qu\u2019aux organisations complexes. Les points forts de nos solutions incluent : Construites sur des technologies modernes comme HTML5, JavaScript et Oracle, nos solutions sont s\u00e9curis\u00e9es, fiables et con\u00e7ues pour l\u2019avenir. Que vous g\u00e9riez un site unique ou une op\u00e9ration multi-sites, NJ-Maintenance garantit une collaboration fluide et une visibilit\u00e9 optimale entre vos \u00e9quipes. Avec des d\u00e9cennies d\u2019expertise et un engagement constant envers l\u2019innovation, nous sommes d\u00e9di\u00e9s \u00e0 aider nos clients \u00e0 r\u00e9duire les temps d\u2019arr\u00eat, ma\u00eetriser les co\u00fbts et am\u00e9liorer leur efficacit\u00e9 globale. Faites \u00e9quipe avec NJ-Maintenance et d\u00e9couvrez une approche plus intelligente et efficace de la gestion de maintenance.<\/p>\n","protected":false},"author":3,"featured_media":0,"parent":0,"menu_order":0,"comment_status":"closed","ping_status":"closed","template":"","meta":{"jetpack_post_was_ever_published":false,"footnotes":""},"class_list":["post-1225","page","type-page","status-publish","hentry"],"acf":[],"jetpack_sharing_enabled":true,"_links":{"self":[{"href":"https:\/\/nj-maint.com\/gmao\/wp-json\/wp\/v2\/pages\/1225","targetHints":{"allow":["GET"]}}],"collection":[{"href":"https:\/\/nj-maint.com\/gmao\/wp-json\/wp\/v2\/pages"}],"about":[{"href":"https:\/\/nj-maint.com\/gmao\/wp-json\/wp\/v2\/types\/page"}],"author":[{"embeddable":true,"href":"https:\/\/nj-maint.com\/gmao\/wp-json\/wp\/v2\/users\/3"}],"replies":[{"embeddable":true,"href":"https:\/\/nj-maint.com\/gmao\/wp-json\/wp\/v2\/comments?post=1225"}],"version-history":[{"count":2,"href":"https:\/\/nj-maint.com\/gmao\/wp-json\/wp\/v2\/pages\/1225\/revisions"}],"predecessor-version":[{"id":1228,"href":"https:\/\/nj-maint.com\/gmao\/wp-json\/wp\/v2\/pages\/1225\/revisions\/1228"}],"wp:attachment":[{"href":"https:\/\/nj-maint.com\/gmao\/wp-json\/wp\/v2\/media?parent=1225"}],"curies":[{"name":"wp","href":"https:\/\/api.w.org\/{rel}","templated":true}]}}