{"id":1236,"date":"2025-01-24T14:27:45","date_gmt":"2025-01-24T14:27:45","guid":{"rendered":"https:\/\/nj-maint.com\/gmao\/?page_id=1236"},"modified":"2025-01-24T14:27:50","modified_gmt":"2025-01-24T14:27:50","slug":"produtos","status":"publish","type":"page","link":"https:\/\/nj-maint.com\/gmao\/pt\/produtos\/","title":{"rendered":"Produtos"},"content":{"rendered":"\n<p>A su\u00edte <strong>NJ-Maintenance<\/strong> \u00e9 a solu\u00e7\u00e3o de Gest\u00e3o de Manuten\u00e7\u00e3o Assistida por Computador mais flex\u00edvel e moderna do mercado<\/p>\n\n\n\n<p>A <strong>NJ-Maintenance<\/strong> \u00e9 uma solu\u00e7\u00e3o vers\u00e1til e inovadora de Gest\u00e3o de Manuten\u00e7\u00e3o Assistida por Computador (CMMS), projetada para atender \u00e0s demandas de diferentes setores, desde o ambiente industrial e a gest\u00e3o de ativos at\u00e9 empresas prestadoras de servi\u00e7os. Com sua adaptabilidade, a su\u00edte pode ser integrada com facilidade tanto em estruturas simples quanto em organiza\u00e7\u00f5es complexas, multi-sites e multi-servi\u00e7os.<\/p>\n\n\n\n<p>A aplica\u00e7\u00e3o apresenta uma interface ergon\u00f4mica e \u00e9 baseada em tecnologias web padronizadas, o que facilita a integra\u00e7\u00e3o e o r\u00e1pido aprendizado por parte dos novos usu\u00e1rios.<\/p>\n\n\n\n<p>O grande diferencial da <strong>NJ-Maintenance<\/strong> \u00e9 sua total capacidade de personaliza\u00e7\u00e3o. A flexibilidade de configura\u00e7\u00e3o permite que a plataforma seja ajustada \u00e0s necessidades espec\u00edficas de diferentes departamentos e usu\u00e1rios, garantindo uma gest\u00e3o eficiente e uma visibilidade restrita de dados conforme as atividades e os pap\u00e9is de cada colaborador.<\/p>\n\n\n\n<h3 class=\"wp-block-heading\">Funcionalidades inclusas no NJ-Maintenance<\/h3>\n\n\n\n<ul class=\"wp-block-list\">\n<li><strong>M\u00f3dulo de reservas:<\/strong><br>Um sistema interativo que permite aos usu\u00e1rios realizar reservas de salas e equipamentos atrav\u00e9s de um calend\u00e1rio din\u00e2mico, otimizando a aloca\u00e7\u00e3o de recursos e evitando conflitos de uso.<\/li>\n\n\n\n<li><strong>Portal do cliente 100% configur\u00e1vel:<\/strong><br>Uma ferramenta que oferece total transpar\u00eancia no acompanhamento de solicita\u00e7\u00f5es, permitindo a troca de informa\u00e7\u00f5es entre fornecedores, clientes, colaboradores e gestores. Essa funcionalidade melhora a comunica\u00e7\u00e3o e assegura uma gest\u00e3o eficiente das demandas.<\/li>\n\n\n\n<li><strong>Aplicativos m\u00f3veis para t\u00e9cnicos de campo:<\/strong><br>Uma su\u00edte de aplicativos que capacita os t\u00e9cnicos a realizarem interven\u00e7\u00f5es diretamente no local, com acesso instant\u00e2neo a todo o hist\u00f3rico dos equipamentos. Essa funcionalidade melhora a precis\u00e3o das tarefas, reduz o tempo de inatividade e promove uma maior efici\u00eancia operacional.<\/li>\n<\/ul>\n\n\n\n<p>Com sua ampla capacidade de personaliza\u00e7\u00e3o e suporte \u00e0s tecnologias mais modernas, a <strong>NJ-Maintenance<\/strong> \u00e9 a solu\u00e7\u00e3o ideal para empresas que buscam otimizar seus processos de manuten\u00e7\u00e3o, melhorar a colabora\u00e7\u00e3o entre equipes e garantir o m\u00e1ximo de efici\u00eancia em suas opera\u00e7\u00f5es.<\/p>\n","protected":false},"excerpt":{"rendered":"<p>A su\u00edte NJ-Maintenance \u00e9 a solu\u00e7\u00e3o de Gest\u00e3o de Manuten\u00e7\u00e3o Assistida por Computador mais flex\u00edvel e moderna do mercado A NJ-Maintenance \u00e9 uma solu\u00e7\u00e3o vers\u00e1til e inovadora de Gest\u00e3o de Manuten\u00e7\u00e3o Assistida por Computador (CMMS), projetada para atender \u00e0s demandas de diferentes setores, desde o ambiente industrial e a gest\u00e3o de ativos at\u00e9 empresas prestadoras de servi\u00e7os. Com sua adaptabilidade, a su\u00edte pode ser integrada com facilidade tanto em estruturas simples quanto em organiza\u00e7\u00f5es complexas, multi-sites e multi-servi\u00e7os. A aplica\u00e7\u00e3o apresenta uma interface ergon\u00f4mica e \u00e9 baseada em tecnologias web padronizadas, o que facilita a integra\u00e7\u00e3o e o r\u00e1pido aprendizado por parte dos novos usu\u00e1rios. O grande diferencial da NJ-Maintenance \u00e9 sua total capacidade de personaliza\u00e7\u00e3o. A flexibilidade de configura\u00e7\u00e3o permite que a plataforma seja ajustada \u00e0s necessidades espec\u00edficas de diferentes departamentos e usu\u00e1rios, garantindo uma gest\u00e3o eficiente e uma visibilidade restrita de dados conforme as atividades e os pap\u00e9is de cada colaborador. Funcionalidades inclusas no NJ-Maintenance Com sua ampla capacidade de personaliza\u00e7\u00e3o e suporte \u00e0s tecnologias mais modernas, a NJ-Maintenance \u00e9 a solu\u00e7\u00e3o ideal para empresas que buscam otimizar seus processos de manuten\u00e7\u00e3o, melhorar a colabora\u00e7\u00e3o entre equipes e garantir o m\u00e1ximo de efici\u00eancia em suas opera\u00e7\u00f5es.<\/p>\n","protected":false},"author":3,"featured_media":0,"parent":0,"menu_order":0,"comment_status":"closed","ping_status":"closed","template":"","meta":{"jetpack_post_was_ever_published":false,"footnotes":""},"class_list":["post-1236","page","type-page","status-publish","hentry"],"acf":[],"jetpack_sharing_enabled":true,"_links":{"self":[{"href":"https:\/\/nj-maint.com\/gmao\/wp-json\/wp\/v2\/pages\/1236","targetHints":{"allow":["GET"]}}],"collection":[{"href":"https:\/\/nj-maint.com\/gmao\/wp-json\/wp\/v2\/pages"}],"about":[{"href":"https:\/\/nj-maint.com\/gmao\/wp-json\/wp\/v2\/types\/page"}],"author":[{"embeddable":true,"href":"https:\/\/nj-maint.com\/gmao\/wp-json\/wp\/v2\/users\/3"}],"replies":[{"embeddable":true,"href":"https:\/\/nj-maint.com\/gmao\/wp-json\/wp\/v2\/comments?post=1236"}],"version-history":[{"count":1,"href":"https:\/\/nj-maint.com\/gmao\/wp-json\/wp\/v2\/pages\/1236\/revisions"}],"predecessor-version":[{"id":1237,"href":"https:\/\/nj-maint.com\/gmao\/wp-json\/wp\/v2\/pages\/1236\/revisions\/1237"}],"wp:attachment":[{"href":"https:\/\/nj-maint.com\/gmao\/wp-json\/wp\/v2\/media?parent=1236"}],"curies":[{"name":"wp","href":"https:\/\/api.w.org\/{rel}","templated":true}]}}