{"id":1246,"date":"2025-01-24T14:43:46","date_gmt":"2025-01-24T14:43:46","guid":{"rendered":"https:\/\/nj-maint.com\/gmao\/?page_id=1246"},"modified":"2025-01-24T14:43:49","modified_gmt":"2025-01-24T14:43:49","slug":"interoperabilidade","status":"publish","type":"page","link":"https:\/\/nj-maint.com\/gmao\/pt\/interoperabilidade\/","title":{"rendered":"Interoperabilidade"},"content":{"rendered":"\n<p>A solu\u00e7\u00e3o <strong>NJ-Maintenance<\/strong> \u00e9 totalmente modular, f\u00e1cil de adaptar e escal\u00e1vel. M\u00f3dulos externos e gateways de interoperabilidade podem ser desenvolvidos e integrados de forma simples e r\u00e1pida. Diferentes integra\u00e7\u00f5es, como por exemplo com um sistema financeiro ou um sistema de combust\u00edvel, podem ser realizadas rapidamente.<\/p>\n\n\n\n<p>Gra\u00e7as \u00e0 sua <strong>API completa e modular<\/strong>, \u00e0 sua implementa\u00e7\u00e3o nativa de <strong>Websockets<\/strong> e \u00e0 sua base de dados aberta, \u00e9 f\u00e1cil integrar outros m\u00f3dulos e aplicativos externos que podem se comunicar em tempo real e de forma bidirecional com o NJ-Maintenance. A base de dados do NJ-Maintenance garante a integridade dos dados.<\/p>\n\n\n\n<p>A plataforma <strong>NJ-Maintenance<\/strong> foi projetada com grande aten\u00e7\u00e3o \u00e0s possibilidades futuras de interoperabilidade com os sistemas existentes da organiza\u00e7\u00e3o onde ela ser\u00e1 implantada. De forma mais simples, o software NJ-Maintenance pode ser implantado em uma pequena organiza\u00e7\u00e3o como um sistema aut\u00f4nomo de gest\u00e3o de manuten\u00e7\u00e3o. A base de dados implementada permite a centraliza\u00e7\u00e3o das informa\u00e7\u00f5es e a implementa\u00e7\u00e3o de ferramentas para consulta e dissemina\u00e7\u00e3o de dados.<\/p>\n\n\n\n<p>Quando implantado em uma organiza\u00e7\u00e3o que j\u00e1 possui sistemas de informa\u00e7\u00e3o e reposit\u00f3rios de dados que servem como fontes autorizadas para os diversos departamentos, o objetivo da implementa\u00e7\u00e3o \u00e9 <strong>integrar-se ao ecossistema tecnol\u00f3gico e de software j\u00e1 existente<\/strong>.<\/p>\n","protected":false},"excerpt":{"rendered":"<p>A solu\u00e7\u00e3o NJ-Maintenance \u00e9 totalmente modular, f\u00e1cil de adaptar e escal\u00e1vel. M\u00f3dulos externos e gateways de interoperabilidade podem ser desenvolvidos e integrados de forma simples e r\u00e1pida. Diferentes integra\u00e7\u00f5es, como por exemplo com um sistema financeiro ou um sistema de combust\u00edvel, podem ser realizadas rapidamente. Gra\u00e7as \u00e0 sua API completa e modular, \u00e0 sua implementa\u00e7\u00e3o nativa de Websockets e \u00e0 sua base de dados aberta, \u00e9 f\u00e1cil integrar outros m\u00f3dulos e aplicativos externos que podem se comunicar em tempo real e de forma bidirecional com o NJ-Maintenance. A base de dados do NJ-Maintenance garante a integridade dos dados. A plataforma NJ-Maintenance foi projetada com grande aten\u00e7\u00e3o \u00e0s possibilidades futuras de interoperabilidade com os sistemas existentes da organiza\u00e7\u00e3o onde ela ser\u00e1 implantada. De forma mais simples, o software NJ-Maintenance pode ser implantado em uma pequena organiza\u00e7\u00e3o como um sistema aut\u00f4nomo de gest\u00e3o de manuten\u00e7\u00e3o. A base de dados implementada permite a centraliza\u00e7\u00e3o das informa\u00e7\u00f5es e a implementa\u00e7\u00e3o de ferramentas para consulta e dissemina\u00e7\u00e3o de dados. Quando implantado em uma organiza\u00e7\u00e3o que j\u00e1 possui sistemas de informa\u00e7\u00e3o e reposit\u00f3rios de dados que servem como fontes autorizadas para os diversos departamentos, o objetivo da implementa\u00e7\u00e3o \u00e9 integrar-se ao ecossistema tecnol\u00f3gico e de software j\u00e1 existente.<\/p>\n","protected":false},"author":3,"featured_media":0,"parent":0,"menu_order":0,"comment_status":"closed","ping_status":"closed","template":"","meta":{"jetpack_post_was_ever_published":false,"footnotes":""},"class_list":["post-1246","page","type-page","status-publish","hentry"],"acf":[],"jetpack_sharing_enabled":true,"_links":{"self":[{"href":"https:\/\/nj-maint.com\/gmao\/wp-json\/wp\/v2\/pages\/1246","targetHints":{"allow":["GET"]}}],"collection":[{"href":"https:\/\/nj-maint.com\/gmao\/wp-json\/wp\/v2\/pages"}],"about":[{"href":"https:\/\/nj-maint.com\/gmao\/wp-json\/wp\/v2\/types\/page"}],"author":[{"embeddable":true,"href":"https:\/\/nj-maint.com\/gmao\/wp-json\/wp\/v2\/users\/3"}],"replies":[{"embeddable":true,"href":"https:\/\/nj-maint.com\/gmao\/wp-json\/wp\/v2\/comments?post=1246"}],"version-history":[{"count":1,"href":"https:\/\/nj-maint.com\/gmao\/wp-json\/wp\/v2\/pages\/1246\/revisions"}],"predecessor-version":[{"id":1247,"href":"https:\/\/nj-maint.com\/gmao\/wp-json\/wp\/v2\/pages\/1246\/revisions\/1247"}],"wp:attachment":[{"href":"https:\/\/nj-maint.com\/gmao\/wp-json\/wp\/v2\/media?parent=1246"}],"curies":[{"name":"wp","href":"https:\/\/api.w.org\/{rel}","templated":true}]}}