{"id":1252,"date":"2025-01-24T14:51:40","date_gmt":"2025-01-24T14:51:40","guid":{"rendered":"https:\/\/nj-maint.com\/gmao\/?page_id=1252"},"modified":"2025-01-24T14:51:46","modified_gmt":"2025-01-24T14:51:46","slug":"sobre-nos","status":"publish","type":"page","link":"https:\/\/nj-maint.com\/gmao\/pt\/sobre-nos\/","title":{"rendered":"Sobre N\u00f3s"},"content":{"rendered":"\n<p>Com mais de 30 anos de experi\u00eancia, o NJ-Maintenance se consolidou como l\u00edder mundial no desenvolvimento e implementa\u00e7\u00e3o de solu\u00e7\u00f5es de Gest\u00e3o de Manuten\u00e7\u00e3o Assistida por Computador (GMAO). Apreciados por organiza\u00e7\u00f5es na Am\u00e9rica do Norte, Europa e \u00c1sia, ajudamos as ind\u00fastrias a otimizar suas opera\u00e7\u00f5es de manuten\u00e7\u00e3o, melhorar sua efici\u00eancia e alcan\u00e7ar seus objetivos operacionais.<\/p>\n\n\n\n<p>Nossa expertise abrange uma ampla variedade de setores, incluindo munic\u00edpios, hospitais, universidades, ind\u00fastrias pesadas, manufatura, empresas de servi\u00e7os e transporte. Essa diversidade nos permite oferecer solu\u00e7\u00f5es sob medida para enfrentar os desafios e as necessidades espec\u00edficas de cada \u00e1rea.<\/p>\n\n\n\n<p>No NJ-Maintenance, nossa miss\u00e3o \u00e9 fornecer solu\u00e7\u00f5es de GMAO inovadoras, intuitivas e escal\u00e1veis que simplificam os processos de manuten\u00e7\u00e3o e promovem o sucesso a longo prazo. Nossa plataforma, projetada para ser flex\u00edvel, oferece funcionalidades modulares e capacidades de integra\u00e7\u00e3o fluida, adequadas tanto para estruturas simples quanto para organiza\u00e7\u00f5es complexas.<\/p>\n\n\n\n<p>Os principais benef\u00edcios das nossas solu\u00e7\u00f5es incluem:<\/p>\n\n\n\n<ul class=\"wp-block-list\">\n<li>Gest\u00e3o completa de ativos para monitorar e manter equipamentos cr\u00edticos.<\/li>\n\n\n\n<li>Ferramentas avan\u00e7adas de planejamento para manuten\u00e7\u00e3o preventiva e preditiva.<\/li>\n\n\n\n<li>Pain\u00e9is de controle e an\u00e1lises em tempo real para decis\u00f5es informadas.<\/li>\n\n\n\n<li>Aplicativos m\u00f3veis para interven\u00e7\u00f5es no campo eficientes.<\/li>\n\n\n\n<li>Interoperabilidade com sistemas existentes, incluindo plataformas financeiras e de invent\u00e1rio.<\/li>\n<\/ul>\n\n\n\n<p>Constru\u00eddas com tecnologias modernas como HTML5, JavaScript e Oracle, nossas solu\u00e7\u00f5es s\u00e3o seguras, confi\u00e1veis e projetadas para o futuro. Se voc\u00ea gerencia um \u00fanico site ou uma opera\u00e7\u00e3o multi-sites, o NJ-Maintenance garante uma colabora\u00e7\u00e3o fluida e visibilidade otimizada entre suas equipes.<\/p>\n\n\n\n<p>Com d\u00e9cadas de experi\u00eancia e um compromisso constante com a inova\u00e7\u00e3o, somos dedicados a ajudar nossos clientes a reduzir o tempo de inatividade, controlar custos e melhorar sua efici\u00eancia geral. Fa\u00e7a parceria com o NJ-Maintenance e descubra uma abordagem mais inteligente e eficiente para a gest\u00e3o de manuten\u00e7\u00e3o.<\/p>\n","protected":false},"excerpt":{"rendered":"<p>Com mais de 30 anos de experi\u00eancia, o NJ-Maintenance se consolidou como l\u00edder mundial no desenvolvimento e implementa\u00e7\u00e3o de solu\u00e7\u00f5es de Gest\u00e3o de Manuten\u00e7\u00e3o Assistida por Computador (GMAO). Apreciados por organiza\u00e7\u00f5es na Am\u00e9rica do Norte, Europa e \u00c1sia, ajudamos as ind\u00fastrias a otimizar suas opera\u00e7\u00f5es de manuten\u00e7\u00e3o, melhorar sua efici\u00eancia e alcan\u00e7ar seus objetivos operacionais. Nossa expertise abrange uma ampla variedade de setores, incluindo munic\u00edpios, hospitais, universidades, ind\u00fastrias pesadas, manufatura, empresas de servi\u00e7os e transporte. Essa diversidade nos permite oferecer solu\u00e7\u00f5es sob medida para enfrentar os desafios e as necessidades espec\u00edficas de cada \u00e1rea. No NJ-Maintenance, nossa miss\u00e3o \u00e9 fornecer solu\u00e7\u00f5es de GMAO inovadoras, intuitivas e escal\u00e1veis que simplificam os processos de manuten\u00e7\u00e3o e promovem o sucesso a longo prazo. Nossa plataforma, projetada para ser flex\u00edvel, oferece funcionalidades modulares e capacidades de integra\u00e7\u00e3o fluida, adequadas tanto para estruturas simples quanto para organiza\u00e7\u00f5es complexas. Os principais benef\u00edcios das nossas solu\u00e7\u00f5es incluem: Constru\u00eddas com tecnologias modernas como HTML5, JavaScript e Oracle, nossas solu\u00e7\u00f5es s\u00e3o seguras, confi\u00e1veis e projetadas para o futuro. Se voc\u00ea gerencia um \u00fanico site ou uma opera\u00e7\u00e3o multi-sites, o NJ-Maintenance garante uma colabora\u00e7\u00e3o fluida e visibilidade otimizada entre suas equipes. Com d\u00e9cadas de experi\u00eancia e um compromisso constante com a inova\u00e7\u00e3o, somos dedicados a ajudar nossos clientes a reduzir o tempo de inatividade, controlar custos e melhorar sua efici\u00eancia geral. Fa\u00e7a parceria com o NJ-Maintenance e descubra uma abordagem mais inteligente e eficiente para a gest\u00e3o de manuten\u00e7\u00e3o.<\/p>\n","protected":false},"author":3,"featured_media":0,"parent":0,"menu_order":0,"comment_status":"closed","ping_status":"closed","template":"","meta":{"jetpack_post_was_ever_published":false,"footnotes":""},"class_list":["post-1252","page","type-page","status-publish","hentry"],"acf":[],"jetpack_sharing_enabled":true,"_links":{"self":[{"href":"https:\/\/nj-maint.com\/gmao\/wp-json\/wp\/v2\/pages\/1252","targetHints":{"allow":["GET"]}}],"collection":[{"href":"https:\/\/nj-maint.com\/gmao\/wp-json\/wp\/v2\/pages"}],"about":[{"href":"https:\/\/nj-maint.com\/gmao\/wp-json\/wp\/v2\/types\/page"}],"author":[{"embeddable":true,"href":"https:\/\/nj-maint.com\/gmao\/wp-json\/wp\/v2\/users\/3"}],"replies":[{"embeddable":true,"href":"https:\/\/nj-maint.com\/gmao\/wp-json\/wp\/v2\/comments?post=1252"}],"version-history":[{"count":1,"href":"https:\/\/nj-maint.com\/gmao\/wp-json\/wp\/v2\/pages\/1252\/revisions"}],"predecessor-version":[{"id":1253,"href":"https:\/\/nj-maint.com\/gmao\/wp-json\/wp\/v2\/pages\/1252\/revisions\/1253"}],"wp:attachment":[{"href":"https:\/\/nj-maint.com\/gmao\/wp-json\/wp\/v2\/media?parent=1252"}],"curies":[{"name":"wp","href":"https:\/\/api.w.org\/{rel}","templated":true}]}}