{"id":1292,"date":"2025-01-24T17:15:39","date_gmt":"2025-01-24T17:15:39","guid":{"rendered":"https:\/\/nj-maint.com\/gmao\/?page_id=1292"},"modified":"2025-01-24T17:15:45","modified_gmt":"2025-01-24T17:15:45","slug":"sobre-nosotras","status":"publish","type":"page","link":"https:\/\/nj-maint.com\/gmao\/es\/sobre-nosotras\/","title":{"rendered":"Sobre nosotras"},"content":{"rendered":"\n<p>Con m\u00e1s de 30 a\u00f1os de experiencia, <strong>NJ-Maintenance<\/strong> se ha consolidado como l\u00edder mundial en el desarrollo e implementaci\u00f3n de soluciones de Gesti\u00f3n de Mantenimiento Asistido por Ordenador (GMAO). Aclamados por organizaciones en Am\u00e9rica del Norte, Europa y Asia, ayudamos a las industrias a optimizar sus operaciones de mantenimiento, mejorar su eficiencia y alcanzar sus objetivos operacionales.<\/p>\n\n\n\n<p>Nuestra experiencia abarca una amplia variedad de sectores, incluidos los municipios, hospitales, universidades, industrias pesadas, fabricaci\u00f3n, empresas de servicios y transporte. Esta diversidad nos permite ofrecer soluciones a medida que responden a los desaf\u00edos \u00fanicos y necesidades espec\u00edficas de cada sector.<\/p>\n\n\n\n<p>En <strong>NJ-Maintenance<\/strong>, nuestra misi\u00f3n es proporcionar soluciones de GMAO innovadoras, f\u00e1ciles de usar y escalables que simplifiquen los procesos de mantenimiento y promuevan el \u00e9xito a largo plazo. Nuestra plataforma, dise\u00f1ada para la flexibilidad, ofrece funcionalidades modulares y capacidades de integraci\u00f3n fluida, adaptadas tanto a estructuras simples como a organizaciones complejas.<\/p>\n\n\n\n<p>Las fortalezas de nuestras soluciones incluyen:<\/p>\n\n\n\n<ul class=\"wp-block-list\">\n<li>Gesti\u00f3n completa de activos para seguir y mantener los equipos cr\u00edticos.<\/li>\n\n\n\n<li>Herramientas avanzadas de planificaci\u00f3n para el mantenimiento preventivo y predictivo.<\/li>\n\n\n\n<li>Tableros de control y an\u00e1lisis en tiempo real para decisiones informadas.<\/li>\n\n\n\n<li>Aplicaciones m\u00f3viles para intervenciones en el terreno eficientes.<\/li>\n\n\n\n<li>Interoperabilidad con los sistemas existentes, incluidas las plataformas financieras y de inventario.<\/li>\n<\/ul>\n\n\n\n<p>Construidas sobre tecnolog\u00edas modernas como HTML5, JavaScript y Oracle, nuestras soluciones son seguras, confiables y dise\u00f1adas para el futuro. Ya sea que gestione un sitio \u00fanico o una operaci\u00f3n multi-sitios, NJ-Maintenance garantiza una colaboraci\u00f3n fluida y una visibilidad \u00f3ptima entre sus equipos.<\/p>\n\n\n\n<p>Con d\u00e9cadas de experiencia y un compromiso constante con la innovaci\u00f3n, estamos dedicados a ayudar a nuestros clientes a reducir los tiempos de inactividad, controlar los costos y mejorar su eficiencia global. <strong>Haga equipo con NJ-Maintenance y descubra un enfoque m\u00e1s inteligente y eficiente de la gesti\u00f3n de mantenimiento<\/strong>.<\/p>\n","protected":false},"excerpt":{"rendered":"<p>Con m\u00e1s de 30 a\u00f1os de experiencia, NJ-Maintenance se ha consolidado como l\u00edder mundial en el desarrollo e implementaci\u00f3n de soluciones de Gesti\u00f3n de Mantenimiento Asistido por Ordenador (GMAO). Aclamados por organizaciones en Am\u00e9rica del Norte, Europa y Asia, ayudamos a las industrias a optimizar sus operaciones de mantenimiento, mejorar su eficiencia y alcanzar sus objetivos operacionales. Nuestra experiencia abarca una amplia variedad de sectores, incluidos los municipios, hospitales, universidades, industrias pesadas, fabricaci\u00f3n, empresas de servicios y transporte. Esta diversidad nos permite ofrecer soluciones a medida que responden a los desaf\u00edos \u00fanicos y necesidades espec\u00edficas de cada sector. En NJ-Maintenance, nuestra misi\u00f3n es proporcionar soluciones de GMAO innovadoras, f\u00e1ciles de usar y escalables que simplifiquen los procesos de mantenimiento y promuevan el \u00e9xito a largo plazo. Nuestra plataforma, dise\u00f1ada para la flexibilidad, ofrece funcionalidades modulares y capacidades de integraci\u00f3n fluida, adaptadas tanto a estructuras simples como a organizaciones complejas. Las fortalezas de nuestras soluciones incluyen: Construidas sobre tecnolog\u00edas modernas como HTML5, JavaScript y Oracle, nuestras soluciones son seguras, confiables y dise\u00f1adas para el futuro. Ya sea que gestione un sitio \u00fanico o una operaci\u00f3n multi-sitios, NJ-Maintenance garantiza una colaboraci\u00f3n fluida y una visibilidad \u00f3ptima entre sus equipos. Con d\u00e9cadas de experiencia y un compromiso constante con la innovaci\u00f3n, estamos dedicados a ayudar a nuestros clientes a reducir los tiempos de inactividad, controlar los costos y mejorar su eficiencia global. Haga equipo con NJ-Maintenance y descubra un enfoque m\u00e1s inteligente y eficiente de la gesti\u00f3n de mantenimiento.<\/p>\n","protected":false},"author":3,"featured_media":0,"parent":0,"menu_order":0,"comment_status":"closed","ping_status":"closed","template":"","meta":{"jetpack_post_was_ever_published":false,"footnotes":""},"class_list":["post-1292","page","type-page","status-publish","hentry"],"acf":[],"jetpack_sharing_enabled":true,"_links":{"self":[{"href":"https:\/\/nj-maint.com\/gmao\/wp-json\/wp\/v2\/pages\/1292","targetHints":{"allow":["GET"]}}],"collection":[{"href":"https:\/\/nj-maint.com\/gmao\/wp-json\/wp\/v2\/pages"}],"about":[{"href":"https:\/\/nj-maint.com\/gmao\/wp-json\/wp\/v2\/types\/page"}],"author":[{"embeddable":true,"href":"https:\/\/nj-maint.com\/gmao\/wp-json\/wp\/v2\/users\/3"}],"replies":[{"embeddable":true,"href":"https:\/\/nj-maint.com\/gmao\/wp-json\/wp\/v2\/comments?post=1292"}],"version-history":[{"count":1,"href":"https:\/\/nj-maint.com\/gmao\/wp-json\/wp\/v2\/pages\/1292\/revisions"}],"predecessor-version":[{"id":1293,"href":"https:\/\/nj-maint.com\/gmao\/wp-json\/wp\/v2\/pages\/1292\/revisions\/1293"}],"wp:attachment":[{"href":"https:\/\/nj-maint.com\/gmao\/wp-json\/wp\/v2\/media?parent=1292"}],"curies":[{"name":"wp","href":"https:\/\/api.w.org\/{rel}","templated":true}]}}