{"id":1295,"date":"2025-01-24T17:19:09","date_gmt":"2025-01-24T17:19:09","guid":{"rendered":"https:\/\/nj-maint.com\/gmao\/?page_id=1295"},"modified":"2025-01-24T17:19:14","modified_gmt":"2025-01-24T17:19:14","slug":"nj-reserva","status":"publish","type":"page","link":"https:\/\/nj-maint.com\/gmao\/es\/nj-reserva\/","title":{"rendered":"NJ-Reserva"},"content":{"rendered":"\n<p><strong>NJ-Reserva<\/strong> es un m\u00f3dulo de reservas que se puede utilizar de forma aut\u00f3noma o integrado en la suite NJ-Maintenance.<\/p>\n\n\n\n<p><strong>NJ-Reserva<\/strong> permite definir grupos de activos (por ejemplo, salas de reuniones, oficinas, equipos m\u00f3viles, herramientas, etc.) que pueden ser reservados durante un per\u00edodo determinado, respetando un conjunto de condiciones de uso y facturaci\u00f3n.<\/p>\n\n\n\n<p><strong>NJ-Reserva<\/strong> permite la creaci\u00f3n y asignaci\u00f3n de kits que pueden asociarse al activo reservado (por ejemplo, un conjunto de sillas y mesas, equipos audiovisuales, etc.) y generar una facturaci\u00f3n adicional.<\/p>\n\n\n\n<p><strong>NJ-Reserva<\/strong> tambi\u00e9n se integra con el m\u00f3dulo de inventario de NJ-Maintenance para ofrecer piezas y art\u00edculos diversos durante la reserva (por ejemplo, pilas, combustible, etc.).<\/p>\n\n\n\n<p><strong>NJ-Reserva<\/strong> permite realizar el seguimiento de las salidas y devoluciones al inventario de todos los componentes.<\/p>\n\n\n\n<p><strong>NJ-Reserva<\/strong> incluye una interfaz completa con un calendario perpetuo, que permite a los usuarios realizar, modificar y seguir sus reservas, desde la creaci\u00f3n hasta la facturaci\u00f3n.<\/p>\n\n\n\n<p><strong>NJ-Reserva<\/strong> se integra con el m\u00f3dulo de \u00f3rdenes de trabajo de NJ-Maintenance y permite a los t\u00e9cnicos realizar reservas de equipos para llevar a cabo sus intervenciones.<\/p>\n","protected":false},"excerpt":{"rendered":"<p>NJ-Reserva es un m\u00f3dulo de reservas que se puede utilizar de forma aut\u00f3noma o integrado en la suite NJ-Maintenance. NJ-Reserva permite definir grupos de activos (por ejemplo, salas de reuniones, oficinas, equipos m\u00f3viles, herramientas, etc.) que pueden ser reservados durante un per\u00edodo determinado, respetando un conjunto de condiciones de uso y facturaci\u00f3n. NJ-Reserva permite la creaci\u00f3n y asignaci\u00f3n de kits que pueden asociarse al activo reservado (por ejemplo, un conjunto de sillas y mesas, equipos audiovisuales, etc.) y generar una facturaci\u00f3n adicional. NJ-Reserva tambi\u00e9n se integra con el m\u00f3dulo de inventario de NJ-Maintenance para ofrecer piezas y art\u00edculos diversos durante la reserva (por ejemplo, pilas, combustible, etc.). NJ-Reserva permite realizar el seguimiento de las salidas y devoluciones al inventario de todos los componentes. NJ-Reserva incluye una interfaz completa con un calendario perpetuo, que permite a los usuarios realizar, modificar y seguir sus reservas, desde la creaci\u00f3n hasta la facturaci\u00f3n. NJ-Reserva se integra con el m\u00f3dulo de \u00f3rdenes de trabajo de NJ-Maintenance y permite a los t\u00e9cnicos realizar reservas de equipos para llevar a cabo sus intervenciones.<\/p>\n","protected":false},"author":3,"featured_media":0,"parent":0,"menu_order":0,"comment_status":"closed","ping_status":"closed","template":"","meta":{"jetpack_post_was_ever_published":false,"footnotes":""},"class_list":["post-1295","page","type-page","status-publish","hentry"],"acf":[],"jetpack_sharing_enabled":true,"_links":{"self":[{"href":"https:\/\/nj-maint.com\/gmao\/wp-json\/wp\/v2\/pages\/1295","targetHints":{"allow":["GET"]}}],"collection":[{"href":"https:\/\/nj-maint.com\/gmao\/wp-json\/wp\/v2\/pages"}],"about":[{"href":"https:\/\/nj-maint.com\/gmao\/wp-json\/wp\/v2\/types\/page"}],"author":[{"embeddable":true,"href":"https:\/\/nj-maint.com\/gmao\/wp-json\/wp\/v2\/users\/3"}],"replies":[{"embeddable":true,"href":"https:\/\/nj-maint.com\/gmao\/wp-json\/wp\/v2\/comments?post=1295"}],"version-history":[{"count":1,"href":"https:\/\/nj-maint.com\/gmao\/wp-json\/wp\/v2\/pages\/1295\/revisions"}],"predecessor-version":[{"id":1296,"href":"https:\/\/nj-maint.com\/gmao\/wp-json\/wp\/v2\/pages\/1295\/revisions\/1296"}],"wp:attachment":[{"href":"https:\/\/nj-maint.com\/gmao\/wp-json\/wp\/v2\/media?parent=1295"}],"curies":[{"name":"wp","href":"https:\/\/api.w.org\/{rel}","templated":true}]}}