{"id":18,"date":"2018-12-04T23:42:09","date_gmt":"2018-12-04T23:42:09","guid":{"rendered":"https:\/\/nj-maint.com\/gmao\/?page_id=18"},"modified":"2025-01-27T16:07:14","modified_gmt":"2025-01-27T16:07:14","slug":"nj-lite","status":"publish","type":"page","link":"https:\/\/nj-maint.com\/gmao\/fr\/nj-lite\/","title":{"rendered":"NJ-Lite"},"content":{"rendered":"<div class=\"wp-block-image\">\n<figure class=\"alignright\"><img data-recalc-dims=\"1\" fetchpriority=\"high\" decoding=\"async\" width=\"738\" height=\"399\" data-attachment-id=\"930\" data-permalink=\"https:\/\/nj-maint.com\/gmao\/fr\/nj-lite\/nj-lite-3\/\" data-orig-file=\"https:\/\/i0.wp.com\/nj-maint.com\/gmao\/wp-content\/uploads\/2018\/12\/NJ-Lite-1.jpg?fit=738%2C399&amp;ssl=1\" data-orig-size=\"738,399\" data-comments-opened=\"1\" data-image-meta=\"{&quot;aperture&quot;:&quot;0&quot;,&quot;credit&quot;:&quot;&quot;,&quot;camera&quot;:&quot;&quot;,&quot;caption&quot;:&quot;&quot;,&quot;created_timestamp&quot;:&quot;0&quot;,&quot;copyright&quot;:&quot;&quot;,&quot;focal_length&quot;:&quot;0&quot;,&quot;iso&quot;:&quot;0&quot;,&quot;shutter_speed&quot;:&quot;0&quot;,&quot;title&quot;:&quot;&quot;,&quot;orientation&quot;:&quot;1&quot;}\" data-image-title=\"NJ-Lite\" data-image-description=\"\" data-image-caption=\"\" data-medium-file=\"https:\/\/i0.wp.com\/nj-maint.com\/gmao\/wp-content\/uploads\/2018\/12\/NJ-Lite-1.jpg?fit=300%2C162&amp;ssl=1\" data-large-file=\"https:\/\/i0.wp.com\/nj-maint.com\/gmao\/wp-content\/uploads\/2018\/12\/NJ-Lite-1.jpg?fit=738%2C399&amp;ssl=1\" src=\"https:\/\/i0.wp.com\/nj-maint.com\/gmao\/wp-content\/uploads\/2018\/12\/NJ-Lite-1.jpg?resize=738%2C399&#038;ssl=1\" alt=\"\" class=\"wp-image-930\" srcset=\"https:\/\/i0.wp.com\/nj-maint.com\/gmao\/wp-content\/uploads\/2018\/12\/NJ-Lite-1.jpg?w=738&amp;ssl=1 738w, https:\/\/i0.wp.com\/nj-maint.com\/gmao\/wp-content\/uploads\/2018\/12\/NJ-Lite-1.jpg?resize=300%2C162&amp;ssl=1 300w\" sizes=\"(max-width: 738px) 100vw, 738px\" \/><\/figure>\n<\/div>\n\n\n<p><strong>NJ-Lite<\/strong> est un portail Web l\u00e9ger enti\u00e8rement configurable qui permet de partager de l\u2019information avec les clients, les fournisseurs ou tout autre intervenant. <\/p>\n\n\n\n<p><\/p>\n\n\n\n<p><strong>NJ-Lite<\/strong> permet, entre autres, de cr\u00e9er et de faire le suivi de demandes d\u2019interventions, de suivre l\u2019ensemble des interventions, de faire des relev\u00e9s de compteurs, de diffuser de l\u2019information sur les \u00e9quipements ou les co\u00fbts d\u2019op\u00e9ration, de publier les rapports d\u2019intervention, de compiler des donn\u00e9es de gestion ou des indicateurs de performance.<\/p>\n\n\n\n<p><\/p>\n\n\n\n<p>Toute information disponible dans la base de donn\u00e9es peut \u00eatre utilis\u00e9e pour fournir de l\u2019information aux bons intervenants sur un portail <strong>NJ-Lite<\/strong>.<\/p>\n\n\n\n<p>Voici une liste non-exhaustive des fonctions possibles et des informations qui peuvent \u00eatre \u00e9chang\u00e9es avec les clients, les fournisseurs ou tout intervenant interne ou externe \u00e0 l&rsquo;organisation:<\/p>\n\n\n\n<ul class=\"wp-block-list\">\n<li>Cr\u00e9ation et suivi des demandes d\u2019interventions<\/li>\n\n\n\n<li>Suivi de l\u2019ensemble des interventions<\/li>\n\n\n\n<li>Devis<\/li>\n\n\n\n<li>Relev\u00e9 de compteurs<\/li>\n\n\n\n<li>Diffusion d\u2019informations sur les actifs ou les co\u00fbts d\u2019op\u00e9ration<\/li>\n\n\n\n<li>Feuilles de temps<\/li>\n\n\n\n<li>Publication des rapports d\u2019intervention<\/li>\n\n\n\n<li>Rapports de d\u00e9penses<\/li>\n\n\n\n<li>Compilations, calculs et analyse des donn\u00e9es de gestion<\/li>\n\n\n\n<li>Indicateurs de performance<\/li>\n\n\n\n<li>Diffusion d\u2019informations et de documents.<\/li>\n<\/ul>\n\n\n\n<p><strong>NJ-Lite <\/strong>permet aussi le d\u00e9ploiement de multiples portails avec des configurations diff\u00e9rentes et ind\u00e9pendantes en fonction du type d&rsquo;intervenant.<\/p>\n\n\n\n<p>Il n&rsquo;y a aucune limite dans le nombre d\u2019utilisateurs qui peuvent se connecter et interagir via les portails  <strong>NJ-Lite<\/strong><\/p>\n","protected":false},"excerpt":{"rendered":"<p>NJ-Lite est un portail Web l\u00e9ger enti\u00e8rement configurable qui permet de partager de l\u2019information avec les clients, les fournisseurs ou tout autre intervenant. NJ-Lite permet, entre autres, de cr\u00e9er et de faire le suivi de demandes d\u2019interventions, de suivre l\u2019ensemble des interventions, de faire des relev\u00e9s de compteurs, de diffuser de l\u2019information sur les \u00e9quipements ou les co\u00fbts d\u2019op\u00e9ration, de publier les rapports d\u2019intervention, de compiler des donn\u00e9es de gestion ou des indicateurs de performance. Toute information disponible dans la base de donn\u00e9es peut \u00eatre utilis\u00e9e pour fournir de l\u2019information aux bons intervenants sur un portail NJ-Lite. Voici une liste non-exhaustive des fonctions possibles et des informations qui peuvent \u00eatre \u00e9chang\u00e9es avec les clients, les fournisseurs ou tout intervenant interne ou externe \u00e0 l&rsquo;organisation: NJ-Lite permet aussi le d\u00e9ploiement de multiples portails avec des configurations diff\u00e9rentes et ind\u00e9pendantes en fonction du type d&rsquo;intervenant. Il n&rsquo;y a aucune limite dans le nombre d\u2019utilisateurs qui peuvent se connecter et interagir via les portails NJ-Lite<\/p>\n","protected":false},"author":2,"featured_media":0,"parent":0,"menu_order":0,"comment_status":"closed","ping_status":"closed","template":"","meta":{"jetpack_post_was_ever_published":false,"footnotes":""},"class_list":["post-18","page","type-page","status-publish","hentry"],"acf":[],"jetpack_sharing_enabled":true,"_links":{"self":[{"href":"https:\/\/nj-maint.com\/gmao\/wp-json\/wp\/v2\/pages\/18","targetHints":{"allow":["GET"]}}],"collection":[{"href":"https:\/\/nj-maint.com\/gmao\/wp-json\/wp\/v2\/pages"}],"about":[{"href":"https:\/\/nj-maint.com\/gmao\/wp-json\/wp\/v2\/types\/page"}],"author":[{"embeddable":true,"href":"https:\/\/nj-maint.com\/gmao\/wp-json\/wp\/v2\/users\/2"}],"replies":[{"embeddable":true,"href":"https:\/\/nj-maint.com\/gmao\/wp-json\/wp\/v2\/comments?post=18"}],"version-history":[{"count":8,"href":"https:\/\/nj-maint.com\/gmao\/wp-json\/wp\/v2\/pages\/18\/revisions"}],"predecessor-version":[{"id":1366,"href":"https:\/\/nj-maint.com\/gmao\/wp-json\/wp\/v2\/pages\/18\/revisions\/1366"}],"wp:attachment":[{"href":"https:\/\/nj-maint.com\/gmao\/wp-json\/wp\/v2\/media?parent=18"}],"curies":[{"name":"wp","href":"https:\/\/api.w.org\/{rel}","templated":true}]}}