{"id":20,"date":"2018-12-04T23:44:40","date_gmt":"2018-12-04T23:44:40","guid":{"rendered":"https:\/\/nj-maint.com\/gmao\/?page_id=20"},"modified":"2025-01-15T15:57:47","modified_gmt":"2025-01-15T15:57:47","slug":"nj-mobile","status":"publish","type":"page","link":"https:\/\/nj-maint.com\/gmao\/fr\/nj-mobile\/","title":{"rendered":"NJ-Mobile"},"content":{"rendered":"\n<div class=\"wp-block-media-text alignwide is-stacked-on-mobile max-width: 20%;\" style=\"grid-template-columns:25% auto\"><figure class=\"wp-block-media-text__media\"><img data-recalc-dims=\"1\" fetchpriority=\"high\" decoding=\"async\" width=\"960\" height=\"960\" data-attachment-id=\"108\" data-permalink=\"https:\/\/nj-maint.com\/gmao\/fr\/nj-mobile\/icones-application-nj-prod-2018_wo-vert-3\/\" data-orig-file=\"https:\/\/i0.wp.com\/nj-maint.com\/gmao\/wp-content\/uploads\/2018\/12\/Icones-Application-NJ-PROD-2018_WO-Vert-2.webp?fit=1024%2C1024&amp;ssl=1\" data-orig-size=\"1024,1024\" data-comments-opened=\"1\" data-image-meta=\"{&quot;aperture&quot;:&quot;0&quot;,&quot;credit&quot;:&quot;&quot;,&quot;camera&quot;:&quot;&quot;,&quot;caption&quot;:&quot;&quot;,&quot;created_timestamp&quot;:&quot;0&quot;,&quot;copyright&quot;:&quot;&quot;,&quot;focal_length&quot;:&quot;0&quot;,&quot;iso&quot;:&quot;0&quot;,&quot;shutter_speed&quot;:&quot;0&quot;,&quot;title&quot;:&quot;&quot;,&quot;orientation&quot;:&quot;0&quot;}\" data-image-title=\"Icones-Application-NJ-PROD-2018_WO-Vert\" data-image-description=\"\" data-image-caption=\"\" data-medium-file=\"https:\/\/i0.wp.com\/nj-maint.com\/gmao\/wp-content\/uploads\/2018\/12\/Icones-Application-NJ-PROD-2018_WO-Vert-2.webp?fit=300%2C300&amp;ssl=1\" data-large-file=\"https:\/\/i0.wp.com\/nj-maint.com\/gmao\/wp-content\/uploads\/2018\/12\/Icones-Application-NJ-PROD-2018_WO-Vert-2.webp?fit=960%2C960&amp;ssl=1\" src=\"https:\/\/i0.wp.com\/nj-maint.com\/gmao\/wp-content\/uploads\/2018\/12\/Icones-Application-NJ-PROD-2018_WO-Vert-2.webp?resize=960%2C960&#038;ssl=1\" alt=\"\" class=\"wp-image-108 size-full\" srcset=\"https:\/\/i0.wp.com\/nj-maint.com\/gmao\/wp-content\/uploads\/2018\/12\/Icones-Application-NJ-PROD-2018_WO-Vert-2.webp?w=1024&amp;ssl=1 1024w, https:\/\/i0.wp.com\/nj-maint.com\/gmao\/wp-content\/uploads\/2018\/12\/Icones-Application-NJ-PROD-2018_WO-Vert-2.webp?resize=150%2C150&amp;ssl=1 150w, https:\/\/i0.wp.com\/nj-maint.com\/gmao\/wp-content\/uploads\/2018\/12\/Icones-Application-NJ-PROD-2018_WO-Vert-2.webp?resize=300%2C300&amp;ssl=1 300w, https:\/\/i0.wp.com\/nj-maint.com\/gmao\/wp-content\/uploads\/2018\/12\/Icones-Application-NJ-PROD-2018_WO-Vert-2.webp?resize=768%2C768&amp;ssl=1 768w, https:\/\/i0.wp.com\/nj-maint.com\/gmao\/wp-content\/uploads\/2018\/12\/Icones-Application-NJ-PROD-2018_WO-Vert-2.webp?resize=75%2C75&amp;ssl=1 75w\" sizes=\"(max-width: 960px) 100vw, 960px\" \/><\/figure><div class=\"wp-block-media-text__content\">\n<p><strong>NJ-Mobile Work Orders<\/strong> &#8211; application mobile permettant aux techniciens sur la route de consulter leur planning de maintenance, de faire le suivi des bons de travail, de saisir leur temps et les pi\u00e8ces consomm\u00e9es, de faire signer les clients lorsque le travail est termin\u00e9 et de cr\u00e9er sur site de nouveaux bons de travail.<\/p>\n<\/div><\/div>\n\n\n\n<div class=\"wp-block-media-text alignwide has-media-on-the-right is-stacked-on-mobile\" style=\"grid-template-columns:auto 25%\"><div class=\"wp-block-media-text__content\">\n<p><strong>NJ-Mobile Work History<\/strong> &#8211; application mobile permettant de consulter l\u2019ensemble de l\u2019historique de maintenance des \u00e9quipements et installations. L\u2019application peut utiliser la cam\u00e9ra de l\u2019appareil mobile pour scanner le code \u00e0 barres ou le code QR de l\u2019\u00e9quipement pour retrouver toute l\u2019information.<\/p>\n<\/div><figure class=\"wp-block-media-text__media\"><img data-recalc-dims=\"1\" decoding=\"async\" width=\"193\" height=\"192\" data-attachment-id=\"101\" data-permalink=\"https:\/\/nj-maint.com\/gmao\/fr\/icones-app-nj_wh-192x192-15\/\" data-orig-file=\"https:\/\/i0.wp.com\/nj-maint.com\/gmao\/wp-content\/uploads\/2018\/12\/Icones-APP-NJ_WH-192x192-15.webp?fit=193%2C192&amp;ssl=1\" data-orig-size=\"193,192\" data-comments-opened=\"1\" data-image-meta=\"{&quot;aperture&quot;:&quot;0&quot;,&quot;credit&quot;:&quot;&quot;,&quot;camera&quot;:&quot;&quot;,&quot;caption&quot;:&quot;&quot;,&quot;created_timestamp&quot;:&quot;0&quot;,&quot;copyright&quot;:&quot;&quot;,&quot;focal_length&quot;:&quot;0&quot;,&quot;iso&quot;:&quot;0&quot;,&quot;shutter_speed&quot;:&quot;0&quot;,&quot;title&quot;:&quot;&quot;,&quot;orientation&quot;:&quot;0&quot;}\" data-image-title=\"Icones-APP-NJ_WH-192&amp;#215;192-15\" data-image-description=\"\" data-image-caption=\"\" data-medium-file=\"https:\/\/i0.wp.com\/nj-maint.com\/gmao\/wp-content\/uploads\/2018\/12\/Icones-APP-NJ_WH-192x192-15.webp?fit=193%2C192&amp;ssl=1\" data-large-file=\"https:\/\/i0.wp.com\/nj-maint.com\/gmao\/wp-content\/uploads\/2018\/12\/Icones-APP-NJ_WH-192x192-15.webp?fit=193%2C192&amp;ssl=1\" src=\"https:\/\/i0.wp.com\/nj-maint.com\/gmao\/wp-content\/uploads\/2018\/12\/Icones-APP-NJ_WH-192x192-15.webp?resize=193%2C192&#038;ssl=1\" alt=\"\" class=\"wp-image-101 size-full\" srcset=\"https:\/\/i0.wp.com\/nj-maint.com\/gmao\/wp-content\/uploads\/2018\/12\/Icones-APP-NJ_WH-192x192-15.webp?w=193&amp;ssl=1 193w, https:\/\/i0.wp.com\/nj-maint.com\/gmao\/wp-content\/uploads\/2018\/12\/Icones-APP-NJ_WH-192x192-15.webp?resize=150%2C150&amp;ssl=1 150w, https:\/\/i0.wp.com\/nj-maint.com\/gmao\/wp-content\/uploads\/2018\/12\/Icones-APP-NJ_WH-192x192-15.webp?resize=75%2C75&amp;ssl=1 75w\" sizes=\"(max-width: 193px) 100vw, 193px\" \/><\/figure><\/div>\n\n\n\n<div class=\"wp-block-media-text alignwide is-stacked-on-mobile\" style=\"grid-template-columns:25% auto\"><figure class=\"wp-block-media-text__media\"><img data-recalc-dims=\"1\" decoding=\"async\" width=\"960\" height=\"960\" data-attachment-id=\"99\" data-permalink=\"https:\/\/nj-maint.com\/gmao\/fr\/icones-app-nj_sm-1024x1024\/\" data-orig-file=\"https:\/\/i0.wp.com\/nj-maint.com\/gmao\/wp-content\/uploads\/2018\/12\/Icones-APP-NJ_SM-1024x1024.png?fit=1025%2C1025&amp;ssl=1\" data-orig-size=\"1025,1025\" data-comments-opened=\"1\" data-image-meta=\"{&quot;aperture&quot;:&quot;0&quot;,&quot;credit&quot;:&quot;&quot;,&quot;camera&quot;:&quot;&quot;,&quot;caption&quot;:&quot;&quot;,&quot;created_timestamp&quot;:&quot;0&quot;,&quot;copyright&quot;:&quot;&quot;,&quot;focal_length&quot;:&quot;0&quot;,&quot;iso&quot;:&quot;0&quot;,&quot;shutter_speed&quot;:&quot;0&quot;,&quot;title&quot;:&quot;&quot;,&quot;orientation&quot;:&quot;0&quot;}\" data-image-title=\"Icones-APP-NJ_SM-1024&amp;#215;1024\" data-image-description=\"\" data-image-caption=\"\" data-medium-file=\"https:\/\/i0.wp.com\/nj-maint.com\/gmao\/wp-content\/uploads\/2018\/12\/Icones-APP-NJ_SM-1024x1024.png?fit=300%2C300&amp;ssl=1\" data-large-file=\"https:\/\/i0.wp.com\/nj-maint.com\/gmao\/wp-content\/uploads\/2018\/12\/Icones-APP-NJ_SM-1024x1024.png?fit=960%2C960&amp;ssl=1\" src=\"https:\/\/i0.wp.com\/nj-maint.com\/gmao\/wp-content\/uploads\/2018\/12\/Icones-APP-NJ_SM-1024x1024-1024x1024.png?resize=960%2C960&#038;ssl=1\" alt=\"\" class=\"wp-image-99 size-full\" srcset=\"https:\/\/i0.wp.com\/nj-maint.com\/gmao\/wp-content\/uploads\/2018\/12\/Icones-APP-NJ_SM-1024x1024.png?resize=1024%2C1024&amp;ssl=1 1024w, https:\/\/i0.wp.com\/nj-maint.com\/gmao\/wp-content\/uploads\/2018\/12\/Icones-APP-NJ_SM-1024x1024.png?resize=150%2C150&amp;ssl=1 150w, https:\/\/i0.wp.com\/nj-maint.com\/gmao\/wp-content\/uploads\/2018\/12\/Icones-APP-NJ_SM-1024x1024.png?resize=300%2C300&amp;ssl=1 300w, https:\/\/i0.wp.com\/nj-maint.com\/gmao\/wp-content\/uploads\/2018\/12\/Icones-APP-NJ_SM-1024x1024.png?resize=768%2C768&amp;ssl=1 768w, https:\/\/i0.wp.com\/nj-maint.com\/gmao\/wp-content\/uploads\/2018\/12\/Icones-APP-NJ_SM-1024x1024.png?resize=75%2C75&amp;ssl=1 75w, https:\/\/i0.wp.com\/nj-maint.com\/gmao\/wp-content\/uploads\/2018\/12\/Icones-APP-NJ_SM-1024x1024.png?w=1025&amp;ssl=1 1025w\" sizes=\"(max-width: 960px) 100vw, 960px\" \/><\/figure><div class=\"wp-block-media-text__content\">\n<p><strong>NJ-Mobile Stock Management<\/strong> &#8211; application mobile pour la gestion des stocks de pi\u00e8ces. Elle permet de consulter les niveaux de stock, de faire les sorties, les retours et les ajustements d\u2019inventaire. L\u2019application peut utiliser la cam\u00e9ra de l\u2019appareil mobile pour scanner le code \u00e0 barres ou le code QR de la pi\u00e8ce.<\/p>\n<\/div><\/div>\n\n\n\n<div class=\"wp-block-media-text alignwide has-media-on-the-right is-stacked-on-mobile\" style=\"grid-template-columns:auto 25%\"><div class=\"wp-block-media-text__content\">\n<p><strong>NJ-Mobile Meters<\/strong> &#8211; application mobile permettant aux techniciens sur la route de faire les relev\u00e9s de compteurs. La recherche se fait par \u00e9quipement ou par cat\u00e9gorie de compteur.<br><\/p>\n<\/div><figure class=\"wp-block-media-text__media\"><img data-recalc-dims=\"1\" loading=\"lazy\" decoding=\"async\" width=\"192\" height=\"192\" data-attachment-id=\"103\" data-permalink=\"https:\/\/nj-maint.com\/gmao\/fr\/icones-app-nj_m-192x192\/\" data-orig-file=\"https:\/\/i0.wp.com\/nj-maint.com\/gmao\/wp-content\/uploads\/2018\/12\/Icones-APP-NJ_M-192x192.webp?fit=192%2C192&amp;ssl=1\" data-orig-size=\"192,192\" data-comments-opened=\"1\" data-image-meta=\"{&quot;aperture&quot;:&quot;0&quot;,&quot;credit&quot;:&quot;&quot;,&quot;camera&quot;:&quot;&quot;,&quot;caption&quot;:&quot;&quot;,&quot;created_timestamp&quot;:&quot;0&quot;,&quot;copyright&quot;:&quot;&quot;,&quot;focal_length&quot;:&quot;0&quot;,&quot;iso&quot;:&quot;0&quot;,&quot;shutter_speed&quot;:&quot;0&quot;,&quot;title&quot;:&quot;&quot;,&quot;orientation&quot;:&quot;0&quot;}\" data-image-title=\"Icones-APP-NJ_M-192&amp;#215;192\" data-image-description=\"\" data-image-caption=\"\" data-medium-file=\"https:\/\/i0.wp.com\/nj-maint.com\/gmao\/wp-content\/uploads\/2018\/12\/Icones-APP-NJ_M-192x192.webp?fit=192%2C192&amp;ssl=1\" data-large-file=\"https:\/\/i0.wp.com\/nj-maint.com\/gmao\/wp-content\/uploads\/2018\/12\/Icones-APP-NJ_M-192x192.webp?fit=192%2C192&amp;ssl=1\" src=\"https:\/\/i0.wp.com\/nj-maint.com\/gmao\/wp-content\/uploads\/2018\/12\/Icones-APP-NJ_M-192x192.webp?resize=192%2C192&#038;ssl=1\" alt=\"\" class=\"wp-image-103 size-full\" srcset=\"https:\/\/i0.wp.com\/nj-maint.com\/gmao\/wp-content\/uploads\/2018\/12\/Icones-APP-NJ_M-192x192.webp?resize=192%2C192&amp;ssl=1 192w, https:\/\/i0.wp.com\/nj-maint.com\/gmao\/wp-content\/uploads\/2018\/12\/Icones-APP-NJ_M-192x192.webp?resize=150%2C150&amp;ssl=1 150w, https:\/\/i0.wp.com\/nj-maint.com\/gmao\/wp-content\/uploads\/2018\/12\/Icones-APP-NJ_M-192x192.webp?resize=75%2C75&amp;ssl=1 75w\" sizes=\"(max-width: 192px) 100vw, 192px\" \/><\/figure><\/div>\n\n\n\n<div class=\"wp-block-media-text alignwide is-stacked-on-mobile\" style=\"grid-template-columns:25% auto\"><figure class=\"wp-block-media-text__media\"><img data-recalc-dims=\"1\" loading=\"lazy\" decoding=\"async\" width=\"192\" height=\"192\" data-attachment-id=\"104\" data-permalink=\"https:\/\/nj-maint.com\/gmao\/fr\/icones-app-nj-gps\/\" data-orig-file=\"https:\/\/i0.wp.com\/nj-maint.com\/gmao\/wp-content\/uploads\/2018\/12\/Icones-App-NJ-GPS.png?fit=192%2C192&amp;ssl=1\" data-orig-size=\"192,192\" data-comments-opened=\"1\" data-image-meta=\"{&quot;aperture&quot;:&quot;0&quot;,&quot;credit&quot;:&quot;&quot;,&quot;camera&quot;:&quot;&quot;,&quot;caption&quot;:&quot;&quot;,&quot;created_timestamp&quot;:&quot;0&quot;,&quot;copyright&quot;:&quot;&quot;,&quot;focal_length&quot;:&quot;0&quot;,&quot;iso&quot;:&quot;0&quot;,&quot;shutter_speed&quot;:&quot;0&quot;,&quot;title&quot;:&quot;&quot;,&quot;orientation&quot;:&quot;0&quot;}\" data-image-title=\"Icones-App-NJ-GPS\" data-image-description=\"\" data-image-caption=\"\" data-medium-file=\"https:\/\/i0.wp.com\/nj-maint.com\/gmao\/wp-content\/uploads\/2018\/12\/Icones-App-NJ-GPS.png?fit=192%2C192&amp;ssl=1\" data-large-file=\"https:\/\/i0.wp.com\/nj-maint.com\/gmao\/wp-content\/uploads\/2018\/12\/Icones-App-NJ-GPS.png?fit=192%2C192&amp;ssl=1\" src=\"https:\/\/i0.wp.com\/nj-maint.com\/gmao\/wp-content\/uploads\/2018\/12\/Icones-App-NJ-GPS.png?resize=192%2C192&#038;ssl=1\" alt=\"\" class=\"wp-image-104 size-full\" srcset=\"https:\/\/i0.wp.com\/nj-maint.com\/gmao\/wp-content\/uploads\/2018\/12\/Icones-App-NJ-GPS.png?w=192&amp;ssl=1 192w, https:\/\/i0.wp.com\/nj-maint.com\/gmao\/wp-content\/uploads\/2018\/12\/Icones-App-NJ-GPS.png?resize=150%2C150&amp;ssl=1 150w, https:\/\/i0.wp.com\/nj-maint.com\/gmao\/wp-content\/uploads\/2018\/12\/Icones-App-NJ-GPS.png?resize=75%2C75&amp;ssl=1 75w\" sizes=\"(max-width: 192px) 100vw, 192px\" \/><\/figure><div class=\"wp-block-media-text__content\">\n<p><strong>NJ-Mobile GPS<\/strong> &#8211; application mobile permettant de visualiser sur la carte du territoire l\u2019ensemble des \u00e9quipements ainsi que leur statut. L\u2019utilisateur peut faire des demandes d\u2019intervention sur les \u00e9quipements et les emplacements, prendre des photos pour les attacher aux demandes et faire le suivi de ces demandes. Cette application est bas\u00e9e sur la technologie Google Map.<br><\/p>\n<\/div><\/div>\n\n\n\n<div class=\"wp-block-media-text alignwide has-media-on-the-right is-stacked-on-mobile\" style=\"grid-template-columns:auto 25%\"><div class=\"wp-block-media-text__content\">\n<p><strong>NJ-Mobile File Transfer<\/strong> &#8211; application mobile permettant d\u2019attacher des fichiers aux bons de travail et de les transf\u00e9rer \u00e0 la GMAO centrale <strong>NJ-Maintenance<\/strong>. Les fichiers peuvent \u00eatre des photos, vid\u00e9os, documents PDF, Word, Excel, etc.<br><\/p>\n<\/div><figure class=\"wp-block-media-text__media\"><img data-recalc-dims=\"1\" loading=\"lazy\" decoding=\"async\" width=\"960\" height=\"960\" data-attachment-id=\"102\" data-permalink=\"https:\/\/nj-maint.com\/gmao\/fr\/icones-app-nj_ft-1024x1024_ft-1024x1024\/\" data-orig-file=\"https:\/\/i0.wp.com\/nj-maint.com\/gmao\/wp-content\/uploads\/2018\/12\/Icones-APP-NJ_FT-1024x1024_FT-1024x1024.png?fit=1025%2C1025&amp;ssl=1\" data-orig-size=\"1025,1025\" data-comments-opened=\"1\" data-image-meta=\"{&quot;aperture&quot;:&quot;0&quot;,&quot;credit&quot;:&quot;&quot;,&quot;camera&quot;:&quot;&quot;,&quot;caption&quot;:&quot;&quot;,&quot;created_timestamp&quot;:&quot;0&quot;,&quot;copyright&quot;:&quot;&quot;,&quot;focal_length&quot;:&quot;0&quot;,&quot;iso&quot;:&quot;0&quot;,&quot;shutter_speed&quot;:&quot;0&quot;,&quot;title&quot;:&quot;&quot;,&quot;orientation&quot;:&quot;0&quot;}\" data-image-title=\"Icones-APP-NJ_FT-1024x1024_FT-1024&amp;#215;1024\" data-image-description=\"\" data-image-caption=\"\" data-medium-file=\"https:\/\/i0.wp.com\/nj-maint.com\/gmao\/wp-content\/uploads\/2018\/12\/Icones-APP-NJ_FT-1024x1024_FT-1024x1024.png?fit=300%2C300&amp;ssl=1\" data-large-file=\"https:\/\/i0.wp.com\/nj-maint.com\/gmao\/wp-content\/uploads\/2018\/12\/Icones-APP-NJ_FT-1024x1024_FT-1024x1024.png?fit=960%2C960&amp;ssl=1\" src=\"https:\/\/i0.wp.com\/nj-maint.com\/gmao\/wp-content\/uploads\/2018\/12\/Icones-APP-NJ_FT-1024x1024_FT-1024x1024-1024x1024.png?resize=960%2C960&#038;ssl=1\" alt=\"\" class=\"wp-image-102 size-full\" srcset=\"https:\/\/i0.wp.com\/nj-maint.com\/gmao\/wp-content\/uploads\/2018\/12\/Icones-APP-NJ_FT-1024x1024_FT-1024x1024.png?resize=1024%2C1024&amp;ssl=1 1024w, https:\/\/i0.wp.com\/nj-maint.com\/gmao\/wp-content\/uploads\/2018\/12\/Icones-APP-NJ_FT-1024x1024_FT-1024x1024.png?resize=150%2C150&amp;ssl=1 150w, https:\/\/i0.wp.com\/nj-maint.com\/gmao\/wp-content\/uploads\/2018\/12\/Icones-APP-NJ_FT-1024x1024_FT-1024x1024.png?resize=300%2C300&amp;ssl=1 300w, https:\/\/i0.wp.com\/nj-maint.com\/gmao\/wp-content\/uploads\/2018\/12\/Icones-APP-NJ_FT-1024x1024_FT-1024x1024.png?resize=768%2C768&amp;ssl=1 768w, https:\/\/i0.wp.com\/nj-maint.com\/gmao\/wp-content\/uploads\/2018\/12\/Icones-APP-NJ_FT-1024x1024_FT-1024x1024.png?resize=75%2C75&amp;ssl=1 75w, https:\/\/i0.wp.com\/nj-maint.com\/gmao\/wp-content\/uploads\/2018\/12\/Icones-APP-NJ_FT-1024x1024_FT-1024x1024.png?w=1025&amp;ssl=1 1025w\" sizes=\"(max-width: 960px) 100vw, 960px\" \/><\/figure><\/div>\n\n\n\n<div class=\"wp-block-media-text alignwide is-stacked-on-mobile\" style=\"grid-template-columns:25% auto\"><figure class=\"wp-block-media-text__media\"><img data-recalc-dims=\"1\" loading=\"lazy\" decoding=\"async\" width=\"192\" height=\"192\" data-attachment-id=\"100\" data-permalink=\"https:\/\/nj-maint.com\/gmao\/fr\/icones-app-nj_to-192x192\/\" data-orig-file=\"https:\/\/i0.wp.com\/nj-maint.com\/gmao\/wp-content\/uploads\/2018\/12\/Icones-APP-NJ_TO-192x192.webp?fit=192%2C192&amp;ssl=1\" data-orig-size=\"192,192\" data-comments-opened=\"1\" data-image-meta=\"{&quot;aperture&quot;:&quot;0&quot;,&quot;credit&quot;:&quot;&quot;,&quot;camera&quot;:&quot;&quot;,&quot;caption&quot;:&quot;&quot;,&quot;created_timestamp&quot;:&quot;0&quot;,&quot;copyright&quot;:&quot;&quot;,&quot;focal_length&quot;:&quot;0&quot;,&quot;iso&quot;:&quot;0&quot;,&quot;shutter_speed&quot;:&quot;0&quot;,&quot;title&quot;:&quot;&quot;,&quot;orientation&quot;:&quot;0&quot;}\" data-image-title=\"Icones-APP-NJ_TO-192&amp;#215;192\" data-image-description=\"\" data-image-caption=\"\" data-medium-file=\"https:\/\/i0.wp.com\/nj-maint.com\/gmao\/wp-content\/uploads\/2018\/12\/Icones-APP-NJ_TO-192x192.webp?fit=192%2C192&amp;ssl=1\" data-large-file=\"https:\/\/i0.wp.com\/nj-maint.com\/gmao\/wp-content\/uploads\/2018\/12\/Icones-APP-NJ_TO-192x192.webp?fit=192%2C192&amp;ssl=1\" src=\"https:\/\/i0.wp.com\/nj-maint.com\/gmao\/wp-content\/uploads\/2018\/12\/Icones-APP-NJ_TO-192x192.webp?resize=192%2C192&#038;ssl=1\" alt=\"\" class=\"wp-image-100 size-full\" srcset=\"https:\/\/i0.wp.com\/nj-maint.com\/gmao\/wp-content\/uploads\/2018\/12\/Icones-APP-NJ_TO-192x192.webp?resize=192%2C192&amp;ssl=1 192w, https:\/\/i0.wp.com\/nj-maint.com\/gmao\/wp-content\/uploads\/2018\/12\/Icones-APP-NJ_TO-192x192.webp?resize=150%2C150&amp;ssl=1 150w, https:\/\/i0.wp.com\/nj-maint.com\/gmao\/wp-content\/uploads\/2018\/12\/Icones-APP-NJ_TO-192x192.webp?resize=75%2C75&amp;ssl=1 75w\" sizes=\"(max-width: 192px) 100vw, 192px\" \/><\/figure><div class=\"wp-block-media-text__content\">\n<p><strong>NJ-Mobile TakeOver<\/strong> &#8211; application mobile permettant d\u2019effectuer la prise en charge d\u2019un site, de valider et modifier l\u2019information des \u00e9quipements (description, information technique, composants, compteurs, etc.), de prendre des photos et de les attacher aux \u00e9quipements.<br><\/p>\n<\/div><\/div>\n","protected":false},"excerpt":{"rendered":"<p>NJ-Mobile Work Orders &#8211; application mobile permettant aux techniciens sur la route de consulter leur planning de maintenance, de faire le suivi des bons de travail, de saisir leur temps et les pi\u00e8ces consomm\u00e9es, de faire signer les clients lorsque le travail est termin\u00e9 et de cr\u00e9er sur site de nouveaux bons de travail. NJ-Mobile Work History &#8211; application mobile permettant de consulter l\u2019ensemble de l\u2019historique de maintenance des \u00e9quipements et installations. L\u2019application peut utiliser la cam\u00e9ra de l\u2019appareil mobile pour scanner le code \u00e0 barres ou le code QR de l\u2019\u00e9quipement pour retrouver toute l\u2019information. NJ-Mobile Stock Management &#8211; application mobile pour la gestion des stocks de pi\u00e8ces. Elle permet de consulter les niveaux de stock, de faire les sorties, les retours et les ajustements d\u2019inventaire. L\u2019application peut utiliser la cam\u00e9ra de l\u2019appareil mobile pour scanner le code \u00e0 barres ou le code QR de la pi\u00e8ce. NJ-Mobile Meters &#8211; application mobile permettant aux techniciens sur la route de faire les relev\u00e9s de compteurs. La recherche se fait par \u00e9quipement ou par cat\u00e9gorie de compteur. NJ-Mobile GPS &#8211; application mobile permettant de visualiser sur la carte du territoire l\u2019ensemble des \u00e9quipements ainsi que leur statut. L\u2019utilisateur peut faire des demandes d\u2019intervention sur les \u00e9quipements et les emplacements, prendre des photos pour les attacher aux demandes et faire le suivi de ces demandes. Cette application est bas\u00e9e sur la technologie Google Map. NJ-Mobile File Transfer &#8211; application mobile permettant d\u2019attacher des fichiers aux bons de travail et de les transf\u00e9rer \u00e0 la GMAO centrale NJ-Maintenance. Les fichiers peuvent \u00eatre des photos, vid\u00e9os, documents PDF, Word, Excel, etc. NJ-Mobile TakeOver &#8211; application mobile permettant d\u2019effectuer la prise en charge d\u2019un site, de valider et modifier l\u2019information des \u00e9quipements (description, information technique, composants, compteurs, etc.), de prendre des photos et de les attacher aux \u00e9quipements.<\/p>\n","protected":false},"author":2,"featured_media":0,"parent":0,"menu_order":0,"comment_status":"closed","ping_status":"closed","template":"","meta":{"jetpack_post_was_ever_published":false,"footnotes":""},"class_list":["post-20","page","type-page","status-publish","hentry"],"acf":[],"jetpack_sharing_enabled":true,"_links":{"self":[{"href":"https:\/\/nj-maint.com\/gmao\/wp-json\/wp\/v2\/pages\/20","targetHints":{"allow":["GET"]}}],"collection":[{"href":"https:\/\/nj-maint.com\/gmao\/wp-json\/wp\/v2\/pages"}],"about":[{"href":"https:\/\/nj-maint.com\/gmao\/wp-json\/wp\/v2\/types\/page"}],"author":[{"embeddable":true,"href":"https:\/\/nj-maint.com\/gmao\/wp-json\/wp\/v2\/users\/2"}],"replies":[{"embeddable":true,"href":"https:\/\/nj-maint.com\/gmao\/wp-json\/wp\/v2\/comments?post=20"}],"version-history":[{"count":10,"href":"https:\/\/nj-maint.com\/gmao\/wp-json\/wp\/v2\/pages\/20\/revisions"}],"predecessor-version":[{"id":1142,"href":"https:\/\/nj-maint.com\/gmao\/wp-json\/wp\/v2\/pages\/20\/revisions\/1142"}],"wp:attachment":[{"href":"https:\/\/nj-maint.com\/gmao\/wp-json\/wp\/v2\/media?parent=20"}],"curies":[{"name":"wp","href":"https:\/\/api.w.org\/{rel}","templated":true}]}}