{"id":22,"date":"2018-12-04T23:46:03","date_gmt":"2018-12-04T23:46:03","guid":{"rendered":"https:\/\/nj-maint.com\/gmao\/?page_id=22"},"modified":"2025-01-25T01:22:07","modified_gmt":"2025-01-25T01:22:07","slug":"integration","status":"publish","type":"page","link":"https:\/\/nj-maint.com\/gmao\/fr\/integration\/","title":{"rendered":"Services"},"content":{"rendered":"\n<h2 class=\"wp-block-heading\">Nos Services d\u2019Impl\u00e9mentation et d\u2019Optimisation de votre GMAO<\/h2>\n\n\n\n<p>Pour garantir une mise en \u0153uvre r\u00e9ussie et un fonctionnement optimal de la solution de GMAO NJ-Maintenance au sein de votre organisation, nous proposons une gamme compl\u00e8te de services professionnels. Notre expertise couvre la gestion de projet, l\u2019impl\u00e9mentation du syst\u00e8me, le d\u00e9veloppement de logiciels, l\u2019optimisation des bases de donn\u00e9es et la formation, adapt\u00e9s \u00e0 vos besoins sp\u00e9cifiques. Les services peuvent \u00eatre fournis sur site ou \u00e0 distance, selon vos pr\u00e9f\u00e9rences.<\/p>\n\n\n\n<hr class=\"wp-block-separator has-alpha-channel-opacity\"\/>\n\n\n\n<h2 class=\"wp-block-heading\">Gestion de Projet<\/h2>\n\n\n\n<p>Une gestion de projet efficace est essentielle pour assurer le succ\u00e8s de l\u2019impl\u00e9mentation de votre GMAO. Notre \u00e9quipe vous accompagne pour :<\/p>\n\n\n\n<ul class=\"wp-block-list\">\n<li>D\u00e9finir les objectifs et les \u00e9ch\u00e9ances du projet.<\/li>\n\n\n\n<li>Identifier les processus op\u00e9rationnels et les flux de travail souhait\u00e9s.<\/li>\n\n\n\n<li>G\u00e9rer le changement pour assurer une transition en douceur vers le nouveau syst\u00e8me.<\/li>\n\n\n\n<li>Superviser l\u2019allocation des ressources et le suivi des progr\u00e8s pour respecter les d\u00e9lais.<\/li>\n<\/ul>\n\n\n\n<p>Gr\u00e2ce \u00e0 une approche structur\u00e9e, nous veillons \u00e0 ce que chaque aspect du projet soit align\u00e9 sur vos objectifs strat\u00e9giques.<\/p>\n\n\n\n<hr class=\"wp-block-separator has-alpha-channel-opacity\"\/>\n\n\n\n<h2 class=\"wp-block-heading\">Impl\u00e9mentation<\/h2>\n\n\n\n<p>Un processus d\u2019impl\u00e9mentation bien planifi\u00e9 et ex\u00e9cut\u00e9 est crucial pour maximiser la valeur de votre GMAO. Nous proposons :<\/p>\n\n\n\n<ul class=\"wp-block-list\">\n<li>La configuration et la param\u00e9trisation de la GMAO selon vos besoins op\u00e9rationnels.<\/li>\n\n\n\n<li>La d\u00e9finition des hi\u00e9rarchies d\u2019\u00e9quipements, des plannings de maintenance et des classifications pour les \u00e9quipements, les pi\u00e8ces d\u00e9tach\u00e9es et les articles.<\/li>\n\n\n\n<li>L\u2019int\u00e9gration des donn\u00e9es existantes dans la nouvelle GMAO, en garantissant leur exactitude et leur coh\u00e9rence.<\/li>\n\n\n\n<li>La validation et la mise en place des indicateurs cl\u00e9s de performance (KPI) et des tableaux de bord pour fournir des analyses exploitables.<\/li>\n<\/ul>\n\n\n\n<p>Notre approche personnalis\u00e9e garantit une GMAO optimis\u00e9e pour votre environnement op\u00e9rationnel sp\u00e9cifique.<\/p>\n\n\n\n<hr class=\"wp-block-separator has-alpha-channel-opacity\"\/>\n\n\n\n<h2 class=\"wp-block-heading\">D\u00e9veloppement de Logiciels<\/h2>\n\n\n\n<p>Pour am\u00e9liorer les fonctionnalit\u00e9s de votre GMAO et r\u00e9pondre \u00e0 vos besoins uniques, nous offrons des services de d\u00e9veloppement, notamment :<\/p>\n\n\n\n<ul class=\"wp-block-list\">\n<li>Le d\u00e9veloppement de nouveaux modules, rapports et fonctionnalit\u00e9s.<\/li>\n\n\n\n<li>La cr\u00e9ation d\u2019interfaces personnalis\u00e9es pour connecter la GMAO \u00e0 d\u2019autres syst\u00e8mes m\u00e9tiers.<\/li>\n\n\n\n<li>L\u2019adaptation des fonctionnalit\u00e9s pour supporter vos flux de travail sp\u00e9cifiques.<\/li>\n<\/ul>\n\n\n\n<p>Nos services de d\u00e9veloppement assurent que votre GMAO \u00e9volue avec vos besoins m\u00e9tier.<\/p>\n\n\n\n<hr class=\"wp-block-separator has-alpha-channel-opacity\"\/>\n\n\n\n<h2 class=\"wp-block-heading\">Gestion et Optimisation des Bases de Donn\u00e9es<\/h2>\n\n\n\n<p>Une base de donn\u00e9es robuste et performante est essentielle pour le bon fonctionnement de votre GMAO. Nous proposons :<\/p>\n\n\n\n<ul class=\"wp-block-list\">\n<li>Un support et une optimisation des bases de donn\u00e9es pour maintenir leur performance et leur fiabilit\u00e9.<\/li>\n\n\n\n<li>Une assistance dans la mod\u00e9lisation et la restructuration des donn\u00e9es pour une efficacit\u00e9 accrue.<\/li>\n\n\n\n<li>Une maintenance r\u00e9guli\u00e8re pour garantir la stabilit\u00e9 et la s\u00e9curit\u00e9 du syst\u00e8me.<\/li>\n<\/ul>\n\n\n\n<p>Nos experts veillent \u00e0 ce que votre infrastructure de donn\u00e9es reste une base solide pour vos op\u00e9rations.<\/p>\n\n\n\n<hr class=\"wp-block-separator has-alpha-channel-opacity\"\/>\n\n\n\n<h2 class=\"wp-block-heading\">Analyse des KPI et des Donn\u00e9es<\/h2>\n\n\n\n<p>Transformer les donn\u00e9es en informations exploitables est un avantage cl\u00e9 de la GMAO NJ-Maintenance. Nous vous aidons \u00e0 :<\/p>\n\n\n\n<ul class=\"wp-block-list\">\n<li>D\u00e9finir et valider les indicateurs cl\u00e9s de performance (KPI) pour \u00e9valuer les performances de maintenance.<\/li>\n\n\n\n<li>D\u00e9velopper des tableaux de bord personnalis\u00e9s pour surveiller et analyser les donn\u00e9es en temps r\u00e9el.<\/li>\n\n\n\n<li>Fournir des analyses pour soutenir la prise de d\u00e9cision et favoriser l\u2019am\u00e9lioration continue.<\/li>\n<\/ul>\n\n\n\n<p>Avec notre expertise, vous pouvez exploiter tout le potentiel de vos donn\u00e9es pour optimiser vos op\u00e9rations.<\/p>\n\n\n\n<hr class=\"wp-block-separator has-alpha-channel-opacity\"\/>\n\n\n\n<h2 class=\"wp-block-heading\">D\u00e9veloppement d\u2019Interfaces et Int\u00e9gration<\/h2>\n\n\n\n<p>Une int\u00e9gration transparente \u00e0 votre \u00e9cosyst\u00e8me informatique existant est essentielle pour l\u2019efficacit\u00e9. Nous proposons :<\/p>\n\n\n\n<ul class=\"wp-block-list\">\n<li>Le d\u00e9veloppement d\u2019interfaces pour connecter la GMAO aux syst\u00e8mes ERP, de gestion des stocks ou autres.<\/li>\n\n\n\n<li>Des services d\u2019int\u00e9gration pour assurer la synchronisation des donn\u00e9es entre les plateformes.<\/li>\n\n\n\n<li>Un support en mati\u00e8re de r\u00e9seaux et de s\u00e9curit\u00e9 pour maintenir l\u2019int\u00e9grit\u00e9 des donn\u00e9es.<\/li>\n<\/ul>\n\n\n\n<p>Nos solutions d\u2019int\u00e9gration garantissent que votre GMAO fonctionne harmonieusement au sein du paysage num\u00e9rique de votre organisation.<\/p>\n\n\n\n<hr class=\"wp-block-separator has-alpha-channel-opacity\"\/>\n\n\n\n<h2 class=\"wp-block-heading\">Formation et Support<\/h2>\n\n\n\n<p>Donner \u00e0 votre \u00e9quipe les moyens de r\u00e9ussir est essentiel pour tirer pleinement parti de votre GMAO. Nous proposons :<\/p>\n\n\n\n<ul class=\"wp-block-list\">\n<li>Des formations compl\u00e8tes pour familiariser les utilisateurs avec les fonctionnalit\u00e9s du syst\u00e8me et les meilleures pratiques.<\/li>\n\n\n\n<li>Un support continu pour r\u00e9pondre aux questions et aux d\u00e9fis des utilisateurs.<\/li>\n\n\n\n<li>Des ressources et des documentations pour garantir un succ\u00e8s durable.<\/li>\n<\/ul>\n\n\n\n<p>Nos programmes de formation sont con\u00e7us pour renforcer la confiance et la comp\u00e9tence de vos utilisateurs, facilitant ainsi une adoption fluide du syst\u00e8me.<\/p>\n\n\n\n<hr class=\"wp-block-separator has-alpha-channel-opacity\"\/>\n\n\n\n<p>Avec notre vaste gamme de services, NJ-Maintenance garantit que chaque aspect de l\u2019impl\u00e9mentation et de l\u2019exploitation de votre GMAO est g\u00e9r\u00e9 de mani\u00e8re professionnelle et efficace. <\/p>\n\n\n\n<p><strong><a href=\"https:\/\/nj-maint.com\/gmao\/fr\/contactez-nous\/\" data-type=\"page\" data-id=\"29\">Contactez-nous<\/a> d\u00e8s aujourd\u2019hui pour en savoir plus sur la fa\u00e7on dont nous pouvons soutenir vos objectifs de gestion de maintenance<\/strong>.<\/p>\n","protected":false},"excerpt":{"rendered":"<p>Nos Services d\u2019Impl\u00e9mentation et d\u2019Optimisation de votre GMAO Pour garantir une mise en \u0153uvre r\u00e9ussie et un fonctionnement optimal de la solution de GMAO NJ-Maintenance au sein de votre organisation, nous proposons une gamme compl\u00e8te de services professionnels. Notre expertise couvre la gestion de projet, l\u2019impl\u00e9mentation du syst\u00e8me, le d\u00e9veloppement de logiciels, l\u2019optimisation des bases de donn\u00e9es et la formation, adapt\u00e9s \u00e0 vos besoins sp\u00e9cifiques. Les services peuvent \u00eatre fournis sur site ou \u00e0 distance, selon vos pr\u00e9f\u00e9rences. Gestion de Projet Une gestion de projet efficace est essentielle pour assurer le succ\u00e8s de l\u2019impl\u00e9mentation de votre GMAO. Notre \u00e9quipe vous accompagne pour : Gr\u00e2ce \u00e0 une approche structur\u00e9e, nous veillons \u00e0 ce que chaque aspect du projet soit align\u00e9 sur vos objectifs strat\u00e9giques. Impl\u00e9mentation Un processus d\u2019impl\u00e9mentation bien planifi\u00e9 et ex\u00e9cut\u00e9 est crucial pour maximiser la valeur de votre GMAO. Nous proposons : Notre approche personnalis\u00e9e garantit une GMAO optimis\u00e9e pour votre environnement op\u00e9rationnel sp\u00e9cifique. D\u00e9veloppement de Logiciels Pour am\u00e9liorer les fonctionnalit\u00e9s de votre GMAO et r\u00e9pondre \u00e0 vos besoins uniques, nous offrons des services de d\u00e9veloppement, notamment : Nos services de d\u00e9veloppement assurent que votre GMAO \u00e9volue avec vos besoins m\u00e9tier. Gestion et Optimisation des Bases de Donn\u00e9es Une base de donn\u00e9es robuste et performante est essentielle pour le bon fonctionnement de votre GMAO. Nous proposons : Nos experts veillent \u00e0 ce que votre infrastructure de donn\u00e9es reste une base solide pour vos op\u00e9rations. Analyse des KPI et des Donn\u00e9es Transformer les donn\u00e9es en informations exploitables est un avantage cl\u00e9 de la GMAO NJ-Maintenance. Nous vous aidons \u00e0 : Avec notre expertise, vous pouvez exploiter tout le potentiel de vos donn\u00e9es pour optimiser vos op\u00e9rations. D\u00e9veloppement d\u2019Interfaces et Int\u00e9gration Une int\u00e9gration transparente \u00e0 votre \u00e9cosyst\u00e8me informatique existant est essentielle pour l\u2019efficacit\u00e9. Nous proposons : Nos solutions d\u2019int\u00e9gration garantissent que votre GMAO fonctionne harmonieusement au sein du paysage num\u00e9rique de votre organisation. Formation et Support Donner \u00e0 votre \u00e9quipe les moyens de r\u00e9ussir est essentiel pour tirer pleinement parti de votre GMAO. Nous proposons : Nos programmes de formation sont con\u00e7us pour renforcer la confiance et la comp\u00e9tence de vos utilisateurs, facilitant ainsi une adoption fluide du syst\u00e8me. Avec notre vaste gamme de services, NJ-Maintenance garantit que chaque aspect de l\u2019impl\u00e9mentation et de l\u2019exploitation de votre GMAO est g\u00e9r\u00e9 de mani\u00e8re professionnelle et efficace. Contactez-nous d\u00e8s aujourd\u2019hui pour en savoir plus sur la fa\u00e7on dont nous pouvons soutenir vos objectifs de gestion de maintenance.<\/p>\n","protected":false},"author":2,"featured_media":0,"parent":0,"menu_order":0,"comment_status":"closed","ping_status":"closed","template":"","meta":{"jetpack_post_was_ever_published":false,"footnotes":""},"class_list":["post-22","page","type-page","status-publish","hentry"],"acf":[],"jetpack_sharing_enabled":true,"_links":{"self":[{"href":"https:\/\/nj-maint.com\/gmao\/wp-json\/wp\/v2\/pages\/22","targetHints":{"allow":["GET"]}}],"collection":[{"href":"https:\/\/nj-maint.com\/gmao\/wp-json\/wp\/v2\/pages"}],"about":[{"href":"https:\/\/nj-maint.com\/gmao\/wp-json\/wp\/v2\/types\/page"}],"author":[{"embeddable":true,"href":"https:\/\/nj-maint.com\/gmao\/wp-json\/wp\/v2\/users\/2"}],"replies":[{"embeddable":true,"href":"https:\/\/nj-maint.com\/gmao\/wp-json\/wp\/v2\/comments?post=22"}],"version-history":[{"count":8,"href":"https:\/\/nj-maint.com\/gmao\/wp-json\/wp\/v2\/pages\/22\/revisions"}],"predecessor-version":[{"id":1334,"href":"https:\/\/nj-maint.com\/gmao\/wp-json\/wp\/v2\/pages\/22\/revisions\/1334"}],"wp:attachment":[{"href":"https:\/\/nj-maint.com\/gmao\/wp-json\/wp\/v2\/media?parent=22"}],"curies":[{"name":"wp","href":"https:\/\/api.w.org\/{rel}","templated":true}]}}