{"id":3,"date":"2018-12-04T22:40:32","date_gmt":"2018-12-04T22:40:32","guid":{"rendered":"https:\/\/nj-maint.com\/gmao\/?page_id=3"},"modified":"2018-12-25T14:29:36","modified_gmt":"2018-12-25T14:29:36","slug":"privacy-policy","status":"publish","type":"page","link":"https:\/\/nj-maint.com\/gmao\/fr\/privacy-policy\/","title":{"rendered":"Termes et conditions d&rsquo;utilisation"},"content":{"rendered":"<h2>Qui sommes-nous?<\/h2>\n<p>Compagnie SSD Ltd.<\/p>\n<p>Depuis plus de 25 ans nous nous sp\u00e9cialisons dans le d\u00e9veloppement de solutions informatiques dans les domaines de la GMAO, maintenance industrielle et de la gestion des op\u00e9rations.<\/p>\n<p>L&rsquo;adresse du site Web est: https:\/\/nj-maint.com\/gmao.<\/p>\n<h2>1 | D\u00e9finitions<\/h2>\n<p>Aux fins des pr\u00e9sentes conditions g\u00e9n\u00e9rales d\u2019utilisation :<\/p>\n<p>\u00ab Contenu \u00bb signifie toute information disponible sur le Site, incluant sans s\u2019y limiter, les logiciels, photos, vid\u00e9os, documents, fichiers, textes, graphiques, musiques, sons, questions, suggestions cr\u00e9atives, messages, commentaires, r\u00e9actions, id\u00e9es, formules, notes, croquis, articles et autres mat\u00e9riaux disponibles sur le Site.<\/p>\n<p>\u00ab Site \u00bb d\u00e9signe le site Internet de SSD Ltd accessible \u00e0 l\u2019adresse : https:\/\/nj-maint.com<\/p>\n<p>\u00ab Conditions G\u00e9n\u00e9rales d\u2019Utilisation \u00bb d\u00e9signe les pr\u00e9sentes conditions d\u2019utilisation qui r\u00e9gissent toute utilisation du Site.<\/p>\n<h2>2 | Objet<\/h2>\n<p>SSD Ltd a cr\u00e9\u00e9 et maintient le Site sur lequel vous pouvez notamment obtenir et partager des informations sur nos produits et services. L\u2019utilisation du Site et de tout Contenu est r\u00e9gie par les pr\u00e9sentes Conditions G\u00e9n\u00e9rales d\u2019Utilisation.<\/p>\n<p>En acc\u00e9dant, t\u00e9l\u00e9chargeant, utilisant le Site et\/ou tout Contenu, vous acceptez sans r\u00e9serve de vous conformer aux Conditions G\u00e9n\u00e9rales d\u2019Utilisation ainsi qu\u2019\u00e0 la Charte de Protection des Donn\u00e9es \u00e0 caract\u00e8re Personnel. Si vous n\u2019acceptez pas l\u2019int\u00e9gralit\u00e9 des Conditions G\u00e9n\u00e9rales d\u2019Utilisation, vous devez cesser imm\u00e9diatement toute utilisation du Site.<\/p>\n<h2>3 | Modification des Conditions G\u00e9n\u00e9rales d\u2019Utilisation<\/h2>\n<p>Nous nous r\u00e9servons le droit, \u00e0 notre seule discr\u00e9tion, de changer, modifier, ajouter ou retirer des mentions aux Conditions G\u00e9n\u00e9rales d\u2019Utilisation \u00e0 tout moment, et ce, sans pr\u00e9avis et sans information expresse de notre part.<\/p>\n<p>Nous vous recommandons par cons\u00e9quent de consulter r\u00e9guli\u00e8rement les Conditions G\u00e9n\u00e9rales d\u2019Utilisation. Toute utilisation du Site cons\u00e9cutive \u00e0 toute modification des Conditions G\u00e9n\u00e9rales d\u2019Utilisation vaut acceptation desdites modifications, que vous en ayez pris connaissance ou non. Si vous n\u2019acceptez pas tout ou partie des modifications apport\u00e9es aux Conditions G\u00e9n\u00e9rales d\u2019Utilisation, vous devez imm\u00e9diatement cesser toute utilisation du Site.<\/p>\n<h2>4 | Utilisation autoris\u00e9e du Site<\/h2>\n<p>Vous \u00eates autoris\u00e9 \u00e0 acc\u00e9der au Site et \u00e0 utiliser son Contenu exclusivement \u00e0 des fins personnelles, informationnelles et non commerciales, dans le respect des Conditions G\u00e9n\u00e9rales d\u2019Utilisation et de la loi applicable.<\/p>\n<p>\u00c0 ce titre, nous vous conc\u00e9dons un droit non exclusif, non transf\u00e9rable, limit\u00e9 \u00e0 l\u2019acc\u00e8s et \u00e0 l\u2019utilisation du Site et de son Contenu uniquement \u00e0 des fins personnelles et non commerciales, \u00e0 condition de vous conformer pleinement aux Conditions G\u00e9n\u00e9rales d\u2019Utilisation. Toute autre utilisation sans le consentement \u00e9crit et pr\u00e9alable de SSD Ltd est interdite et pourrait engager votre responsabilit\u00e9.<\/p>\n<p>Le Contenu est fourni \u00e0 titre informatif uniquement et n\u2019engage pas notre responsabilit\u00e9. Aucune information fournie sur ce Site ne doit \u00eatre consid\u00e9r\u00e9e comme un substitut \u00e0 toute recherche personnelle.<\/p>\n<h2>5 | Propri\u00e9t\u00e9 intellectuelle<\/h2>\n<p>Le Site et son Contenu sont prot\u00e9g\u00e9s par des droits de propri\u00e9t\u00e9 intellectuelle et sont la propri\u00e9t\u00e9 exclusive de SSD Ltd. L\u2019utilisation du Site ne vous conf\u00e8re aucun droit de propri\u00e9t\u00e9 intellectuelle sur le Site ou sur le Contenu. Vous reconnaissez que le Site contient du Contenu prot\u00e9g\u00e9 par des droits de propri\u00e9t\u00e9 intellectuelle tels que le droit d\u2019auteur, le droit sui generis du producteur de bases de donn\u00e9es, les brevets, marques, secret commercial et, ou tout autre droit de propri\u00e9t\u00e9 et que ces droits sont valables et prot\u00e9g\u00e9s sous toutes leurs formes, sur tous leurs supports existants actuellement ou qui viendraient \u00e0 \u00eatre d\u00e9velopp\u00e9s.<\/p>\n<p>Nos partenaires commerciaux, clients, fournisseurs, annonceurs, sponsors, conc\u00e9dants de licence, contractants et autres tiers peuvent \u00e9galement d\u00e9tenir des droits de propri\u00e9t\u00e9 sur le Contenu qu\u2019ils mettent \u00e0 votre disposition sur le Site.<\/p>\n<p>En cons\u00e9quence, vous ne pouvez pas modifier, publier, transmettre, distribuer, vendre, cr\u00e9er des \u0153uvres d\u00e9riv\u00e9es ou exploiter de quelque fa\u00e7on, directement ou indirectement, tout ou partie du Contenu. L\u2019utilisation du Contenu \u00e0 toute autre fin que l\u2019utilisation du Site dans le respect des Conditions G\u00e9n\u00e9rales d\u2019Utilisation est strictement interdite, sauf autorisation \u00e9crite de notre part.<\/p>\n<h2>6 | Indemnisation<\/h2>\n<p>Vous acceptez de d\u00e9fendre et d\u2019indemniser SSD Ltd, nos dirigeants, administrateurs, employ\u00e9s, actionnaires, agents, repr\u00e9sentants et partenaires de et contre toutes r\u00e9clamations, responsabilit\u00e9s, dommages, pertes et d\u00e9penses, y compris les d\u00e9pens et honoraires raisonnables d\u2019avocats, r\u00e9sultant de (i) votre acc\u00e8s ou votre utilisation du Site, (ii) votre violation des Conditions G\u00e9n\u00e9rales d\u2019Utilisation et\/ou de la Charte de Protection des Donn\u00e9es \u00e0 Caract\u00e8re Personnel, (iii) votre violation de tout droit de tiers, y compris mais sans s\u2019y limiter \u00e0 tout droit de propri\u00e9t\u00e9 intellectuelle, notamment les droits sur les marques, les droit d\u2019auteur et droits relatifs \u00e0 leurs donn\u00e9es \u00e0 caract\u00e8re personnel.<\/p>\n<h2>7 | Limitation de garantie<\/h2>\n<p>Tous les contenus, services, produits, mat\u00e9riaux, etc. disponibles sur le Site sont fournis \u201cen l\u2019\u00e9tat\u201d et sans aucune garantie d\u2019aucune sorte.<\/p>\n<p>SSD Ltd ni aucun de nos partenaires ne garantit que le Site ou toute fonctionnalit\u00e9 qu\u2019il contient, sera ininterrompu ou exempt d\u2019inexactitude, d\u2019erreur, d\u2019omission, de virus ou autre probl\u00e8me similaire.<\/p>\n<p>Tout Contenu t\u00e9l\u00e9charg\u00e9 ou autrement obtenu gr\u00e2ce \u00e0 l\u2019utilisation du Site se fait \u00e0 vos seuls risques et vous serez seul responsable de tout dommage r\u00e9sultant de votre utilisation du Site. SSD Ltd ne garantit aucun r\u00e9sultat d\u00e9coulant de l\u2019utilisation de tout logiciel disponible sur le Site.<\/p>\n<h2>8 | Limitation de responsabilit\u00e9<\/h2>\n<p>SSD Ltd ne sera pas tenue responsable de tout dommage indirect ou de toute perte ou pr\u00e9judice indirect et, dans tous les cas, de toute perte de b\u00e9n\u00e9fices ou de revenus, interruption d\u2019activit\u00e9, perte de chance, perte de donn\u00e9es provenant de ou en relation avec l\u2019utilisation, l\u2019incapacit\u00e9 \u00e0 utiliser le Site ou en lien avec \u00e0 tout \u00e9l\u00e9ment disponible sur le Site.<\/p>\n<h2>9 | Liens vers des sites tiers<\/h2>\n<p>Le Site peut contenir des liens vers des sites tiers. Vous devez \u00eatre conscient que ces sites tiers peuvent collecter, utiliser ou transf\u00e9rer vos donn\u00e9es \u00e0 caract\u00e8re personnel en vertu de chartes de protection de donn\u00e9es \u00e0 caract\u00e8re personnel diff\u00e9rentes de celle de SSD Ltd et que nous n\u2019avons aucun contr\u00f4le sur ces sites et leur contenu, ni sur les traitements de vos donn\u00e9es \u00e0 caract\u00e8re personnel qui pourraient y \u00eatre op\u00e9r\u00e9s. \u00c0 cet \u00e9gard, la responsabilit\u00e9 de SSD Ltd ne pourra nullement \u00eatre engag\u00e9e.<\/p>\n<h2>10 | Non-renonciation et nullit\u00e9<\/h2>\n<p>Le fait que SSD Ltd ne se pr\u00e9vale pas \u00e0 un moment donn\u00e9 de tout ou partie des Conditions G\u00e9n\u00e9rales d\u2019Utilisation ne peut \u00eatre interpr\u00e9t\u00e9 comme une quelconque forme de renonciation par SSD Ltd \u00e0 se pr\u00e9valoir ult\u00e9rieurement de tout ou partie des Conditions G\u00e9n\u00e9rales d\u2019Utilisation.<\/p>\n<p>Si l\u2019une des stipulations des Conditions G\u00e9n\u00e9rales d\u2019Utilisation est d\u00e9clar\u00e9e nulle ou inapplicable, l\u2019invalidit\u00e9 de cette stipulation sp\u00e9cifique n\u2019entrainera pas la nullit\u00e9 ou la caducit\u00e9 des autres stipulations des Conditions G\u00e9n\u00e9rales d\u2019Utilisation.<\/p>\n<h2>11 | Loi applicable et juridiction comp\u00e9tente<\/h2>\n<p>Les Conditions G\u00e9n\u00e9rales d\u2019Utilisation sont r\u00e9gies par le droit fran\u00e7ais. Toutes reclamations provenant de ou concernant les conditions g\u00e9n\u00e9rales d\u2019utilisation seront soumises exclusivement au tribunal de commerce de paris, sauf disposition l\u00e9gale imp\u00e9rative contraire.<\/p>\n","protected":false},"excerpt":{"rendered":"<p>Qui sommes-nous? Compagnie SSD Ltd. Depuis plus de 25 ans nous nous sp\u00e9cialisons dans le d\u00e9veloppement de solutions informatiques dans les domaines de la GMAO, maintenance industrielle et de la gestion des op\u00e9rations. L&rsquo;adresse du site Web est: https:\/\/nj-maint.com\/gmao. 1 | D\u00e9finitions Aux fins des pr\u00e9sentes conditions g\u00e9n\u00e9rales d\u2019utilisation : \u00ab Contenu \u00bb signifie toute information disponible sur le Site, incluant sans s\u2019y limiter, les logiciels, photos, vid\u00e9os, documents, fichiers, textes, graphiques, musiques, sons, questions, suggestions cr\u00e9atives, messages, commentaires, r\u00e9actions, id\u00e9es, formules, notes, croquis, articles et autres mat\u00e9riaux disponibles sur le Site. \u00ab Site \u00bb d\u00e9signe le site Internet de SSD Ltd accessible \u00e0 l\u2019adresse : https:\/\/nj-maint.com \u00ab Conditions G\u00e9n\u00e9rales d\u2019Utilisation \u00bb d\u00e9signe les pr\u00e9sentes conditions d\u2019utilisation qui r\u00e9gissent toute utilisation du Site. 2 | Objet SSD Ltd a cr\u00e9\u00e9 et maintient le Site sur lequel vous pouvez notamment obtenir et partager des informations sur nos produits et services. L\u2019utilisation du Site et de tout Contenu est r\u00e9gie par les pr\u00e9sentes Conditions G\u00e9n\u00e9rales d\u2019Utilisation. En acc\u00e9dant, t\u00e9l\u00e9chargeant, utilisant le Site et\/ou tout Contenu, vous acceptez sans r\u00e9serve de vous conformer aux Conditions G\u00e9n\u00e9rales d\u2019Utilisation ainsi qu\u2019\u00e0 la Charte de Protection des Donn\u00e9es \u00e0 caract\u00e8re Personnel. Si vous n\u2019acceptez pas l\u2019int\u00e9gralit\u00e9 des Conditions G\u00e9n\u00e9rales d\u2019Utilisation, vous devez cesser imm\u00e9diatement toute utilisation du Site. 3 | Modification des Conditions G\u00e9n\u00e9rales d\u2019Utilisation Nous nous r\u00e9servons le droit, \u00e0 notre seule discr\u00e9tion, de changer, modifier, ajouter ou retirer des mentions aux Conditions G\u00e9n\u00e9rales d\u2019Utilisation \u00e0 tout moment, et ce, sans pr\u00e9avis et sans information expresse de notre part. Nous vous recommandons par cons\u00e9quent de consulter r\u00e9guli\u00e8rement les Conditions G\u00e9n\u00e9rales d\u2019Utilisation. Toute utilisation du Site cons\u00e9cutive \u00e0 toute modification des Conditions G\u00e9n\u00e9rales d\u2019Utilisation vaut acceptation desdites modifications, que vous en ayez pris connaissance ou non. Si vous n\u2019acceptez pas tout ou partie des modifications apport\u00e9es aux Conditions G\u00e9n\u00e9rales d\u2019Utilisation, vous devez imm\u00e9diatement cesser toute utilisation du Site. 4 | Utilisation autoris\u00e9e du Site Vous \u00eates autoris\u00e9 \u00e0 acc\u00e9der au Site et \u00e0 utiliser son Contenu exclusivement \u00e0 des fins personnelles, informationnelles et non commerciales, dans le respect des Conditions G\u00e9n\u00e9rales d\u2019Utilisation et de la loi applicable. \u00c0 ce titre, nous vous conc\u00e9dons un droit non exclusif, non transf\u00e9rable, limit\u00e9 \u00e0 l\u2019acc\u00e8s et \u00e0 l\u2019utilisation du Site et de son Contenu uniquement \u00e0 des fins personnelles et non commerciales, \u00e0 condition de vous conformer pleinement aux Conditions G\u00e9n\u00e9rales d\u2019Utilisation. Toute autre utilisation sans le consentement \u00e9crit et pr\u00e9alable de SSD Ltd est interdite et pourrait engager votre responsabilit\u00e9. Le Contenu est fourni \u00e0 titre informatif uniquement et n\u2019engage pas notre responsabilit\u00e9. Aucune information fournie sur ce Site ne doit \u00eatre consid\u00e9r\u00e9e comme un substitut \u00e0 toute recherche personnelle. 5 | Propri\u00e9t\u00e9 intellectuelle Le Site et son Contenu sont prot\u00e9g\u00e9s par des droits de propri\u00e9t\u00e9 intellectuelle et sont la propri\u00e9t\u00e9 exclusive de SSD Ltd. L\u2019utilisation du Site ne vous conf\u00e8re aucun droit de propri\u00e9t\u00e9 intellectuelle sur le Site ou sur le Contenu. Vous reconnaissez que le Site contient du Contenu prot\u00e9g\u00e9 par des droits de propri\u00e9t\u00e9 intellectuelle tels que le droit d\u2019auteur, le droit sui generis du producteur de bases de donn\u00e9es, les brevets, marques, secret commercial et, ou tout autre droit de propri\u00e9t\u00e9 et que ces droits sont valables et prot\u00e9g\u00e9s sous toutes leurs formes, sur tous leurs supports existants actuellement ou qui viendraient \u00e0 \u00eatre d\u00e9velopp\u00e9s. Nos partenaires commerciaux, clients, fournisseurs, annonceurs, sponsors, conc\u00e9dants de licence, contractants et autres tiers peuvent \u00e9galement d\u00e9tenir des droits de propri\u00e9t\u00e9 sur le Contenu qu\u2019ils mettent \u00e0 votre disposition sur le Site. En cons\u00e9quence, vous ne pouvez pas modifier, publier, transmettre, distribuer, vendre, cr\u00e9er des \u0153uvres d\u00e9riv\u00e9es ou exploiter de quelque fa\u00e7on, directement ou indirectement, tout ou partie du Contenu. L\u2019utilisation du Contenu \u00e0 toute autre fin que l\u2019utilisation du Site dans le respect des Conditions G\u00e9n\u00e9rales d\u2019Utilisation est strictement interdite, sauf autorisation \u00e9crite de notre part. 6 | Indemnisation Vous acceptez de d\u00e9fendre et d\u2019indemniser SSD Ltd, nos dirigeants, administrateurs, employ\u00e9s, actionnaires, agents, repr\u00e9sentants et partenaires de et contre toutes r\u00e9clamations, responsabilit\u00e9s, dommages, pertes et d\u00e9penses, y compris les d\u00e9pens et honoraires raisonnables d\u2019avocats, r\u00e9sultant de (i) votre acc\u00e8s ou votre utilisation du Site, (ii) votre violation des Conditions G\u00e9n\u00e9rales d\u2019Utilisation et\/ou de la Charte de Protection des Donn\u00e9es \u00e0 Caract\u00e8re Personnel, (iii) votre violation de tout droit de tiers, y compris mais sans s\u2019y limiter \u00e0 tout droit de propri\u00e9t\u00e9 intellectuelle, notamment les droits sur les marques, les droit d\u2019auteur et droits relatifs \u00e0 leurs donn\u00e9es \u00e0 caract\u00e8re personnel. 7 | Limitation de garantie Tous les contenus, services, produits, mat\u00e9riaux, etc. disponibles sur le Site sont fournis \u201cen l\u2019\u00e9tat\u201d et sans aucune garantie d\u2019aucune sorte. SSD Ltd ni aucun de nos partenaires ne garantit que le Site ou toute fonctionnalit\u00e9 qu\u2019il contient, sera ininterrompu ou exempt d\u2019inexactitude, d\u2019erreur, d\u2019omission, de virus ou autre probl\u00e8me similaire. Tout Contenu t\u00e9l\u00e9charg\u00e9 ou autrement obtenu gr\u00e2ce \u00e0 l\u2019utilisation du Site se fait \u00e0 vos seuls risques et vous serez seul responsable de tout dommage r\u00e9sultant de votre utilisation du Site. SSD Ltd ne garantit aucun r\u00e9sultat d\u00e9coulant de l\u2019utilisation de tout logiciel disponible sur le Site. 8 | Limitation de responsabilit\u00e9 SSD Ltd ne sera pas tenue responsable de tout dommage indirect ou de toute perte ou pr\u00e9judice indirect et, dans tous les cas, de toute perte de b\u00e9n\u00e9fices ou de revenus, interruption d\u2019activit\u00e9, perte de chance, perte de donn\u00e9es provenant de ou en relation avec l\u2019utilisation, l\u2019incapacit\u00e9 \u00e0 utiliser le Site ou en lien avec \u00e0 tout \u00e9l\u00e9ment disponible sur le Site. 9 | Liens vers des sites tiers Le Site peut contenir des liens vers des sites tiers. Vous devez \u00eatre conscient que ces sites tiers peuvent collecter, utiliser ou transf\u00e9rer vos donn\u00e9es \u00e0 caract\u00e8re personnel en vertu de chartes de protection de donn\u00e9es \u00e0 caract\u00e8re personnel diff\u00e9rentes de celle de SSD Ltd et que nous n\u2019avons aucun contr\u00f4le sur ces sites et leur contenu, ni sur les traitements de vos donn\u00e9es \u00e0 caract\u00e8re personnel qui pourraient y \u00eatre op\u00e9r\u00e9s. \u00c0 cet \u00e9gard, la responsabilit\u00e9 de SSD Ltd ne pourra nullement \u00eatre engag\u00e9e. 10 | Non-renonciation et nullit\u00e9 Le fait que SSD Ltd ne se pr\u00e9vale pas \u00e0 un moment donn\u00e9 de tout ou partie des Conditions G\u00e9n\u00e9rales d\u2019Utilisation ne peut \u00eatre interpr\u00e9t\u00e9 comme une quelconque forme de renonciation par SSD Ltd \u00e0 se pr\u00e9valoir ult\u00e9rieurement de tout ou partie des Conditions G\u00e9n\u00e9rales d\u2019Utilisation. Si l\u2019une des stipulations des Conditions G\u00e9n\u00e9rales d\u2019Utilisation est d\u00e9clar\u00e9e nulle ou inapplicable, l\u2019invalidit\u00e9 de cette stipulation sp\u00e9cifique n\u2019entrainera pas la nullit\u00e9 ou la caducit\u00e9 des autres stipulations des Conditions G\u00e9n\u00e9rales d\u2019Utilisation. 11 | Loi applicable et juridiction comp\u00e9tente Les Conditions G\u00e9n\u00e9rales d\u2019Utilisation sont r\u00e9gies par le droit fran\u00e7ais. Toutes reclamations provenant de ou concernant les conditions g\u00e9n\u00e9rales d\u2019utilisation seront soumises exclusivement au tribunal de commerce de paris, sauf disposition l\u00e9gale imp\u00e9rative contraire.<\/p>\n","protected":false},"author":2,"featured_media":0,"parent":0,"menu_order":0,"comment_status":"closed","ping_status":"closed","template":"","meta":{"jetpack_post_was_ever_published":false,"footnotes":""},"class_list":["post-3","page","type-page","status-publish","hentry"],"acf":[],"jetpack_sharing_enabled":true,"_links":{"self":[{"href":"https:\/\/nj-maint.com\/gmao\/wp-json\/wp\/v2\/pages\/3","targetHints":{"allow":["GET"]}}],"collection":[{"href":"https:\/\/nj-maint.com\/gmao\/wp-json\/wp\/v2\/pages"}],"about":[{"href":"https:\/\/nj-maint.com\/gmao\/wp-json\/wp\/v2\/types\/page"}],"author":[{"embeddable":true,"href":"https:\/\/nj-maint.com\/gmao\/wp-json\/wp\/v2\/users\/2"}],"replies":[{"embeddable":true,"href":"https:\/\/nj-maint.com\/gmao\/wp-json\/wp\/v2\/comments?post=3"}],"version-history":[{"count":4,"href":"https:\/\/nj-maint.com\/gmao\/wp-json\/wp\/v2\/pages\/3\/revisions"}],"predecessor-version":[{"id":922,"href":"https:\/\/nj-maint.com\/gmao\/wp-json\/wp\/v2\/pages\/3\/revisions\/922"}],"wp:attachment":[{"href":"https:\/\/nj-maint.com\/gmao\/wp-json\/wp\/v2\/media?parent=3"}],"curies":[{"name":"wp","href":"https:\/\/api.w.org\/{rel}","templated":true}]}}