{"id":9,"date":"2018-12-04T23:35:51","date_gmt":"2018-12-04T23:35:51","guid":{"rendered":"https:\/\/nj-maint.com\/gmao\/?page_id=9"},"modified":"2025-01-25T01:37:42","modified_gmt":"2025-01-25T01:37:42","slug":"vue-densemble","status":"publish","type":"page","link":"https:\/\/nj-maint.com\/gmao\/fr\/vue-densemble\/","title":{"rendered":"Vue d\u2019ensemble"},"content":{"rendered":"\n<p>La solution de GMAO NJ vous permet de g\u00e9rer l\u2019ensemble des activit\u00e9s de maintenance de tous les \u00e9quipements, mobiles ou fixes, priv\u00e9s ou publics, immobiliers ou industriels.<\/p>\n\n\n\n<h3 class=\"wp-block-heading\">La GMAO NJ s\u2019articule majoritairement autour de trois grands axes\u00a0:<\/h3>\n\n\n\n<div class=\"wp-block-media-text alignwide is-stacked-on-mobile\" style=\"grid-template-columns:27% auto\"><figure class=\"wp-block-media-text__media\"><img data-recalc-dims=\"1\" fetchpriority=\"high\" decoding=\"async\" width=\"960\" height=\"432\" data-attachment-id=\"72\" data-permalink=\"https:\/\/nj-maint.com\/gmao\/fr\/logo-nj_maint-rgb\/\" data-orig-file=\"https:\/\/i0.wp.com\/nj-maint.com\/gmao\/wp-content\/uploads\/2018\/12\/Logo-NJ_maint-RGB.png?fit=1500%2C675&amp;ssl=1\" data-orig-size=\"1500,675\" data-comments-opened=\"1\" data-image-meta=\"{&quot;aperture&quot;:&quot;0&quot;,&quot;credit&quot;:&quot;&quot;,&quot;camera&quot;:&quot;&quot;,&quot;caption&quot;:&quot;&quot;,&quot;created_timestamp&quot;:&quot;0&quot;,&quot;copyright&quot;:&quot;&quot;,&quot;focal_length&quot;:&quot;0&quot;,&quot;iso&quot;:&quot;0&quot;,&quot;shutter_speed&quot;:&quot;0&quot;,&quot;title&quot;:&quot;&quot;,&quot;orientation&quot;:&quot;0&quot;}\" data-image-title=\"Logo-NJ_maint-RGB\" data-image-description=\"\" data-image-caption=\"\" data-medium-file=\"https:\/\/i0.wp.com\/nj-maint.com\/gmao\/wp-content\/uploads\/2018\/12\/Logo-NJ_maint-RGB.png?fit=300%2C135&amp;ssl=1\" data-large-file=\"https:\/\/i0.wp.com\/nj-maint.com\/gmao\/wp-content\/uploads\/2018\/12\/Logo-NJ_maint-RGB.png?fit=960%2C432&amp;ssl=1\" src=\"https:\/\/i0.wp.com\/nj-maint.com\/gmao\/wp-content\/uploads\/2018\/12\/Logo-NJ_maint-RGB.png?resize=960%2C432&#038;ssl=1\" alt=\"\" class=\"wp-image-72 size-full\" srcset=\"https:\/\/i0.wp.com\/nj-maint.com\/gmao\/wp-content\/uploads\/2018\/12\/Logo-NJ_maint-RGB.png?resize=1024%2C461&amp;ssl=1 1024w, https:\/\/i0.wp.com\/nj-maint.com\/gmao\/wp-content\/uploads\/2018\/12\/Logo-NJ_maint-RGB.png?resize=300%2C135&amp;ssl=1 300w, https:\/\/i0.wp.com\/nj-maint.com\/gmao\/wp-content\/uploads\/2018\/12\/Logo-NJ_maint-RGB.png?resize=768%2C346&amp;ssl=1 768w, https:\/\/i0.wp.com\/nj-maint.com\/gmao\/wp-content\/uploads\/2018\/12\/Logo-NJ_maint-RGB.png?resize=1140%2C513&amp;ssl=1 1140w, https:\/\/i0.wp.com\/nj-maint.com\/gmao\/wp-content\/uploads\/2018\/12\/Logo-NJ_maint-RGB.png?w=1500&amp;ssl=1 1500w\" sizes=\"(max-width: 960px) 100vw, 960px\" \/><\/figure><div class=\"wp-block-media-text__content\">\n<p><strong>NJ-Maintenance<\/strong> &#8211; solution moderne Internet couvrant l\u2019ensemble des besoins de la GMAO: demandes d&rsquo;intervention, bons de travail, gammes de maintenance, \u00e9quipements, suivi des \u00e9quipes, feuilles de temps, planification des activit\u00e9s, inventaires, clients, fournisseurs, devis, g\u00e9olocalisation, r\u00e9servations, suivi des d\u00e9penses, etc.<br><\/p>\n<\/div><\/div>\n\n\n\n<div class=\"wp-block-media-text alignwide is-stacked-on-mobile\" style=\"grid-template-columns:27% auto\"><figure class=\"wp-block-media-text__media\"><img data-recalc-dims=\"1\" decoding=\"async\" width=\"960\" height=\"432\" data-attachment-id=\"82\" data-permalink=\"https:\/\/nj-maint.com\/gmao\/fr\/vue-densemble\/logo-nj_mobile-rgb\/\" data-orig-file=\"https:\/\/i0.wp.com\/nj-maint.com\/gmao\/wp-content\/uploads\/2018\/12\/Logo-NJ_mobile-RGB.png?fit=1500%2C675&amp;ssl=1\" data-orig-size=\"1500,675\" data-comments-opened=\"1\" data-image-meta=\"{&quot;aperture&quot;:&quot;0&quot;,&quot;credit&quot;:&quot;&quot;,&quot;camera&quot;:&quot;&quot;,&quot;caption&quot;:&quot;&quot;,&quot;created_timestamp&quot;:&quot;0&quot;,&quot;copyright&quot;:&quot;&quot;,&quot;focal_length&quot;:&quot;0&quot;,&quot;iso&quot;:&quot;0&quot;,&quot;shutter_speed&quot;:&quot;0&quot;,&quot;title&quot;:&quot;&quot;,&quot;orientation&quot;:&quot;0&quot;}\" data-image-title=\"Logo-NJ_mobile-RGB\" data-image-description=\"\" data-image-caption=\"\" data-medium-file=\"https:\/\/i0.wp.com\/nj-maint.com\/gmao\/wp-content\/uploads\/2018\/12\/Logo-NJ_mobile-RGB.png?fit=300%2C135&amp;ssl=1\" data-large-file=\"https:\/\/i0.wp.com\/nj-maint.com\/gmao\/wp-content\/uploads\/2018\/12\/Logo-NJ_mobile-RGB.png?fit=960%2C432&amp;ssl=1\" src=\"https:\/\/i0.wp.com\/nj-maint.com\/gmao\/wp-content\/uploads\/2018\/12\/Logo-NJ_mobile-RGB.png?resize=960%2C432&#038;ssl=1\" alt=\"\" class=\"wp-image-82 size-full\" srcset=\"https:\/\/i0.wp.com\/nj-maint.com\/gmao\/wp-content\/uploads\/2018\/12\/Logo-NJ_mobile-RGB.png?resize=1024%2C461&amp;ssl=1 1024w, https:\/\/i0.wp.com\/nj-maint.com\/gmao\/wp-content\/uploads\/2018\/12\/Logo-NJ_mobile-RGB.png?resize=300%2C135&amp;ssl=1 300w, https:\/\/i0.wp.com\/nj-maint.com\/gmao\/wp-content\/uploads\/2018\/12\/Logo-NJ_mobile-RGB.png?resize=768%2C346&amp;ssl=1 768w, https:\/\/i0.wp.com\/nj-maint.com\/gmao\/wp-content\/uploads\/2018\/12\/Logo-NJ_mobile-RGB.png?resize=1140%2C513&amp;ssl=1 1140w, https:\/\/i0.wp.com\/nj-maint.com\/gmao\/wp-content\/uploads\/2018\/12\/Logo-NJ_mobile-RGB.png?w=1500&amp;ssl=1 1500w\" sizes=\"(max-width: 960px) 100vw, 960px\" \/><\/figure><div class=\"wp-block-media-text__content\">\n<p><strong>NJ-Mobile<\/strong> &#8211; ensemble d\u2019applications mobiles pour tablettes et t\u00e9l\u00e9phones intelligents qui fonctionnement en mode d\u00e9connect\u00e9 (asynchrone), pour les techniciens en d\u00e9placement, les interventions chez les clients ou pour les sites o\u00f9 il n&rsquo;y a aucune connexion au r\u00e9seau. Gestion des Interventions, Historique des Activit\u00e9s, Gestion des Inventaires, Suivi des Compteurs, Transfert de fichiers, Demandes d&rsquo;intervention, etc.<br><\/p>\n<\/div><\/div>\n\n\n\n<div class=\"wp-block-media-text alignwide is-stacked-on-mobile\" style=\"grid-template-columns:27% auto\"><figure class=\"wp-block-media-text__media\"><img data-recalc-dims=\"1\" decoding=\"async\" width=\"960\" height=\"431\" data-attachment-id=\"92\" data-permalink=\"https:\/\/nj-maint.com\/gmao\/fr\/vue-densemble\/logo-nj_lite-rgb\/\" data-orig-file=\"https:\/\/i0.wp.com\/nj-maint.com\/gmao\/wp-content\/uploads\/2018\/12\/Logo-NJ_lite-RGB.webp?fit=1501%2C675&amp;ssl=1\" data-orig-size=\"1501,675\" data-comments-opened=\"1\" data-image-meta=\"{&quot;aperture&quot;:&quot;0&quot;,&quot;credit&quot;:&quot;&quot;,&quot;camera&quot;:&quot;&quot;,&quot;caption&quot;:&quot;&quot;,&quot;created_timestamp&quot;:&quot;0&quot;,&quot;copyright&quot;:&quot;&quot;,&quot;focal_length&quot;:&quot;0&quot;,&quot;iso&quot;:&quot;0&quot;,&quot;shutter_speed&quot;:&quot;0&quot;,&quot;title&quot;:&quot;&quot;,&quot;orientation&quot;:&quot;0&quot;}\" data-image-title=\"Logo-NJ_lite-RGB\" data-image-description=\"\" data-image-caption=\"\" data-medium-file=\"https:\/\/i0.wp.com\/nj-maint.com\/gmao\/wp-content\/uploads\/2018\/12\/Logo-NJ_lite-RGB.webp?fit=300%2C135&amp;ssl=1\" data-large-file=\"https:\/\/i0.wp.com\/nj-maint.com\/gmao\/wp-content\/uploads\/2018\/12\/Logo-NJ_lite-RGB.webp?fit=960%2C431&amp;ssl=1\" src=\"https:\/\/i0.wp.com\/nj-maint.com\/gmao\/wp-content\/uploads\/2018\/12\/Logo-NJ_lite-RGB.png?resize=960%2C431&#038;ssl=1\" alt=\"\" class=\"wp-image-92 size-full\" srcset=\"https:\/\/i0.wp.com\/nj-maint.com\/gmao\/wp-content\/uploads\/2018\/12\/Logo-NJ_lite-RGB.webp?resize=1024%2C460&amp;ssl=1 1024w, https:\/\/i0.wp.com\/nj-maint.com\/gmao\/wp-content\/uploads\/2018\/12\/Logo-NJ_lite-RGB.webp?resize=300%2C135&amp;ssl=1 300w, https:\/\/i0.wp.com\/nj-maint.com\/gmao\/wp-content\/uploads\/2018\/12\/Logo-NJ_lite-RGB.webp?resize=768%2C345&amp;ssl=1 768w, https:\/\/i0.wp.com\/nj-maint.com\/gmao\/wp-content\/uploads\/2018\/12\/Logo-NJ_lite-RGB.webp?resize=1140%2C513&amp;ssl=1 1140w, https:\/\/i0.wp.com\/nj-maint.com\/gmao\/wp-content\/uploads\/2018\/12\/Logo-NJ_lite-RGB.webp?w=1501&amp;ssl=1 1501w\" sizes=\"(max-width: 960px) 100vw, 960px\" \/><\/figure><div class=\"wp-block-media-text__content\">\n<p><strong>NJ-Lite<\/strong> &#8211; portail Web enti\u00e8rement configurable permettant d\u2019\u00e9changer de l\u2019information avec les clients et les fournisseurs comme la d\u00e9claration et le suivi de demandes d\u2019intervention, la publication de rapports et d\u2019indicateurs de performance, etc.<\/p>\n<\/div><\/div>\n\n\n\n<p><\/p>\n","protected":false},"excerpt":{"rendered":"<p>La solution de GMAO NJ vous permet de g\u00e9rer l\u2019ensemble des activit\u00e9s de maintenance de tous les \u00e9quipements, mobiles ou fixes, priv\u00e9s ou publics, immobiliers ou industriels. La GMAO NJ s\u2019articule majoritairement autour de trois grands axes\u00a0: NJ-Maintenance &#8211; solution moderne Internet couvrant l\u2019ensemble des besoins de la GMAO: demandes d&rsquo;intervention, bons de travail, gammes de maintenance, \u00e9quipements, suivi des \u00e9quipes, feuilles de temps, planification des activit\u00e9s, inventaires, clients, fournisseurs, devis, g\u00e9olocalisation, r\u00e9servations, suivi des d\u00e9penses, etc. NJ-Mobile &#8211; ensemble d\u2019applications mobiles pour tablettes et t\u00e9l\u00e9phones intelligents qui fonctionnement en mode d\u00e9connect\u00e9 (asynchrone), pour les techniciens en d\u00e9placement, les interventions chez les clients ou pour les sites o\u00f9 il n&rsquo;y a aucune connexion au r\u00e9seau. Gestion des Interventions, Historique des Activit\u00e9s, Gestion des Inventaires, Suivi des Compteurs, Transfert de fichiers, Demandes d&rsquo;intervention, etc. NJ-Lite &#8211; portail Web enti\u00e8rement configurable permettant d\u2019\u00e9changer de l\u2019information avec les clients et les fournisseurs comme la d\u00e9claration et le suivi de demandes d\u2019intervention, la publication de rapports et d\u2019indicateurs de performance, etc.<\/p>\n","protected":false},"author":2,"featured_media":0,"parent":0,"menu_order":0,"comment_status":"closed","ping_status":"closed","template":"","meta":{"jetpack_post_was_ever_published":false,"footnotes":""},"class_list":["post-9","page","type-page","status-publish","hentry"],"acf":[],"jetpack_sharing_enabled":true,"_links":{"self":[{"href":"https:\/\/nj-maint.com\/gmao\/wp-json\/wp\/v2\/pages\/9","targetHints":{"allow":["GET"]}}],"collection":[{"href":"https:\/\/nj-maint.com\/gmao\/wp-json\/wp\/v2\/pages"}],"about":[{"href":"https:\/\/nj-maint.com\/gmao\/wp-json\/wp\/v2\/types\/page"}],"author":[{"embeddable":true,"href":"https:\/\/nj-maint.com\/gmao\/wp-json\/wp\/v2\/users\/2"}],"replies":[{"embeddable":true,"href":"https:\/\/nj-maint.com\/gmao\/wp-json\/wp\/v2\/comments?post=9"}],"version-history":[{"count":10,"href":"https:\/\/nj-maint.com\/gmao\/wp-json\/wp\/v2\/pages\/9\/revisions"}],"predecessor-version":[{"id":1343,"href":"https:\/\/nj-maint.com\/gmao\/wp-json\/wp\/v2\/pages\/9\/revisions\/1343"}],"wp:attachment":[{"href":"https:\/\/nj-maint.com\/gmao\/wp-json\/wp\/v2\/media?parent=9"}],"curies":[{"name":"wp","href":"https:\/\/api.w.org\/{rel}","templated":true}]}}