{"id":958,"date":"2023-05-25T18:13:47","date_gmt":"2023-05-25T18:13:47","guid":{"rendered":"https:\/\/nj-maint.com\/gmao\/vue-densemble-portugues\/"},"modified":"2025-01-25T01:45:01","modified_gmt":"2025-01-25T01:45:01","slug":"vue-densemble-portugues","status":"publish","type":"page","link":"https:\/\/nj-maint.com\/gmao\/pt\/vue-densemble-portugues\/","title":{"rendered":"Vis\u00e3o geral"},"content":{"rendered":"\n<p>A solu\u00e7\u00e3o de GMAC NJ permite gerir todas as atividades de manuten\u00e7\u00e3o de todos os tipos de equipamentos, sejam eles m\u00f3veis ou fixos, privados ou p\u00fablicos, nos setores imobili\u00e1rio ou industrial.<\/p>\n\n\n\n<h4 class=\"wp-block-heading\">A GMAC NJ gira principalmente em torno de tr\u00eas pilares principais:<\/h4>\n\n\n\n<p><strong>NJ-Maintenance<\/strong>: uma solu\u00e7\u00e3o moderna baseada na Internet que abrange todas as necessidades de GMAC: pedidos de interven\u00e7\u00e3o, ordens de servi\u00e7o, planeamento de manuten\u00e7\u00e3o, gest\u00e3o de equipamentos, agendamento de atividades, invent\u00e1rio, geolocaliza\u00e7\u00e3o, clientes, fornecedores, cota\u00e7\u00f5es, etc.<\/p>\n\n\n\n<p><strong>NJ-Mobile<\/strong>: um conjunto de aplicativos m\u00f3veis para tablets e smartphones que funcionam offline (de forma ass\u00edncrona) para apoiar t\u00e9cnicos em movimento, interven\u00e7\u00f5es em clientes ou locais sem conectividade de rede.<\/p>\n\n\n\n<p><strong>NJ-Lite<\/strong>: um portal web totalmente configur\u00e1vel para troca de informa\u00e7\u00f5es com clientes e fornecedores, permitindo a declara\u00e7\u00e3o e acompanhamento de pedidos de interven\u00e7\u00e3o, publica\u00e7\u00e3o de relat\u00f3rios e indicadores de desempenho, entre outras funcionalidades.<\/p>\n","protected":false},"excerpt":{"rendered":"<p>A solu\u00e7\u00e3o de GMAC NJ permite gerir todas as atividades de manuten\u00e7\u00e3o de todos os tipos de equipamentos, sejam eles m\u00f3veis ou fixos, privados ou p\u00fablicos, nos setores imobili\u00e1rio ou industrial. A GMAC NJ gira principalmente em torno de tr\u00eas pilares principais: NJ-Maintenance: uma solu\u00e7\u00e3o moderna baseada na Internet que abrange todas as necessidades de GMAC: pedidos de interven\u00e7\u00e3o, ordens de servi\u00e7o, planeamento de manuten\u00e7\u00e3o, gest\u00e3o de equipamentos, agendamento de atividades, invent\u00e1rio, geolocaliza\u00e7\u00e3o, clientes, fornecedores, cota\u00e7\u00f5es, etc. NJ-Mobile: um conjunto de aplicativos m\u00f3veis para tablets e smartphones que funcionam offline (de forma ass\u00edncrona) para apoiar t\u00e9cnicos em movimento, interven\u00e7\u00f5es em clientes ou locais sem conectividade de rede. NJ-Lite: um portal web totalmente configur\u00e1vel para troca de informa\u00e7\u00f5es com clientes e fornecedores, permitindo a declara\u00e7\u00e3o e acompanhamento de pedidos de interven\u00e7\u00e3o, publica\u00e7\u00e3o de relat\u00f3rios e indicadores de desempenho, entre outras funcionalidades.<\/p>\n","protected":false},"author":2,"featured_media":0,"parent":0,"menu_order":0,"comment_status":"closed","ping_status":"closed","template":"","meta":{"jetpack_post_was_ever_published":false,"footnotes":""},"class_list":["post-958","page","type-page","status-publish","hentry"],"acf":[],"jetpack_sharing_enabled":true,"_links":{"self":[{"href":"https:\/\/nj-maint.com\/gmao\/wp-json\/wp\/v2\/pages\/958","targetHints":{"allow":["GET"]}}],"collection":[{"href":"https:\/\/nj-maint.com\/gmao\/wp-json\/wp\/v2\/pages"}],"about":[{"href":"https:\/\/nj-maint.com\/gmao\/wp-json\/wp\/v2\/types\/page"}],"author":[{"embeddable":true,"href":"https:\/\/nj-maint.com\/gmao\/wp-json\/wp\/v2\/users\/2"}],"replies":[{"embeddable":true,"href":"https:\/\/nj-maint.com\/gmao\/wp-json\/wp\/v2\/comments?post=958"}],"version-history":[{"count":4,"href":"https:\/\/nj-maint.com\/gmao\/wp-json\/wp\/v2\/pages\/958\/revisions"}],"predecessor-version":[{"id":1348,"href":"https:\/\/nj-maint.com\/gmao\/wp-json\/wp\/v2\/pages\/958\/revisions\/1348"}],"wp:attachment":[{"href":"https:\/\/nj-maint.com\/gmao\/wp-json\/wp\/v2\/media?parent=958"}],"curies":[{"name":"wp","href":"https:\/\/api.w.org\/{rel}","templated":true}]}}