{"id":983,"date":"2023-05-26T16:15:35","date_gmt":"2023-05-26T16:15:35","guid":{"rendered":"https:\/\/nj-maint.com\/gmao\/?page_id=983"},"modified":"2025-01-28T18:55:19","modified_gmt":"2025-01-28T18:55:19","slug":"langues","status":"publish","type":"page","link":"https:\/\/nj-maint.com\/gmao\/fr\/langues\/","title":{"rendered":"Langues"},"content":{"rendered":"\n<h4 class=\"wp-block-heading has-text-align-center\">NJ-Maintenance la solution de GMAO sp\u00e9cialement con\u00e7ue pour s&rsquo;adapter \u00e0 vos besoins<\/h4>\n\n\n\n<p>Une des fonctionnalit\u00e9s les plus distinctives de <strong>NJ-Maintenance<\/strong> est son support <strong>multilingue<\/strong>.<\/p>\n\n\n\n<p>La diversit\u00e9 linguistique est une r\u00e9alit\u00e9 in\u00e9vitable dans les entreprises internationales d&rsquo;aujourd&rsquo;hui. C&rsquo;est pourquoi nous avons con\u00e7u <strong>NJ-Maintenance<\/strong> pour \u00eatre aussi diversifi\u00e9 que votre \u00e9quipe. Non seulement notre logiciel <strong>GMAO <\/strong>peut prendre en charge <strong>autant de langues que n\u00e9cessaire<\/strong>, mais vous pouvez \u00e9galement attribuer certaines langues \u00e0 des utilisateurs sp\u00e9cifiques. Cette flexibilit\u00e9 garantit que chaque membre de votre \u00e9quipe peut travailler dans la langue qu&rsquo;il ma\u00eetrise le mieux, augmentant ainsi l&rsquo;efficacit\u00e9 et r\u00e9duisant les erreurs de communication.<\/p>\n\n\n\n<p>Cr\u00e9er une nouvelle langue dans le syst\u00e8me <strong>NJ-Maintenance<\/strong> est un jeu d&rsquo;enfant. Avec notre interface intuitive, vous pouvez ajouter une nouvelle langue en quelques clics. Notre \u00e9quipe d&rsquo;assistance est toujours disponible pour vous guider tout au long du processus, garantissant ainsi une transition en douceur vers votre nouvel environnement linguistique.<\/p>\n\n\n\n<p>Nous comprenons que chaque entreprise est unique et qu&rsquo;elle a des besoins diff\u00e9rents. Que vous soyez une petite entreprise locale qui a besoin de deux langues ou une multinationale qui op\u00e8re dans des dizaines de pays, <strong>NJ-Maintenance est l\u00e0 pour vous aider \u00e0 simplifier la gestion de la maintenance<\/strong>.<\/p>\n\n\n\n<p>En choisissant <strong>NJ-Maintenance<\/strong>, vous optez pour un logiciel GMAO qui valorise la diversit\u00e9, encourage la collaboration et favorise l&rsquo;efficacit\u00e9. Commencez d\u00e8s aujourd&rsquo;hui \u00e0 tirer parti de notre support multilingue et observez comment il peut transformer la fa\u00e7on dont votre \u00e9quipe g\u00e8re la maintenance.<\/p>\n\n\n\n<p>Pour plus d&rsquo;informations sur notre support multilingue et d&rsquo;autres fonctionnalit\u00e9s de <strong>NJ-Maintenance<\/strong>, n&rsquo;h\u00e9sitez pas \u00e0 <strong><a href=\"https:\/\/nj-maint.com\/gmao\/fr\/contactez-nous\/\" data-type=\"page\" data-id=\"29\">nous contacter<\/a><\/strong>. Nous sommes impatients de vous aider \u00e0 faire passer votre gestion de la maintenance au niveau sup\u00e9rieur.<\/p>\n","protected":false},"excerpt":{"rendered":"<p>NJ-Maintenance la solution de GMAO sp\u00e9cialement con\u00e7ue pour s&rsquo;adapter \u00e0 vos besoins Une des fonctionnalit\u00e9s les plus distinctives de NJ-Maintenance est son support multilingue. La diversit\u00e9 linguistique est une r\u00e9alit\u00e9 in\u00e9vitable dans les entreprises internationales d&rsquo;aujourd&rsquo;hui. C&rsquo;est pourquoi nous avons con\u00e7u NJ-Maintenance pour \u00eatre aussi diversifi\u00e9 que votre \u00e9quipe. Non seulement notre logiciel GMAO peut prendre en charge autant de langues que n\u00e9cessaire, mais vous pouvez \u00e9galement attribuer certaines langues \u00e0 des utilisateurs sp\u00e9cifiques. Cette flexibilit\u00e9 garantit que chaque membre de votre \u00e9quipe peut travailler dans la langue qu&rsquo;il ma\u00eetrise le mieux, augmentant ainsi l&rsquo;efficacit\u00e9 et r\u00e9duisant les erreurs de communication. Cr\u00e9er une nouvelle langue dans le syst\u00e8me NJ-Maintenance est un jeu d&rsquo;enfant. Avec notre interface intuitive, vous pouvez ajouter une nouvelle langue en quelques clics. Notre \u00e9quipe d&rsquo;assistance est toujours disponible pour vous guider tout au long du processus, garantissant ainsi une transition en douceur vers votre nouvel environnement linguistique. Nous comprenons que chaque entreprise est unique et qu&rsquo;elle a des besoins diff\u00e9rents. Que vous soyez une petite entreprise locale qui a besoin de deux langues ou une multinationale qui op\u00e8re dans des dizaines de pays, NJ-Maintenance est l\u00e0 pour vous aider \u00e0 simplifier la gestion de la maintenance. En choisissant NJ-Maintenance, vous optez pour un logiciel GMAO qui valorise la diversit\u00e9, encourage la collaboration et favorise l&rsquo;efficacit\u00e9. Commencez d\u00e8s aujourd&rsquo;hui \u00e0 tirer parti de notre support multilingue et observez comment il peut transformer la fa\u00e7on dont votre \u00e9quipe g\u00e8re la maintenance. Pour plus d&rsquo;informations sur notre support multilingue et d&rsquo;autres fonctionnalit\u00e9s de NJ-Maintenance, n&rsquo;h\u00e9sitez pas \u00e0 nous contacter. Nous sommes impatients de vous aider \u00e0 faire passer votre gestion de la maintenance au niveau sup\u00e9rieur.<\/p>\n","protected":false},"author":2,"featured_media":0,"parent":0,"menu_order":0,"comment_status":"closed","ping_status":"closed","template":"","meta":{"jetpack_post_was_ever_published":false,"footnotes":""},"class_list":["post-983","page","type-page","status-publish","hentry"],"acf":[],"jetpack_sharing_enabled":true,"_links":{"self":[{"href":"https:\/\/nj-maint.com\/gmao\/wp-json\/wp\/v2\/pages\/983","targetHints":{"allow":["GET"]}}],"collection":[{"href":"https:\/\/nj-maint.com\/gmao\/wp-json\/wp\/v2\/pages"}],"about":[{"href":"https:\/\/nj-maint.com\/gmao\/wp-json\/wp\/v2\/types\/page"}],"author":[{"embeddable":true,"href":"https:\/\/nj-maint.com\/gmao\/wp-json\/wp\/v2\/users\/2"}],"replies":[{"embeddable":true,"href":"https:\/\/nj-maint.com\/gmao\/wp-json\/wp\/v2\/comments?post=983"}],"version-history":[{"count":2,"href":"https:\/\/nj-maint.com\/gmao\/wp-json\/wp\/v2\/pages\/983\/revisions"}],"predecessor-version":[{"id":1450,"href":"https:\/\/nj-maint.com\/gmao\/wp-json\/wp\/v2\/pages\/983\/revisions\/1450"}],"wp:attachment":[{"href":"https:\/\/nj-maint.com\/gmao\/wp-json\/wp\/v2\/media?parent=983"}],"curies":[{"name":"wp","href":"https:\/\/api.w.org\/{rel}","templated":true}]}}